{"id":352,"date":"2020-11-01T20:48:06","date_gmt":"2020-11-01T20:48:06","guid":{"rendered":"https:\/\/www.gelisencocugum.com\/TR\/?page_id=352"},"modified":"2020-11-02T09:39:21","modified_gmt":"2020-11-02T09:39:21","slug":"makaleler","status":"publish","type":"page","link":"https:\/\/www.gelisencocugum.com\/TR\/makaleler\/","title":{"rendered":"Makaleler"},"content":{"rendered":"\t\t<div data-elementor-type=\"wp-page\" data-elementor-id=\"352\" class=\"elementor elementor-352\" data-elementor-settings=\"[]\">\n\t\t\t\t\t\t<div class=\"elementor-inner\">\n\t\t\t\t\t\t\t<div class=\"elementor-section-wrap\">\n\t\t\t\t\t\t\t<section data-particle_enable=\"false\" data-particle-mobile-disabled=\"false\" class=\"elementor-section elementor-top-section elementor-element elementor-element-ae1beda elementor-section-boxed elementor-section-height-default elementor-section-height-default\" data-id=\"ae1beda\" data-element_type=\"section\">\n\t\t\t\t\t\t<div class=\"elementor-container elementor-column-gap-default\">\n\t\t\t\t\t\t\t<div class=\"elementor-row\">\n\t\t\t\t\t<div class=\"elementor-column elementor-col-100 elementor-top-column elementor-element elementor-element-d44852a\" data-id=\"d44852a\" data-element_type=\"column\">\n\t\t\t<div class=\"elementor-column-wrap elementor-element-populated\">\n\t\t\t\t\t\t\t<div class=\"elementor-widget-wrap\">\n\t\t\t\t\t\t<div class=\"elementor-element elementor-element-a97c2ba elementor-grid-3 elementor-grid-tablet-2 elementor-grid-mobile-1 elementor-posts--thumbnail-top elementor-card-shadow-yes elementor-posts__hover-gradient elementor-widget elementor-widget-posts\" data-id=\"a97c2ba\" data-element_type=\"widget\" data-settings=\"{&quot;pagination_type&quot;:&quot;numbers&quot;,&quot;cards_columns&quot;:&quot;3&quot;,&quot;cards_columns_tablet&quot;:&quot;2&quot;,&quot;cards_columns_mobile&quot;:&quot;1&quot;,&quot;cards_row_gap&quot;:{&quot;unit&quot;:&quot;px&quot;,&quot;size&quot;:35,&quot;sizes&quot;:[]},&quot;cards_row_gap_tablet&quot;:{&quot;unit&quot;:&quot;px&quot;,&quot;size&quot;:&quot;&quot;,&quot;sizes&quot;:[]},&quot;cards_row_gap_mobile&quot;:{&quot;unit&quot;:&quot;px&quot;,&quot;size&quot;:&quot;&quot;,&quot;sizes&quot;:[]}}\" data-widget_type=\"posts.cards\">\n\t\t\t\t<div class=\"elementor-widget-container\">\n\t\t\t\t\t<div class=\"elementor-posts-container elementor-posts elementor-posts--skin-cards elementor-grid\">\n\t\t\t\t<article class=\"elementor-post elementor-grid-item post-457 post type-post status-publish format-standard has-post-thumbnail hentry category-makaleler\">\n\t\t\t<div class=\"elementor-post__card\">\n\t\t\t\t<a class=\"elementor-post__thumbnail__link\" href=\"https:\/\/www.gelisencocugum.com\/TR\/2020\/11\/10\/kitap-okumanin-yasi-var-midir\/\" ><div class=\"elementor-post__thumbnail\"><img width=\"225\" height=\"300\" src=\"https:\/\/i2.wp.com\/www.gelisencocugum.com\/TR\/wp-content\/uploads\/2020\/11\/kitap_okumanin_yasi_varmi.jpg?fit=225%2C300&amp;ssl=1\" class=\"attachment-medium size-medium\" alt=\"Kitap Okuman\u0131n Ya\u015f\u0131 Var M\u0131d\u0131r?\" loading=\"lazy\" srcset=\"https:\/\/i2.wp.com\/www.gelisencocugum.com\/TR\/wp-content\/uploads\/2020\/11\/kitap_okumanin_yasi_varmi.jpg?w=350&amp;ssl=1 350w, https:\/\/i2.wp.com\/www.gelisencocugum.com\/TR\/wp-content\/uploads\/2020\/11\/kitap_okumanin_yasi_varmi.jpg?resize=225%2C300&amp;ssl=1 225w\" sizes=\"(max-width: 225px) 100vw, 225px\" \/><\/div><\/a>\n\t\t\t\t<div class=\"elementor-post__text\">\n\t\t\t\t<h3 class=\"elementor-post__title\">\n\t\t\t<a href=\"https:\/\/www.gelisencocugum.com\/TR\/2020\/11\/10\/kitap-okumanin-yasi-var-midir\/\" >\n\t\t\t\tKitap Okuman\u0131n Ya\u015f\u0131 Var M\u0131d\u0131r?\t\t\t<\/a>\n\t\t<\/h3>\n\t\t\t\t<div class=\"elementor-post__excerpt\">\n\t\t\t<p>Kitap Okuman\u0131n Ya\u015f\u0131 Var M\u0131d\u0131r? Bebe\u011fime Kitap Okunurken Nelere Dikkat Etmeliyim? Dil kazan\u0131m\u0131 \u00e7al\u0131\u015fmalar\u0131nda en yayg\u0131n olarak temsil edilen durumsal ba\u011flamlar aras\u0131nda kitap okuma gelmektedir.<\/p>\n\t\t<\/div>\n\t\t\t\t\t<a class=\"elementor-post__read-more\" href=\"https:\/\/www.gelisencocugum.com\/TR\/2020\/11\/10\/kitap-okumanin-yasi-var-midir\/\" >\n\t\t\t\tMakalemizin devam\u0131 \u00bb\t\t\t<\/a>\n\t\t\t\t<\/div>\n\t\t\t\t\t<\/div>\n\t\t<\/article>\n\t\t\t\t<article class=\"elementor-post elementor-grid-item post-453 post type-post status-publish format-standard has-post-thumbnail hentry category-makaleler\">\n\t\t\t<div class=\"elementor-post__card\">\n\t\t\t\t<a class=\"elementor-post__thumbnail__link\" href=\"https:\/\/www.gelisencocugum.com\/TR\/2020\/11\/10\/cocugun-gelisiminin-duzenli-takip-edilmesi-ne-kazandirir\/\" ><div class=\"elementor-post__thumbnail\"><img width=\"300\" height=\"225\" src=\"https:\/\/i1.wp.com\/www.gelisencocugum.com\/TR\/wp-content\/uploads\/2020\/11\/cocuk_gelisiminin_duzenli_takibi.jpg?fit=300%2C225&amp;ssl=1\" class=\"attachment-medium size-medium\" alt=\"\u00c7ocu\u011fun Geli\u015fiminin D\u00fczenli Takip Edilmesi Ne Kazand\u0131r\u0131r?\" loading=\"lazy\" srcset=\"https:\/\/i1.wp.com\/www.gelisencocugum.com\/TR\/wp-content\/uploads\/2020\/11\/cocuk_gelisiminin_duzenli_takibi.jpg?w=1059&amp;ssl=1 1059w, https:\/\/i1.wp.com\/www.gelisencocugum.com\/TR\/wp-content\/uploads\/2020\/11\/cocuk_gelisiminin_duzenli_takibi.jpg?resize=600%2C450&amp;ssl=1 600w, https:\/\/i1.wp.com\/www.gelisencocugum.com\/TR\/wp-content\/uploads\/2020\/11\/cocuk_gelisiminin_duzenli_takibi.jpg?resize=300%2C225&amp;ssl=1 300w, https:\/\/i1.wp.com\/www.gelisencocugum.com\/TR\/wp-content\/uploads\/2020\/11\/cocuk_gelisiminin_duzenli_takibi.jpg?resize=1024%2C768&amp;ssl=1 1024w, https:\/\/i1.wp.com\/www.gelisencocugum.com\/TR\/wp-content\/uploads\/2020\/11\/cocuk_gelisiminin_duzenli_takibi.jpg?resize=768%2C576&amp;ssl=1 768w, https:\/\/i1.wp.com\/www.gelisencocugum.com\/TR\/wp-content\/uploads\/2020\/11\/cocuk_gelisiminin_duzenli_takibi.jpg?resize=500%2C375&amp;ssl=1 500w\" sizes=\"(max-width: 300px) 100vw, 300px\" \/><\/div><\/a>\n\t\t\t\t<div class=\"elementor-post__text\">\n\t\t\t\t<h3 class=\"elementor-post__title\">\n\t\t\t<a href=\"https:\/\/www.gelisencocugum.com\/TR\/2020\/11\/10\/cocugun-gelisiminin-duzenli-takip-edilmesi-ne-kazandirir\/\" >\n\t\t\t\t\u00c7ocu\u011fun Geli\u015fiminin D\u00fczenli Takip Edilmesi Ne Kazand\u0131r\u0131r?\t\t\t<\/a>\n\t\t<\/h3>\n\t\t\t\t<div class=\"elementor-post__excerpt\">\n\t\t\t<p>\u00c7ocu\u011fun Geli\u015fiminin D\u00fczenli Takip Edilmesi Ne Kazand\u0131r\u0131r? Erken \u00e7ocukluk d\u00f6neminde sa\u011fl\u0131kl\u0131 sosyal ve duygusal geli\u015fim, okula haz\u0131rl\u0131k ve ileriye y\u00f6nelik olumlu sonu\u00e7lar i\u00e7in b\u00fcy\u00fck \u00f6nem<\/p>\n\t\t<\/div>\n\t\t\t\t\t<a class=\"elementor-post__read-more\" href=\"https:\/\/www.gelisencocugum.com\/TR\/2020\/11\/10\/cocugun-gelisiminin-duzenli-takip-edilmesi-ne-kazandirir\/\" >\n\t\t\t\tMakalemizin devam\u0131 \u00bb\t\t\t<\/a>\n\t\t\t\t<\/div>\n\t\t\t\t\t<\/div>\n\t\t<\/article>\n\t\t\t\t<article class=\"elementor-post elementor-grid-item post-1 post type-post status-publish format-standard has-post-thumbnail hentry category-makaleler\">\n\t\t\t<div class=\"elementor-post__card\">\n\t\t\t\t<a class=\"elementor-post__thumbnail__link\" href=\"https:\/\/www.gelisencocugum.com\/TR\/2020\/10\/29\/riskli-oyun\/\" ><div class=\"elementor-post__thumbnail\"><img width=\"300\" height=\"300\" src=\"https:\/\/i2.wp.com\/www.gelisencocugum.com\/TR\/wp-content\/uploads\/2020\/10\/Riskli-Oyun.jpeg?fit=300%2C300&amp;ssl=1\" class=\"attachment-medium size-medium\" alt=\"\" loading=\"lazy\" srcset=\"https:\/\/i2.wp.com\/www.gelisencocugum.com\/TR\/wp-content\/uploads\/2020\/10\/Riskli-Oyun.jpeg?w=667&amp;ssl=1 667w, https:\/\/i2.wp.com\/www.gelisencocugum.com\/TR\/wp-content\/uploads\/2020\/10\/Riskli-Oyun.jpeg?resize=300%2C300&amp;ssl=1 300w, https:\/\/i2.wp.com\/www.gelisencocugum.com\/TR\/wp-content\/uploads\/2020\/10\/Riskli-Oyun.jpeg?resize=100%2C100&amp;ssl=1 100w, https:\/\/i2.wp.com\/www.gelisencocugum.com\/TR\/wp-content\/uploads\/2020\/10\/Riskli-Oyun.jpeg?resize=600%2C597&amp;ssl=1 600w, https:\/\/i2.wp.com\/www.gelisencocugum.com\/TR\/wp-content\/uploads\/2020\/10\/Riskli-Oyun.jpeg?resize=150%2C150&amp;ssl=1 150w, https:\/\/i2.wp.com\/www.gelisencocugum.com\/TR\/wp-content\/uploads\/2020\/10\/Riskli-Oyun.jpeg?resize=80%2C80&amp;ssl=1 80w\" sizes=\"(max-width: 300px) 100vw, 300px\" \/><\/div><\/a>\n\t\t\t\t<div class=\"elementor-post__text\">\n\t\t\t\t<h3 class=\"elementor-post__title\">\n\t\t\t<a href=\"https:\/\/www.gelisencocugum.com\/TR\/2020\/10\/29\/riskli-oyun\/\" >\n\t\t\t\tRiskli Oyun\t\t\t<\/a>\n\t\t<\/h3>\n\t\t\t\t<div class=\"elementor-post__excerpt\">\n\t\t\t<p>Riskli Oyun Riskli oyun hep mi risklidir, faydal\u0131 da olabilir mi? Riskli oyun, \u00e7ocuklar\u0131n yeni beceriler \u00f6\u011frenebilecekleri, daha \u00f6nce yapmad\u0131klar\u0131 bir \u015feyleri deneyimleyebilecekleri, yapabileceklerini test<\/p>\n\t\t<\/div>\n\t\t\t\t\t<a class=\"elementor-post__read-more\" href=\"https:\/\/www.gelisencocugum.com\/TR\/2020\/10\/29\/riskli-oyun\/\" >\n\t\t\t\tMakalemizin devam\u0131 \u00bb\t\t\t<\/a>\n\t\t\t\t<\/div>\n\t\t\t\t\t<\/div>\n\t\t<\/article>\n\t\t\t\t<article class=\"elementor-post elementor-grid-item post-18 post type-post status-publish format-standard has-post-thumbnail hentry category-makaleler\">\n\t\t\t<div class=\"elementor-post__card\">\n\t\t\t\t<a class=\"elementor-post__thumbnail__link\" href=\"https:\/\/www.gelisencocugum.com\/TR\/2017\/08\/14\/animasyon-filmlerinin-etkisi\/\" ><div class=\"elementor-post__thumbnail\"><img width=\"286\" height=\"300\" src=\"https:\/\/i0.wp.com\/www.gelisencocugum.com\/TR\/wp-content\/uploads\/2020\/10\/Animasyon.jpeg?fit=286%2C300&amp;ssl=1\" class=\"attachment-medium size-medium\" alt=\"\" loading=\"lazy\" srcset=\"https:\/\/i0.wp.com\/www.gelisencocugum.com\/TR\/wp-content\/uploads\/2020\/10\/Animasyon.jpeg?w=338&amp;ssl=1 338w, https:\/\/i0.wp.com\/www.gelisencocugum.com\/TR\/wp-content\/uploads\/2020\/10\/Animasyon.jpeg?resize=286%2C300&amp;ssl=1 286w\" sizes=\"(max-width: 286px) 100vw, 286px\" \/><\/div><\/a>\n\t\t\t\t<div class=\"elementor-post__text\">\n\t\t\t\t<h3 class=\"elementor-post__title\">\n\t\t\t<a href=\"https:\/\/www.gelisencocugum.com\/TR\/2017\/08\/14\/animasyon-filmlerinin-etkisi\/\" >\n\t\t\t\tAnimasyon Filmlerinin Etkisi\t\t\t<\/a>\n\t\t<\/h3>\n\t\t\t\t<div class=\"elementor-post__excerpt\">\n\t\t\t<p>Animasyon Filmlerinin Etkisi \u00c7ocuk animasyon filmlerini \u00e7ocuklar\u0131 nas\u0131l etkiler, de\u011ferlendirilmesini \u00e7ocuk resimleri ile yaparsak kar\u015f\u0131m\u0131za neler \u00e7\u0131kar ? \u00d6zellikle pandemi s\u00fcreci ile birlikte \u00e7ocuklar\u0131n ekran<\/p>\n\t\t<\/div>\n\t\t\t\t\t<a class=\"elementor-post__read-more\" href=\"https:\/\/www.gelisencocugum.com\/TR\/2017\/08\/14\/animasyon-filmlerinin-etkisi\/\" >\n\t\t\t\tMakalemizin devam\u0131 \u00bb\t\t\t<\/a>\n\t\t\t\t<\/div>\n\t\t\t\t\t<\/div>\n\t\t<\/article>\n\t\t\t\t<article class=\"elementor-post elementor-grid-item post-15 post type-post status-publish format-gallery has-post-thumbnail hentry category-makaleler post_format-post-format-gallery\">\n\t\t\t<div class=\"elementor-post__card\">\n\t\t\t\t<a class=\"elementor-post__thumbnail__link\" href=\"https:\/\/www.gelisencocugum.com\/TR\/2017\/08\/09\/cocuk-gozuyle-bilim-insani\/\" ><div class=\"elementor-post__thumbnail\"><img width=\"273\" height=\"300\" src=\"https:\/\/i2.wp.com\/www.gelisencocugum.com\/TR\/wp-content\/uploads\/2020\/10\/Cocuk-Gozuyle-Bilim-Insani.jpeg?fit=273%2C300&amp;ssl=1\" class=\"attachment-medium size-medium\" alt=\"\" loading=\"lazy\" srcset=\"https:\/\/i2.wp.com\/www.gelisencocugum.com\/TR\/wp-content\/uploads\/2020\/10\/Cocuk-Gozuyle-Bilim-Insani.jpeg?w=666&amp;ssl=1 666w, https:\/\/i2.wp.com\/www.gelisencocugum.com\/TR\/wp-content\/uploads\/2020\/10\/Cocuk-Gozuyle-Bilim-Insani.jpeg?resize=600%2C660&amp;ssl=1 600w, https:\/\/i2.wp.com\/www.gelisencocugum.com\/TR\/wp-content\/uploads\/2020\/10\/Cocuk-Gozuyle-Bilim-Insani.jpeg?resize=273%2C300&amp;ssl=1 273w\" sizes=\"(max-width: 273px) 100vw, 273px\" \/><\/div><\/a>\n\t\t\t\t<div class=\"elementor-post__text\">\n\t\t\t\t<h3 class=\"elementor-post__title\">\n\t\t\t<a href=\"https:\/\/www.gelisencocugum.com\/TR\/2017\/08\/09\/cocuk-gozuyle-bilim-insani\/\" >\n\t\t\t\t\u00c7ocuk G\u00f6z\u00fcyle Bilim \u0130nsan\u0131\t\t\t<\/a>\n\t\t<\/h3>\n\t\t\t\t<div class=\"elementor-post__excerpt\">\n\t\t\t<p>\u00c7ocuk G\u00f6z\u00fcyle Bilim \u0130nsan\u0131 Bir bilim insan\u0131 \u00e7iziminde \u00e7ocuk, anne ve baba \u00e7izimleri farkl\u0131 m\u0131d\u0131r? D\u00fcnyay\u0131 kavramak i\u00e7in kulland\u0131\u011f\u0131m\u0131z imgeleri zihnimizdeki \u015femalar yoluyla olu\u015ftururuz. Zihindeki<\/p>\n\t\t<\/div>\n\t\t\t\t\t<a class=\"elementor-post__read-more\" href=\"https:\/\/www.gelisencocugum.com\/TR\/2017\/08\/09\/cocuk-gozuyle-bilim-insani\/\" >\n\t\t\t\tMakalemizin devam\u0131 \u00bb\t\t\t<\/a>\n\t\t\t\t<\/div>\n\t\t\t\t\t<\/div>\n\t\t<\/article>\n\t\t\t\t<article class=\"elementor-post elementor-grid-item post-14 post type-post status-publish format-quote has-post-thumbnail hentry category-makaleler post_format-post-format-quote\">\n\t\t\t<div class=\"elementor-post__card\">\n\t\t\t\t<a class=\"elementor-post__thumbnail__link\" href=\"https:\/\/www.gelisencocugum.com\/TR\/2017\/07\/27\/problem-cozebilen-cocuk\/\" ><div class=\"elementor-post__thumbnail\"><img width=\"300\" height=\"271\" src=\"https:\/\/i2.wp.com\/www.gelisencocugum.com\/TR\/wp-content\/uploads\/2020\/10\/Problem-Cozebilen-Cocuk-3.jpeg?fit=300%2C271&amp;ssl=1\" class=\"attachment-medium size-medium\" alt=\"\" loading=\"lazy\" srcset=\"https:\/\/i2.wp.com\/www.gelisencocugum.com\/TR\/wp-content\/uploads\/2020\/10\/Problem-Cozebilen-Cocuk-3.jpeg?w=429&amp;ssl=1 429w, https:\/\/i2.wp.com\/www.gelisencocugum.com\/TR\/wp-content\/uploads\/2020\/10\/Problem-Cozebilen-Cocuk-3.jpeg?resize=300%2C271&amp;ssl=1 300w\" sizes=\"(max-width: 300px) 100vw, 300px\" \/><\/div><\/a>\n\t\t\t\t<div class=\"elementor-post__text\">\n\t\t\t\t<h3 class=\"elementor-post__title\">\n\t\t\t<a href=\"https:\/\/www.gelisencocugum.com\/TR\/2017\/07\/27\/problem-cozebilen-cocuk\/\" >\n\t\t\t\tProblem \u00c7\u00f6zebilen \u00c7ocuk\t\t\t<\/a>\n\t\t<\/h3>\n\t\t\t\t<div class=\"elementor-post__excerpt\">\n\t\t\t<p>Problem \u00c7\u00f6zebilen \u00c7ocuk 5-6 ya\u015f \u00e7ocuklar\u0131 problem \u00e7\u00f6zer mi? Problem \u00e7\u00f6zen \u00e7ocuklar nas\u0131l yeti\u015ftirilir? Problem \u00e7\u00f6zme becerileri \u00fcst d\u00fczey d\u00fc\u015f\u00fcnme becerileri aras\u0131nda yer al\u0131p, karma\u015f\u0131k<\/p>\n\t\t<\/div>\n\t\t\t\t\t<a class=\"elementor-post__read-more\" href=\"https:\/\/www.gelisencocugum.com\/TR\/2017\/07\/27\/problem-cozebilen-cocuk\/\" >\n\t\t\t\tMakalemizin devam\u0131 \u00bb\t\t\t<\/a>\n\t\t\t\t<\/div>\n\t\t\t\t\t<\/div>\n\t\t<\/article>\n\t\t\t\t<article class=\"elementor-post elementor-grid-item post-13 post type-post status-publish format-video has-post-thumbnail hentry category-genel post_format-post-format-video\">\n\t\t\t<div class=\"elementor-post__card\">\n\t\t\t\t<a class=\"elementor-post__thumbnail__link\" href=\"https:\/\/www.gelisencocugum.com\/TR\/2017\/07\/20\/cocugumun-gelisimini-takip-etmem-neden-bu-kadar-onemli\/\" ><div class=\"elementor-post__thumbnail\"><img width=\"300\" height=\"200\" src=\"https:\/\/i0.wp.com\/www.gelisencocugum.com\/TR\/wp-content\/uploads\/2020\/10\/cocugumun_gelisimi.jpg?fit=300%2C200&amp;ssl=1\" class=\"attachment-medium size-medium\" alt=\"\" loading=\"lazy\" srcset=\"https:\/\/i0.wp.com\/www.gelisencocugum.com\/TR\/wp-content\/uploads\/2020\/10\/cocugumun_gelisimi.jpg?w=500&amp;ssl=1 500w, https:\/\/i0.wp.com\/www.gelisencocugum.com\/TR\/wp-content\/uploads\/2020\/10\/cocugumun_gelisimi.jpg?resize=300%2C200&amp;ssl=1 300w\" sizes=\"(max-width: 300px) 100vw, 300px\" \/><\/div><\/a>\n\t\t\t\t<div class=\"elementor-post__text\">\n\t\t\t\t<h3 class=\"elementor-post__title\">\n\t\t\t<a href=\"https:\/\/www.gelisencocugum.com\/TR\/2017\/07\/20\/cocugumun-gelisimini-takip-etmem-neden-bu-kadar-onemli\/\" >\n\t\t\t\t\u00c7ocu\u011fumun Geli\u015fimini Takip Etmem Neden Bu Kadar \u00d6nemli?\t\t\t<\/a>\n\t\t<\/h3>\n\t\t\t\t<div class=\"elementor-post__excerpt\">\n\t\t\t<p>\u00c7ocu\u011fumun geli\u015fimini takip etmem neden bu kadar \u00f6nemli? Geli\u015fimsel de\u011ferlendirme ile, \u00e7ocu\u011fun kronolojik takvim ya\u015f\u0131 dikkate al\u0131narak gereksinimlerine dayal\u0131 standart ve informal de\u011ferlendirme ara\u00e7lar\u0131 kullan\u0131larak<\/p>\n\t\t<\/div>\n\t\t\t\t\t<a class=\"elementor-post__read-more\" href=\"https:\/\/www.gelisencocugum.com\/TR\/2017\/07\/20\/cocugumun-gelisimini-takip-etmem-neden-bu-kadar-onemli\/\" >\n\t\t\t\tMakalemizin devam\u0131 \u00bb\t\t\t<\/a>\n\t\t\t\t<\/div>\n\t\t\t\t\t<\/div>\n\t\t<\/article>\n\t\t\t\t<article class=\"elementor-post elementor-grid-item post-150 post type-post status-publish format-audio has-post-thumbnail hentry category-genel post_format-post-format-audio\">\n\t\t\t<div class=\"elementor-post__card\">\n\t\t\t\t<a class=\"elementor-post__thumbnail__link\" href=\"https:\/\/www.gelisencocugum.com\/TR\/2017\/07\/18\/neden-gelisen-cocugum\/\" ><div class=\"elementor-post__thumbnail\"><img width=\"300\" height=\"300\" src=\"https:\/\/i0.wp.com\/www.gelisencocugum.com\/TR\/wp-content\/uploads\/2020\/10\/neden_gelisen_cocugum.jpg?fit=300%2C300&amp;ssl=1\" class=\"attachment-medium size-medium\" alt=\"\" loading=\"lazy\" srcset=\"https:\/\/i0.wp.com\/www.gelisencocugum.com\/TR\/wp-content\/uploads\/2020\/10\/neden_gelisen_cocugum.jpg?w=1200&amp;ssl=1 1200w, https:\/\/i0.wp.com\/www.gelisencocugum.com\/TR\/wp-content\/uploads\/2020\/10\/neden_gelisen_cocugum.jpg?resize=300%2C300&amp;ssl=1 300w, https:\/\/i0.wp.com\/www.gelisencocugum.com\/TR\/wp-content\/uploads\/2020\/10\/neden_gelisen_cocugum.jpg?resize=100%2C100&amp;ssl=1 100w, https:\/\/i0.wp.com\/www.gelisencocugum.com\/TR\/wp-content\/uploads\/2020\/10\/neden_gelisen_cocugum.jpg?resize=600%2C600&amp;ssl=1 600w, https:\/\/i0.wp.com\/www.gelisencocugum.com\/TR\/wp-content\/uploads\/2020\/10\/neden_gelisen_cocugum.jpg?resize=1024%2C1024&amp;ssl=1 1024w, https:\/\/i0.wp.com\/www.gelisencocugum.com\/TR\/wp-content\/uploads\/2020\/10\/neden_gelisen_cocugum.jpg?resize=150%2C150&amp;ssl=1 150w, https:\/\/i0.wp.com\/www.gelisencocugum.com\/TR\/wp-content\/uploads\/2020\/10\/neden_gelisen_cocugum.jpg?resize=768%2C768&amp;ssl=1 768w, https:\/\/i0.wp.com\/www.gelisencocugum.com\/TR\/wp-content\/uploads\/2020\/10\/neden_gelisen_cocugum.jpg?resize=80%2C80&amp;ssl=1 80w\" sizes=\"(max-width: 300px) 100vw, 300px\" \/><\/div><\/a>\n\t\t\t\t<div class=\"elementor-post__text\">\n\t\t\t\t<h3 class=\"elementor-post__title\">\n\t\t\t<a href=\"https:\/\/www.gelisencocugum.com\/TR\/2017\/07\/18\/neden-gelisen-cocugum\/\" >\n\t\t\t\tNeden Geli\u015fen \u00c7ocu\u011fum?\t\t\t<\/a>\n\t\t<\/h3>\n\t\t\t\t<div class=\"elementor-post__excerpt\">\n\t\t\t<p>Neden Geli\u015fen \u00c7ocu\u011fum? \u00c7ocuk Geli\u015fimi, d\u00f6llenmeden ergenli\u011fe kadar insan ya\u015fam\u0131ndaki s\u00fcreklilik ve de\u011fi\u015fimleri anlamaya kendini adayan, disiplinler aras\u0131 bir \u00e7al\u0131\u015fma alan\u0131d\u0131r. S\u00fcrekli de\u011fi\u015fimlerin ya\u015fand\u0131\u011f\u0131 bu<\/p>\n\t\t<\/div>\n\t\t\t\t\t<a class=\"elementor-post__read-more\" href=\"https:\/\/www.gelisencocugum.com\/TR\/2017\/07\/18\/neden-gelisen-cocugum\/\" >\n\t\t\t\tMakalemizin devam\u0131 \u00bb\t\t\t<\/a>\n\t\t\t\t<\/div>\n\t\t\t\t\t<\/div>\n\t\t<\/article>\n\t\t\t\t<\/div>\n\n\n\t\t\n\t\t\t\t<\/div>\n\t\t\t\t<\/div>\n\t\t\t\t\t\t<\/div>\n\t\t\t\t\t<\/div>\n\t\t<\/div>\n\t\t\t\t\t\t\t\t<\/div>\n\t\t\t\t\t<\/div>\n\t\t<\/section>\n\t\t\t\t\t\t<\/div>\n\t\t\t\t\t\t<\/div>\n\t\t\t\t\t<\/div>\n\t\t","protected":false},"excerpt":{"rendered":"Neden Geli\u015fen \u00c7ocu\u011fum? \u00c7ocuk Geli\u015fimi, d\u00f6llenmeden ergenli\u011fe kadar insan ya\u015fam\u0131ndaki s\u00fcreklilik ve de\u011fi\u015fimleri anlamaya kendini adayan, disiplinler aras\u0131 bir \u00e7al\u0131\u015fma alan\u0131d\u0131r. S\u00fcrekli de\u011fi\u015fimlerin ya\u015fand\u0131\u011f\u0131 bu d\u00f6nemde geli\u015fim \u00f6devlerinin vurgulanmas\u0131 ve desteklenmesi \u00f6nem arz etmektedir.Ya\u015fam\u0131n ilk iki y\u0131l\u0131nda, \u00f6zellikle beyin korteksinin i\u015fitme, g\u00f6rme ve dil alanlar\u0131nda, sinapslar\u0131n olu\u015fmas\u0131 \u00e7ok h\u0131zl\u0131 olur. Prefrontol lob olarak adland\u0131r\u0131lan beynin [...]","protected":false},"author":1,"featured_media":0,"parent":0,"menu_order":0,"comment_status":"closed","ping_status":"closed","template":"elementor_header_footer","meta":{"spay_email":""},"_links":{"self":[{"href":"https:\/\/www.gelisencocugum.com\/TR\/wp-json\/wp\/v2\/pages\/352"}],"collection":[{"href":"https:\/\/www.gelisencocugum.com\/TR\/wp-json\/wp\/v2\/pages"}],"about":[{"href":"https:\/\/www.gelisencocugum.com\/TR\/wp-json\/wp\/v2\/types\/page"}],"author":[{"embeddable":true,"href":"https:\/\/www.gelisencocugum.com\/TR\/wp-json\/wp\/v2\/users\/1"}],"replies":[{"embeddable":true,"href":"https:\/\/www.gelisencocugum.com\/TR\/wp-json\/wp\/v2\/comments?post=352"}],"version-history":[{"count":5,"href":"https:\/\/www.gelisencocugum.com\/TR\/wp-json\/wp\/v2\/pages\/352\/revisions"}],"predecessor-version":[{"id":361,"href":"https:\/\/www.gelisencocugum.com\/TR\/wp-json\/wp\/v2\/pages\/352\/revisions\/361"}],"wp:attachment":[{"href":"https:\/\/www.gelisencocugum.com\/TR\/wp-json\/wp\/v2\/media?parent=352"}],"curies":[{"name":"wp","href":"https:\/\/api.w.org\/{rel}","templated":true}]}}