{"id":421,"date":"2020-11-03T09:31:48","date_gmt":"2020-11-03T09:31:48","guid":{"rendered":"https:\/\/www.gelisencocugum.com\/TR\/?page_id=421"},"modified":"2020-11-10T08:39:45","modified_gmt":"2020-11-10T08:39:45","slug":"bizi-taniyin","status":"publish","type":"page","link":"https:\/\/www.gelisencocugum.com\/TR\/bizi-taniyin\/","title":{"rendered":"Bizi Tan\u0131y\u0131n"},"content":{"rendered":"\t\t<div data-elementor-type=\"wp-page\" data-elementor-id=\"421\" class=\"elementor elementor-421\" data-elementor-settings=\"[]\">\n\t\t\t\t\t\t<div class=\"elementor-inner\">\n\t\t\t\t\t\t\t<div class=\"elementor-section-wrap\">\n\t\t\t\t\t\t\t<section data-particle_enable=\"false\" data-particle-mobile-disabled=\"false\" class=\"elementor-section elementor-top-section elementor-element elementor-element-6afc78ad elementor-section-content-middle elementor-section-boxed elementor-section-height-default elementor-section-height-default\" data-id=\"6afc78ad\" data-element_type=\"section\">\n\t\t\t\t\t\t<div class=\"elementor-container elementor-column-gap-no\">\n\t\t\t\t\t\t\t<div class=\"elementor-row\">\n\t\t\t\t\t<div class=\"elementor-column elementor-col-50 elementor-top-column elementor-element elementor-element-b5a4272\" data-id=\"b5a4272\" data-element_type=\"column\">\n\t\t\t<div class=\"elementor-column-wrap elementor-element-populated\">\n\t\t\t\t\t\t\t<div class=\"elementor-widget-wrap\">\n\t\t\t\t\t\t<div class=\"elementor-element elementor-element-13059f5f elementor-widget elementor-widget-image\" data-id=\"13059f5f\" data-element_type=\"widget\" data-widget_type=\"image.default\">\n\t\t\t\t<div class=\"elementor-widget-container\">\n\t\t\t\t\t\t\t\t<div class=\"elementor-image\">\n\t\t\t\t\t\t\t\t\t\t\t\t<img width=\"450\" height=\"307\" src=\"https:\/\/i1.wp.com\/www.gelisencocugum.com\/TR\/wp-content\/uploads\/2020\/11\/gelisen_cocugum_logo_450.png?fit=450%2C307&amp;ssl=1\" class=\"attachment-full size-full\" alt=\"\" loading=\"lazy\" srcset=\"https:\/\/i1.wp.com\/www.gelisencocugum.com\/TR\/wp-content\/uploads\/2020\/11\/gelisen_cocugum_logo_450.png?w=450&amp;ssl=1 450w, https:\/\/i1.wp.com\/www.gelisencocugum.com\/TR\/wp-content\/uploads\/2020\/11\/gelisen_cocugum_logo_450.png?resize=300%2C205&amp;ssl=1 300w\" sizes=\"(max-width: 450px) 100vw, 450px\" \/>\t\t\t\t\t\t\t\t\t\t\t\t\t\t<\/div>\n\t\t\t\t\t\t<\/div>\n\t\t\t\t<\/div>\n\t\t\t\t\t\t<\/div>\n\t\t\t\t\t<\/div>\n\t\t<\/div>\n\t\t\t\t<div class=\"elementor-column elementor-col-50 elementor-top-column elementor-element elementor-element-412ac5bb\" data-id=\"412ac5bb\" data-element_type=\"column\">\n\t\t\t<div class=\"elementor-column-wrap elementor-element-populated\">\n\t\t\t\t\t\t\t<div class=\"elementor-widget-wrap\">\n\t\t\t\t\t\t<div class=\"elementor-element elementor-element-26d8a4a1 elementor-view-default elementor-widget elementor-widget-icon\" data-id=\"26d8a4a1\" data-element_type=\"widget\" data-widget_type=\"icon.default\">\n\t\t\t\t<div class=\"elementor-widget-container\">\n\t\t\t\t\t<div class=\"elementor-icon-wrapper\">\n\t\t\t<div class=\"elementor-icon\">\n\t\t\t\t\t\t\t<i class=\"fa fa-quote-left\" aria-hidden=\"true\"><\/i>\n\t\t\t\t\t\t<\/div>\n\t\t<\/div>\n\t\t\t\t<\/div>\n\t\t\t\t<\/div>\n\t\t\t\t<div class=\"elementor-element elementor-element-f2c50b4 elementor-widget elementor-widget-heading\" data-id=\"f2c50b4\" data-element_type=\"widget\" data-widget_type=\"heading.default\">\n\t\t\t\t<div class=\"elementor-widget-container\">\n\t\t\t<h6 class=\"elementor-heading-title elementor-size-default\">Geli\u015fen Yay\u0131nc\u0131l\u0131k; m\u00fchendislik, \u00e7ocuk geli\u015fimi ve i\u015fletme alanlar\u0131ndaki edinilmi\u015f tecr\u00fcbeleri harmanlayarak, \u00e7ocuk geli\u015fimi alan\u0131na farkl\u0131 bir yorum getirmeyi ama\u00e7lam\u0131\u015ft\u0131r.    \n<br><br>\nYol haritam\u0131z\u0131n \u015fekillenmesinde, alandaki yay\u0131nlara destek vermi\u015f akademik \u00e7al\u0131\u015fanlar\u0131n, klinik deneyimi olan \u00e7ocuk geli\u015fimcilerin ve alan\u0131nda uzman psikologlar\u0131n deneyimlerinden faydalan\u0131lmaktad\u0131r.<\/h6>\t\t<\/div>\n\t\t\t\t<\/div>\n\t\t\t\t\t\t<\/div>\n\t\t\t\t\t<\/div>\n\t\t<\/div>\n\t\t\t\t\t\t\t\t<\/div>\n\t\t\t\t\t<\/div>\n\t\t<\/section>\n\t\t\t\t<section data-particle_enable=\"false\" data-particle-mobile-disabled=\"false\" class=\"elementor-section elementor-top-section elementor-element elementor-element-64ecc697 elementor-section-full_width elementor-section-height-min-height elementor-section-items-stretch elementor-section-content-bottom elementor-section-height-default\" data-id=\"64ecc697\" data-element_type=\"section\">\n\t\t\t\t\t\t<div class=\"elementor-container elementor-column-gap-no\">\n\t\t\t\t\t\t\t<div class=\"elementor-row\">\n\t\t\t\t\t<div class=\"elementor-column elementor-col-50 elementor-top-column elementor-element elementor-element-6153b7d3\" data-id=\"6153b7d3\" data-element_type=\"column\" data-settings=\"{&quot;background_background&quot;:&quot;classic&quot;}\">\n\t\t\t<div class=\"elementor-column-wrap elementor-element-populated\">\n\t\t\t\t\t\t\t<div class=\"elementor-widget-wrap\">\n\t\t\t\t\t\t<div class=\"elementor-element elementor-element-69bbbe0b elementor-widget elementor-widget-heading\" data-id=\"69bbbe0b\" data-element_type=\"widget\" data-widget_type=\"heading.default\">\n\t\t\t\t<div class=\"elementor-widget-container\">\n\t\t\t<h1 class=\"elementor-heading-title elementor-size-default\">NEDEN GEL\u0130\u015eEN \u00c7OCU\u011eUM?<\/h1>\t\t<\/div>\n\t\t\t\t<\/div>\n\t\t\t\t<div class=\"elementor-element elementor-element-ac74ce2 elementor-widget elementor-widget-heading\" data-id=\"ac74ce2\" data-element_type=\"widget\" data-widget_type=\"heading.default\">\n\t\t\t\t<div class=\"elementor-widget-container\">\n\t\t\t<h6 class=\"elementor-heading-title elementor-size-default\">Geli\u015fimin en h\u0131zl\u0131 oldu\u011fu d\u00f6nemlerden biri olan erken \u00e7ocukluk y\u0131llar\u0131nda, \u00e7ocuklar\u0131n ilgi alanlar\u0131n\u0131n ve yo\u011fun merak duygular\u0131n\u0131n geli\u015fimini g\u00f6z \u00f6n\u00fcnde bulunduruldu\u011funda, e\u011fitimin ne denli \u00f6nemli oldu\u011funu kendi \u00e7ocukluk y\u0131llar\u0131m\u0131zdan ve kendi \u00e7ocuklar\u0131m\u0131zdan g\u00f6rmekteyiz.<\/h6>\t\t<\/div>\n\t\t\t\t<\/div>\n\t\t\t\t\t\t<\/div>\n\t\t\t\t\t<\/div>\n\t\t<\/div>\n\t\t\t\t<div class=\"elementor-column elementor-col-25 elementor-top-column elementor-element elementor-element-58824653\" data-id=\"58824653\" data-element_type=\"column\">\n\t\t\t<div class=\"elementor-column-wrap elementor-element-populated\">\n\t\t\t\t\t\t\t<div class=\"elementor-widget-wrap\">\n\t\t\t\t\t\t<div class=\"elementor-element elementor-element-3129faa elementor-widget elementor-widget-image\" data-id=\"3129faa\" data-element_type=\"widget\" data-widget_type=\"image.default\">\n\t\t\t\t<div class=\"elementor-widget-container\">\n\t\t\t\t\t\t\t\t<div class=\"elementor-image\">\n\t\t\t\t\t\t\t\t\t\t\t\t<img width=\"274\" height=\"377\" src=\"https:\/\/i2.wp.com\/www.gelisencocugum.com\/TR\/wp-content\/uploads\/revslider\/kids\/slider-003.png?fit=274%2C377&amp;ssl=1\" class=\"attachment-full size-full\" alt=\"\" loading=\"lazy\" srcset=\"https:\/\/i2.wp.com\/www.gelisencocugum.com\/TR\/wp-content\/uploads\/revslider\/kids\/slider-003.png?w=274&amp;ssl=1 274w, https:\/\/i2.wp.com\/www.gelisencocugum.com\/TR\/wp-content\/uploads\/revslider\/kids\/slider-003.png?resize=218%2C300&amp;ssl=1 218w\" sizes=\"(max-width: 274px) 100vw, 274px\" \/>\t\t\t\t\t\t\t\t\t\t\t\t\t\t<\/div>\n\t\t\t\t\t\t<\/div>\n\t\t\t\t<\/div>\n\t\t\t\t<div class=\"elementor-element elementor-element-66e512ec elementor-widget__width-initial elementor-absolute elementor-widget-tablet__width-initial elementor-widget-mobile__width-initial elementor-widget elementor-widget-spacer\" data-id=\"66e512ec\" data-element_type=\"widget\" data-settings=\"{&quot;_position&quot;:&quot;absolute&quot;}\" data-widget_type=\"spacer.default\">\n\t\t\t\t<div class=\"elementor-widget-container\">\n\t\t\t\t\t<div class=\"elementor-spacer\">\n\t\t\t<div class=\"elementor-spacer-inner\"><\/div>\n\t\t<\/div>\n\t\t\t\t<\/div>\n\t\t\t\t<\/div>\n\t\t\t\t\t\t<\/div>\n\t\t\t\t\t<\/div>\n\t\t<\/div>\n\t\t\t\t<div class=\"elementor-column elementor-col-25 elementor-top-column elementor-element elementor-element-9a197c5\" data-id=\"9a197c5\" data-element_type=\"column\">\n\t\t\t<div class=\"elementor-column-wrap elementor-element-populated\">\n\t\t\t\t\t\t\t<div class=\"elementor-widget-wrap\">\n\t\t\t\t\t\t<div class=\"elementor-element elementor-element-4b202192 elementor-widget-mobile__width-initial animated-slow elementor-widget-tablet__width-initial elementor-invisible elementor-widget elementor-widget-spacer\" data-id=\"4b202192\" data-element_type=\"widget\" data-settings=\"{&quot;_animation&quot;:&quot;fadeInRight&quot;}\" data-widget_type=\"spacer.default\">\n\t\t\t\t<div class=\"elementor-widget-container\">\n\t\t\t\t\t<div class=\"elementor-spacer\">\n\t\t\t<div class=\"elementor-spacer-inner\"><\/div>\n\t\t<\/div>\n\t\t\t\t<\/div>\n\t\t\t\t<\/div>\n\t\t\t\t\t\t<\/div>\n\t\t\t\t\t<\/div>\n\t\t<\/div>\n\t\t\t\t\t\t\t\t<\/div>\n\t\t\t\t\t<\/div>\n\t\t<\/section>\n\t\t\t\t<section data-particle_enable=\"false\" data-particle-mobile-disabled=\"false\" class=\"elementor-section elementor-top-section elementor-element elementor-element-8fb7609 elementor-section-boxed elementor-section-height-default elementor-section-height-default\" data-id=\"8fb7609\" data-element_type=\"section\">\n\t\t\t\t\t\t<div class=\"elementor-container elementor-column-gap-default\">\n\t\t\t\t\t\t\t<div class=\"elementor-row\">\n\t\t\t\t\t<div class=\"elementor-column elementor-col-100 elementor-top-column elementor-element elementor-element-14686c8\" data-id=\"14686c8\" data-element_type=\"column\">\n\t\t\t<div class=\"elementor-column-wrap elementor-element-populated\">\n\t\t\t\t\t\t\t<div class=\"elementor-widget-wrap\">\n\t\t\t\t\t\t<section data-particle_enable=\"false\" data-particle-mobile-disabled=\"false\" class=\"elementor-section elementor-inner-section elementor-element elementor-element-faa753a elementor-section-boxed elementor-section-height-default elementor-section-height-default\" data-id=\"faa753a\" data-element_type=\"section\">\n\t\t\t\t\t\t<div class=\"elementor-container elementor-column-gap-default\">\n\t\t\t\t\t\t\t<div class=\"elementor-row\">\n\t\t\t\t\t<div class=\"elementor-column elementor-col-33 elementor-inner-column elementor-element elementor-element-46c0d49\" data-id=\"46c0d49\" data-element_type=\"column\">\n\t\t\t<div class=\"elementor-column-wrap\">\n\t\t\t\t\t\t\t<div class=\"elementor-widget-wrap\">\n\t\t\t\t\t\t\t\t<\/div>\n\t\t\t\t\t<\/div>\n\t\t<\/div>\n\t\t\t\t<div class=\"elementor-column elementor-col-33 elementor-inner-column elementor-element elementor-element-f4fab2c\" data-id=\"f4fab2c\" data-element_type=\"column\">\n\t\t\t<div class=\"elementor-column-wrap elementor-element-populated\">\n\t\t\t\t\t\t\t<div class=\"elementor-widget-wrap\">\n\t\t\t\t\t\t<div class=\"elementor-element elementor-element-7779e11 elementor-widget elementor-widget-heading\" data-id=\"7779e11\" data-element_type=\"widget\" data-widget_type=\"heading.default\">\n\t\t\t\t<div class=\"elementor-widget-container\">\n\t\t\t<p class=\"elementor-heading-title elementor-size-default\">Bu yolculukta kitaplar\u0131n, \u00e7ocuklar\u0131n dil geli\u015fiminde sadece dil becerilerinin kazanmas\u0131na yard\u0131mc\u0131 olmakla kalmay\u0131p; bili\u015fsel, motor geli\u015fim ve \u00f6zellikle sosyal duygusal geli\u015fim alanlar\u0131na da b\u00fcy\u00fcleyici bir \u015fekilde etki etti\u011fi de bilinmektedir.\n<br><br>\nKitaplar\u0131n yan\u0131 s\u0131ra yard\u0131mc\u0131 materyallerde, bu s\u00fcre\u00e7te \u00e7ocuklar\u0131n becerilerini destekleyici roller \u00fcstlenmektedir. Bir\u00e7ok \u00e7ocuk i\u00e7in, b\u00fcy\u00fcme ve geli\u015fme evresinde kitaplar ve yard\u0131mc\u0131 materyallerin do\u011fru kullan\u0131m\u0131 olduk\u00e7a \u00f6nemli olup; \u00e7ocu\u011fumuzun geli\u015fimine katk\u0131 sa\u011flayacak e\u011fitici materyaller se\u00e7menin karma\u015f\u0131kl\u0131\u011f\u0131 ise, ailelerin \u00e7eli\u015fki ya\u015fad\u0131\u011f\u0131 durumlardan birisi olabilmektedir.\n<br><br>\nGeli\u015fen Yay\u0131nc\u0131l\u0131k olarak hedefimiz; Her \u00e7ocu\u011fun geli\u015fimsel s\u00fcrecinin birbirinden farkl\u0131 devam etti\u011fi ve bazen de geli\u015fimsel olarak desteklenmesi gereklili\u011finde, bu ihtiyaca cevap vermektir.  \n<\/p>\t\t<\/div>\n\t\t\t\t<\/div>\n\t\t\t\t\t\t<\/div>\n\t\t\t\t\t<\/div>\n\t\t<\/div>\n\t\t\t\t<div class=\"elementor-column elementor-col-33 elementor-inner-column elementor-element elementor-element-f194628\" data-id=\"f194628\" data-element_type=\"column\">\n\t\t\t<div class=\"elementor-column-wrap\">\n\t\t\t\t\t\t\t<div class=\"elementor-widget-wrap\">\n\t\t\t\t\t\t\t\t<\/div>\n\t\t\t\t\t<\/div>\n\t\t<\/div>\n\t\t\t\t\t\t\t\t<\/div>\n\t\t\t\t\t<\/div>\n\t\t<\/section>\n\t\t\t\t\t\t<\/div>\n\t\t\t\t\t<\/div>\n\t\t<\/div>\n\t\t\t\t\t\t\t\t<\/div>\n\t\t\t\t\t<\/div>\n\t\t<\/section>\n\t\t\t\t\t\t<\/div>\n\t\t\t\t\t\t<\/div>\n\t\t\t\t\t<\/div>\n\t\t","protected":false},"excerpt":{"rendered":"<p>Geli\u015fen Yay\u0131nc\u0131l\u0131k; m\u00fchendislik, \u00e7ocuk geli\u015fimi ve i\u015fletme alanlar\u0131ndaki edinilmi\u015f tecr\u00fcbeleri harmanlayarak, \u00e7ocuk geli\u015fimi alan\u0131na farkl\u0131 bir yorum getirmeyi ama\u00e7lam\u0131\u015ft\u0131r. Yol haritam\u0131z\u0131n \u015fekillenmesinde, alandaki yay\u0131nlara destek vermi\u015f akademik \u00e7al\u0131\u015fanlar\u0131n, klinik deneyimi olan \u00e7ocuk geli\u015fimcilerin ve alan\u0131nda uzman psikologlar\u0131n deneyimlerinden faydalan\u0131lmaktad\u0131r. NEDEN GEL\u0130\u015eEN \u00c7OCU\u011eUM? Geli\u015fimin en h\u0131zl\u0131 oldu\u011fu d\u00f6nemlerden biri olan erken \u00e7ocukluk y\u0131llar\u0131nda, \u00e7ocuklar\u0131n ilgi alanlar\u0131n\u0131n [&hellip;]<\/p>\n","protected":false},"author":1,"featured_media":0,"parent":0,"menu_order":0,"comment_status":"closed","ping_status":"closed","template":"elementor_header_footer","meta":{"spay_email":""},"_links":{"self":[{"href":"https:\/\/www.gelisencocugum.com\/TR\/wp-json\/wp\/v2\/pages\/421"}],"collection":[{"href":"https:\/\/www.gelisencocugum.com\/TR\/wp-json\/wp\/v2\/pages"}],"about":[{"href":"https:\/\/www.gelisencocugum.com\/TR\/wp-json\/wp\/v2\/types\/page"}],"author":[{"embeddable":true,"href":"https:\/\/www.gelisencocugum.com\/TR\/wp-json\/wp\/v2\/users\/1"}],"replies":[{"embeddable":true,"href":"https:\/\/www.gelisencocugum.com\/TR\/wp-json\/wp\/v2\/comments?post=421"}],"version-history":[{"count":16,"href":"https:\/\/www.gelisencocugum.com\/TR\/wp-json\/wp\/v2\/pages\/421\/revisions"}],"predecessor-version":[{"id":452,"href":"https:\/\/www.gelisencocugum.com\/TR\/wp-json\/wp\/v2\/pages\/421\/revisions\/452"}],"wp:attachment":[{"href":"https:\/\/www.gelisencocugum.com\/TR\/wp-json\/wp\/v2\/media?parent=421"}],"curies":[{"name":"wp","href":"https:\/\/api.w.org\/{rel}","templated":true}]}}