{"id":467,"date":"2020-11-22T12:41:00","date_gmt":"2020-11-22T12:41:00","guid":{"rendered":"https:\/\/www.gelisencocugum.com\/TR\/?page_id=467"},"modified":"2020-11-22T12:45:06","modified_gmt":"2020-11-22T12:45:06","slug":"kullanici-sozlesmesi","status":"publish","type":"page","link":"https:\/\/www.gelisencocugum.com\/TR\/kullanici-sozlesmesi\/","title":{"rendered":"Kullan\u0131c\u0131 \u015e\u00f6zle\u015fmesi"},"content":{"rendered":"\t\t<div data-elementor-type=\"wp-page\" data-elementor-id=\"467\" class=\"elementor elementor-467\" data-elementor-settings=\"[]\">\n\t\t\t\t\t\t<div class=\"elementor-inner\">\n\t\t\t\t\t\t\t<div class=\"elementor-section-wrap\">\n\t\t\t\t\t\t\t<section data-particle_enable=\"false\" data-particle-mobile-disabled=\"false\" class=\"elementor-section elementor-top-section elementor-element elementor-element-df5b095 elementor-section-boxed elementor-section-height-default elementor-section-height-default\" data-id=\"df5b095\" data-element_type=\"section\">\n\t\t\t\t\t\t<div class=\"elementor-container elementor-column-gap-default\">\n\t\t\t\t\t\t\t<div class=\"elementor-row\">\n\t\t\t\t\t<div class=\"elementor-column elementor-col-66 elementor-top-column elementor-element elementor-element-c9d67fd\" data-id=\"c9d67fd\" data-element_type=\"column\">\n\t\t\t<div class=\"elementor-column-wrap elementor-element-populated\">\n\t\t\t\t\t\t\t<div class=\"elementor-widget-wrap\">\n\t\t\t\t\t\t<section data-particle_enable=\"false\" data-particle-mobile-disabled=\"false\" class=\"elementor-section elementor-inner-section elementor-element elementor-element-020d873 elementor-section-boxed elementor-section-height-default elementor-section-height-default\" data-id=\"020d873\" data-element_type=\"section\">\n\t\t\t\t\t\t<div class=\"elementor-container elementor-column-gap-default\">\n\t\t\t\t\t\t\t<div class=\"elementor-row\">\n\t\t\t\t\t<div class=\"elementor-column elementor-col-100 elementor-inner-column elementor-element elementor-element-337aab2\" data-id=\"337aab2\" data-element_type=\"column\">\n\t\t\t<div class=\"elementor-column-wrap elementor-element-populated\">\n\t\t\t\t\t\t\t<div class=\"elementor-widget-wrap\">\n\t\t\t\t\t\t<div class=\"elementor-element elementor-element-f53fdae elementor-widget elementor-widget-heading\" data-id=\"f53fdae\" data-element_type=\"widget\" data-widget_type=\"heading.default\">\n\t\t\t\t<div class=\"elementor-widget-container\">\n\t\t\t<h2 class=\"elementor-heading-title elementor-size-default\">Gelisencocugum.com \u00a0KULLANICI S\u00d6ZLE\u015eMES\u0130<\/h2>\t\t<\/div>\n\t\t\t\t<\/div>\n\t\t\t\t\t\t<\/div>\n\t\t\t\t\t<\/div>\n\t\t<\/div>\n\t\t\t\t\t\t\t\t<\/div>\n\t\t\t\t\t<\/div>\n\t\t<\/section>\n\t\t\t\t<section data-particle_enable=\"false\" data-particle-mobile-disabled=\"false\" class=\"elementor-section elementor-inner-section elementor-element elementor-element-f0759ab elementor-section-boxed elementor-section-height-default elementor-section-height-default\" data-id=\"f0759ab\" data-element_type=\"section\">\n\t\t\t\t\t\t<div class=\"elementor-container elementor-column-gap-default\">\n\t\t\t\t\t\t\t<div class=\"elementor-row\">\n\t\t\t\t\t<div class=\"elementor-column elementor-col-100 elementor-inner-column elementor-element elementor-element-15363a4\" data-id=\"15363a4\" data-element_type=\"column\">\n\t\t\t<div class=\"elementor-column-wrap elementor-element-populated\">\n\t\t\t\t\t\t\t<div class=\"elementor-widget-wrap\">\n\t\t\t\t\t\t<div class=\"elementor-element elementor-element-ea49e2b elementor-widget elementor-widget-text-editor\" data-id=\"ea49e2b\" data-element_type=\"widget\" data-widget_type=\"text-editor.default\">\n\t\t\t\t<div class=\"elementor-widget-container\">\n\t\t\t\t\t\t\t\t<div class=\"elementor-text-editor elementor-clearfix\">\n\t\t\t\t<p>\u0130\u015fbu siteyi ziyaret eden veya bu sitede sunulan hizmetlerden yararlanmay\u0131 talep eden herkes i\u015fbu &#8220;Kullan\u0131m Ko\u015fullar\u0131 ve Hukuki \u015eartlar&#8221; da yer alan h\u00fck\u00fcm ve \u015fartlar\u0131n tamam\u0131n\u0131 aynen kabul eder. Gelisencocugum.com internet sitesini kullanan veya Gelisencocugum.com taraf\u0131ndan sunulan hizmetlerden yararlanmay\u0131 talep eden ki\u015filer, i\u015fbu \u201cKullan\u0131m Ko\u015fullar\u0131 ve Hukuki \u015eartlar\u201d da yer alan h\u00fck\u00fcm ve \u015fartlar\u0131n tamam\u0131yla bu metnin ayr\u0131lmaz bir par\u00e7as\u0131 olan \u201cGizlilik Politikas\u0131\u201d h\u00fck\u00fcmleri ve bu sitedeki di\u011fer talimatlara ba\u011fl\u0131 kalmay\u0131 taahh\u00fct eder. Kullan\u0131c\u0131lar\u0131n burada yer alan \u015fartlar\u0131 kabul etmemesi halinde, bu internet sitesine eri\u015fmemeleri ve kullanmamalar\u0131 ve kullanmaya ba\u015flam\u0131\u015f olmalar\u0131 halinde kullan\u0131mlar\u0131n\u0131 derhal durdurmalar\u0131 gerekmektedir.<\/p><p>Geli\u015fen Yay\u0131nc\u0131l\u0131k(Gelisencocugum.com ), i\u015fbu &#8220;Kullan\u0131m Ko\u015fullar\u0131 ve Hukuki \u015eartlar&#8221;, \u201cGizlilik Politikas\u0131\u201d ve bu sitedeki di\u011fer talimatlarda diledi\u011fi zaman diledi\u011fi de\u011fi\u015fiklikleri yapma hakk\u0131n\u0131 sakl\u0131 tutar. S\u00f6z konusu de\u011fi\u015fiklikler i\u015fbu sitede yay\u0131nland\u0131klar\u0131 tarihlerden itibaren ge\u00e7erli ve ba\u011flay\u0131c\u0131 olacakt\u0131r. De\u011fi\u015fiklikleri takip etmek kullan\u0131c\u0131n\u0131n sorumlulu\u011fundad\u0131r. Gelisencocugum.com \u2019un de\u011fi\u015fiklikleri taraf\u0131n\u0131za ayr\u0131ca bildirme y\u00fck\u00fcml\u00fcl\u00fc\u011f\u00fc yoktur. Gelisencocugum.com hizmetlerinden yararlanmaya devam etmekle bu de\u011fi\u015fiklikleri de kabul etmi\u015f say\u0131l\u0131rs\u0131n\u0131z.<\/p><p><strong>1.Taraflar<\/strong><\/p><p><strong>Geli\u015fen Yay\u0131nc\u0131l\u0131k(Gelisencocugum.com olarak an\u0131lacakt\u0131r.)<\/strong><\/p><p>Gelisencocugum.com, \u00e7ocuklar i\u00e7in ;\u00a0 alan\u0131nda kitap , e\u011fitime yard\u0131mc\u0131 materyal, k\u0131rtasiye \u00fcr\u00fcnleri , oyuncak\u00a0 sat\u0131\u015f\u0131n\u0131 ve tan\u0131t\u0131m\u0131n\u0131 yapmaya yetkili , ayn\u0131 zamanda \u00e7ocuk e\u011fitim dan\u0131\u015fmanl\u0131k ve kurumsal \u015firket dan\u0131\u015fmanl\u0131k\u00a0 yapmaya yetkili , Ticaret Sicile kay\u0131tl\u0131 Limited \u015eirket yap\u0131s\u0131nda bir\u00a0 t\u00fczel ki\u015filiktir.<\/p><p>\u015eirketimiz faaliyetlerini \u00a0ticaret odas\u0131na ba\u011fl\u0131 \u00a0ruhsat alt\u0131nda ilgili mevzuat h\u00fck\u00fcmlerine g\u00f6re y\u00fcr\u00fctmektedir.<\/p><p><strong>Hizmetten Yararlanabilecekler\u00a0<\/strong>(Kullan\u0131c\u0131 \/\u00dcye olarak an\u0131lacakt\u0131r.)<\/p><p>Medeni haklar\u0131 kullanmaya ehil t\u00fcm ger\u00e7ek ve t\u00fczel ki\u015filer Gelisencocugum.com\u2019 un sundu\u011fu hizmetlerden yararlanabilir. 18 ya\u015f\u0131n\u0131 doldurmam\u0131\u015f veya re\u015fit olmayanlar, k\u0131s\u0131tl\u0131lar ve temyiz kudretine sahip olmayanlar ancak veli veya kanuni temsilcileri vas\u0131tas\u0131yla i\u015flem yapabilirler. \u00dcr\u00fcn al\u0131m\u0131 durumunda , ger\u00e7ek ad veya unvan\u0131n\u0131z\u0131, adresinizi, telefon numaran\u0131z\u0131 ve ge\u00e7erli kredi kart\u0131 bilgilerinizi sisteme girmeniz gerekmektedir. \u00dcyelerin kendi ad\u0131na ve \u00a0onay al\u0131nm\u0131\u015f \u00fc\u00e7\u00fcnc\u00fc ki\u015filer ad\u0131na \u00a0i\u015flem yapabilmeleri m\u00fcmk\u00fcnd\u00fcr.<\/p><p><strong>\u00a02. S\u00f6zle\u015fmenin Konusu:<\/strong><\/p><p>\u0130\u015fbu S\u00f6zle\u015fme, Kullan\u0131c\u0131n\u0131n gelisencocugum.com web sitesine giri\u015f yapmas\u0131 ile kurulacak olup, i\u015fbu S\u00f6zle\u015fmenin kurulmas\u0131 ile e\u015fzamanl\u0131 olarak Kullan\u0131c\u0131\/\u00dcye Gelisencocugum.com \u2019u kendi ad\u0131na hareket etmektedir.<\/p><p><strong>3. Gelisencocugum.com\u2019 un Sorumluluklar\u0131<\/strong><\/p><p>Gelisencocugum.com\u2019 un sorumlulu\u011fu, sitede belirtilen, vermeyi kabul etti\u011fi, \u00fcr\u00fcn\u00fc<\/p><p>\u00d6demesi al\u0131nm\u0131\u015f olmas\u0131 kayd\u0131 ile , al\u0131\u015fveri\u015fi site \u00fczerinden yapan kullan\u0131c\u0131n\u0131n beyan etmi\u015f oldu\u011fu adrese iletmekle y\u00fck\u00fcml\u00fcd\u00fcr.<\/p><p>Adres bilgilerinin eksik ve\/veya hatal\u0131 bildirilmi\u015f olmas\u0131, \u00f6demenin al\u0131nmam\u0131\u015f olmas\u0131 , ileti\u015fim telefon ve mail bilgilerinin hatal\u0131 olmas\u0131 durumlar\u0131ndan do\u011facak olan t\u00fcm sorumluluk \u00fcr\u00fcn sipari\u015fini vermi\u015f olan ger\u00e7ek yada t\u00fczel ki\u015fili\u011fe aittir.<\/p><p>\u00dcr\u00fcn\u00fcn kargo ile adres yanl\u0131\u015fl\u0131\u011f\u0131 nedeni ile iadesi durumunda ikinci g\u00f6nderi \u00fccrete tabii olup adresi yanl\u0131\u015f ve eksik beyan etmi\u015f olan ki\u015fiye aittir.<\/p><p>\u00dcr\u00fcnlerin teslimi sonras\u0131 do\u011fan hak ve sorumluluklar s\u00f6z konusu s\u00f6zle\u015fmenin taraflar\u0131na ait olup, bunlar\u0131n ifas\u0131nda Gelisencocugum.com\u2019 un hi\u00e7 bir sorumlulu\u011fu yoktur.<\/p><p>Gelisencocugum.com, Kullan\u0131c\u0131\/\u00dcye taraf\u0131ndan Gelisencocugum.com \u2019a iletilen veya Site \u00fczerinden kendileri taraf\u0131ndan y\u00fcklenen, de\u011fi\u015ftirilen veya sa\u011flanan bilgi ve i\u00e7eriklerin do\u011frulu\u011funu ara\u015ft\u0131rma, bu bilgi ve i\u00e7eriklerin g\u00fcvenli, do\u011fru ve hukuka uygun oldu\u011funu taahh\u00fct ve garanti etmekle y\u00fck\u00fcml\u00fc ve sorumlu olmad\u0131\u011f\u0131 gibi, s\u00f6z konusu bilgi ve i\u00e7eriklerin yanl\u0131\u015f veya hatal\u0131 olmas\u0131ndan dolay\u0131 ortaya \u00e7\u0131kacak hi\u00e7bir zarardan da sorumlu tutulamaz.<br \/>Tahsilat \u00a0sayfas\u0131nda istenen kredi kart\u0131 bilgileri, siteden al\u0131\u015fveri\u015f yapan m\u00fc\u015fterilerin g\u00fcvenli\u011fini en \u00fcst seviyede tutmak amac\u0131yla hi\u00e7bir \u015fekilde Gelisencocugum.com sunucular\u0131nda tutulmamaktad\u0131r. Bu \u015fekilde \u00f6demeye y\u00f6nelik t\u00fcm i\u015flemlerin gelisencocugum.com ara y\u00fcz\u00fc \u00fczerinden banka ve bilgisayar\u0131n\u0131z aras\u0131nda ger\u00e7ekle\u015fmesi sa\u011flanmaktad\u0131r.<br \/><strong>\u00a0<br \/>4. Fikri M\u00fclkiyet Haklar\u0131; Her Hakk\u0131 Sakl\u0131d\u0131r \u00a9<\/strong><\/p><p>\u0130\u015fbu sitede yer alan unvan, i\u015fletme ad\u0131, marka, patent, logo, tasar\u0131m, bilgi ve y\u00f6ntem gibi tescilli veya tescilsiz t\u00fcm fikri m\u00fclkiyet haklar\u0131 Gelisencocugum.com veya belirtilen ilgilisine aittir ve ulusal ile uluslararas\u0131 hukukun korumas\u0131 alt\u0131ndad\u0131r. \u0130\u015fbu sitenin ziyaret edilmesi veya bu sitedeki hizmetlerden yararlan\u0131lmas\u0131 s\u00f6z konusu fikri m\u00fclkiyet haklar\u0131 konusunda hi\u00e7 bir hak vermez.<\/p><p>Web sitemiz ya da e-posta ile g\u00f6r\u00fc\u015f ve \u00f6nerilerinizi bize bildirebilirsiniz. G\u00f6r\u00fc\u015f ve \u00f6nerileriniz Gelisencocugum.com\u2019 a g\u00f6ndermekle \u015firketimizin s\u00f6z konusu bu g\u00f6r\u00fc\u015f ve \u00f6nerilerinizi istedi\u011fi gibi kullanma hakk\u0131 oldu\u011funu ve bu y\u00fczden her hangi bir hak talebinde bulunmayaca\u011f\u0131n\u0131z\u0131 pe\u015finen kabul etmi\u015f say\u0131l\u0131rs\u0131n\u0131z.<\/p><p>Sitemizde yer alan bilgilerin \u00e7o\u011falt\u0131lmas\u0131, ba\u015fka bir lisana \u00e7evrilmesi, saklanmas\u0131 veya i\u015fleme tutulmas\u0131 da d\u00e2hil herhangi bir \u015fekilde kullan\u0131lmas\u0131 i\u00e7in Gelisencocugum.com&#8217; un \u00f6nceden yaz\u0131l\u0131 izni ve onay\u0131 gerekir. Bu sebeple i\u015fbu sitede yer alan bilgiler Gelisencocugum.com&#8217; un yaz\u0131l\u0131 izni olmadan hi\u00e7bir \u015fekilde \u00e7o\u011falt\u0131lamaz, yay\u0131nlanamaz, kopyalanamaz, sunulamaz ve\/veya aktar\u0131lamaz. Sitenin b\u00fct\u00fcn\u00fc veya bir k\u0131sm\u0131 di\u011fer bir web sitesinde izinsiz olarak kullan\u0131lamaz.<\/p><p>Gelisencocugum.com&#8217; un yaz\u0131l\u0131 izni olmad\u0131k\u00e7a bu internet sitesine link verilmesi de yasakt\u0131r.<br \/>Telif hakk\u0131 \u00a0gelisencocugum.com &#8216;ne aittir. T\u00fcm haklar sakl\u0131d\u0131r. Bu sitede yay\u0131nlanan metin, g\u00f6rsel, ses, animasyon ve video dosyalar\u0131 ile tasar\u0131mlar\u0131 5846 say\u0131l\u0131 Yasa ve ilgili Mevzuat gere\u011fi telif alt\u0131ndad\u0131r. T\u00fcm \u00f6\u011feler ticari ama\u00e7 i\u00e7in kopyalanamaz, kullan\u0131lamaz ve ba\u015fka sitelerde yay\u0131nlanamaz. Sitede yay\u0131nlanan i\u00e7eriklerin haz\u0131rlanmas\u0131nda i\u015f ortaklar\u0131m\u0131z\u0131n web sayfalar\u0131ndan da faydalan\u0131lm\u0131\u015ft\u0131r.<\/p><p><strong>5. Di\u011fer<\/strong><\/p><p>Kullan\u0131c\u0131 ad\u0131 ve \u015fifreyi kullan\u0131larak yapt\u0131\u011f\u0131 t\u00fcm i\u015flemlerin sorumlulu\u011fu Kullan\u0131c\u0131\/\u00dcyeye aittir. Bu nedenle, Kullan\u0131c\u0131\/\u00dcye s\u00f6z konusu kullan\u0131c\u0131 ad\u0131 ve \u015fifreyi g\u00fcvenli bir \u015fekilde saklamal\u0131, \u00fc\u00e7\u00fcnc\u00fc ki\u015filerle hi\u00e7bir \u015fekilde payla\u015fmamal\u0131, gerekti\u011finde kullan\u0131c\u0131 ad\u0131 ve \u015fifrenin de\u011fi\u015ftirilmesini i\u00e7in Gelisencocugum.com \u2019a ba\u015fvurmay\u0131 veya gerekli i\u015flemi site i\u00e7indeki ilgili alanda kendisi yapmal\u0131d\u0131r.<\/p><p>Kullan\u0131c\u0131\/\u00dcye Site d\u00e2hilinde kendileri taraf\u0131ndan sa\u011flanan bilgi ve i\u00e7eriklerin do\u011fru ve hukuka uygun oldu\u011funu kabul, beyan ve taahh\u00fct ederler. Web sitemiz sadece yasal ama\u00e7larla ve kanunlara sayg\u0131l\u0131 olarak kullan\u0131labilir. Bu siteyi kullanmakla yasalara uygun davranaca\u011f\u0131n\u0131z\u0131 taahh\u00fct etmektesiniz. Haks\u0131z menfaat elde etmek i\u00e7in do\u011fru olmayan beyanlarda bulunmak, mevcut hasarlar\u0131 gizleyerek daha sonraki bir tarihte olmu\u015f gibi g\u00f6stermek, sahte isim ve kredi kartlar\u0131 kullanmak gibi eylemler cezai sorumluluklar do\u011furur. Gelisencocugum.com, bu t\u00fcr davran\u0131\u015flara engel olmak i\u00e7in siteye giri\u015fi yasaklamak, \u015fik\u00e2yette bulunmak v.b.gibi uygun g\u00f6rece\u011fi tedbirleri almaya yetkilidir.<\/p><p>Kullan\u0131c\u0131\/\u00dcye, Gelisencocugum.com \u2019un site \u00fczerinden ger\u00e7ekle\u015ftirece\u011fi her t\u00fcrl\u00fc kampanya ve \u00e7ekili\u015fe kat\u0131lmas\u0131 durumunda, gerekli bilgilerinin ilgili ki\u015fi ve kurumlarla payla\u015f\u0131lmas\u0131n\u0131 kabul, beyan ve taahh\u00fct eder.<\/p><p>Gelisencocugum.com, talep edilen bir hizmeti vermeyi kabul edip etmemekte tamamen serbesttir.<\/p><p>Web sitemize veya web sitemizden kurulan \u201clink\u201dler di\u011fer ki\u015fi ve kurulu\u015flarla bir hukuki ili\u015fki i\u00e7erisinde oldu\u011fumuz veya bu ki\u015fi ve kurulu\u015flar\u0131n edimlerini, g\u00fcvenilirliklerini taahh\u00fct etti\u011fimiz, onlar ad\u0131na hareket etti\u011fimiz veya onlara herhangi bir konuda yetki verdi\u011fimiz ya da bunlar\u0131n eylem ve i\u015flemlerinden sorumlu oldu\u011fumuz anlam\u0131na gelmez. Taraf\u0131m\u0131zdan direkt verilmeyen hi\u00e7 bir taahh\u00fct Gelisencocugum.com i\u00e7in ba\u011flay\u0131c\u0131 de\u011fildir.<br \/>Gelisencocugum.com\u00a0 sitesindeki ba\u011flant\u0131lar sizi\u00a0 gelisencocugum.com\u00a0 sitesinin d\u0131\u015f\u0131na g\u00f6t\u00fcrebilir ve\u00a0 gelisencocugum.com , bu sitelerin i\u00e7eri\u011fi, do\u011frulu\u011fu ya da i\u015fleviyle ilgili olarak, hi\u00e7 bir sorumluluk \u00fcstlenmez. Bu ba\u011flant\u0131lar iyi niyet \u00e7er\u00e7evesinde sunulmaktad\u0131r ve\u00a0 gelisencocugum.com , ba\u011flant\u0131s\u0131n\u0131 verdi\u011fimiz sitelerde daha sonra olabilecek herhangi bir de\u011fi\u015fiklikten sorumlu de\u011fildir.gelisencocugum.com\u00a0 veya ba\u011fl\u0131 \u015firketleri ya da bu sitenin olu\u015fturulmas\u0131, \u00fcretilmesi ya da iletilmesinde yer alan di\u011fer herhangi bir \u00fc\u00e7\u00fcnc\u00fc taraf bu siteye eri\u015fim ya da sitenin kullan\u0131m\u0131ndan do\u011fabilecek herhangi bir do\u011frudan, dolayl\u0131, ar\u0131zi, tali ya da cezai zarar, ziyan, hasar veya sorumluluktan \u00f6t\u00fcr\u00fc sorumlu tutulamaz.<\/p><p>Gelisencocugum.com \u00a0bu sitede yer alan bilgilerin tam ve do\u011fru veya sayfaya kesintisiz giri\u015f sa\u011flanaca\u011f\u0131n\u0131 garanti etmemektedir. \u0130\u015fbu sitede yer alan beyanlar hukuken taahh\u00fct niteli\u011finde say\u0131lmayacakt\u0131r ve ba\u011flay\u0131c\u0131 de\u011fildir. Bu bilgilerle \u00fc\u00e7\u00fcnc\u00fc \u015fah\u0131slar\u0131n haklar\u0131n\u0131n ihlal edilmemesi, m\u00fclkiyet, sat\u0131labilirlik, belirli bir ama\u00e7 i\u00e7in uygunluk ve\/veya bilgisayar vir\u00fcs\u00fc bulunmamas\u0131na ili\u015fkin garantiler d\u00e2hil ancak bunlarla s\u0131n\u0131rl\u0131 kalmamak kayd\u0131yla z\u0131mnen, a\u00e7\u0131k\u00e7a ya da yasal olarak hi\u00e7bir garanti vermemektedir.<\/p><p>Bu internet sitesinde yer alan her t\u00fcrl\u00fc bilgi ve belge Gelisencocugum.com taraf\u0131ndan sadece bilgilendirmek amac\u0131 ile sunulmakta olup, do\u011fruluklar\u0131 ve i\u00e7erikleri taraf\u0131m\u0131zca garanti edilmemektedir. Bu nedenle i\u015fbu bilgi ve belgelere dayan\u0131larak yap\u0131lan i\u015flemlerden dolay\u0131 do\u011facak do\u011frudan ve\/veya dolayl\u0131 her t\u00fcrl\u00fc maddi, manevi zararlar ve masraflardan, \u00fc\u00e7\u00fcnc\u00fc ki\u015filerin u\u011frayabilecekleri zararlardan dolay\u0131 Gelisencocugum.com sorumlu tutulamaz.<\/p><p>Bu internet sitesinin kullan\u0131m\u0131 s\u0131ras\u0131nda herhangi bir ar\u0131za, hata, eksiklik, kesinti, nakilde gecikme, bilgisayar vir\u00fcs\u00fc, hat veya sistem ar\u0131zas\u0131 ya da m\u00fccbir sebepler sonucu do\u011frudan veya dolayl\u0131 ortaya \u00e7\u0131kan zarar, ziyan ve masraflar da d\u00e2hil, bunlarla s\u0131n\u0131rl\u0131 olmamak \u00fczere herhangi bir zarardan Gelisencocugum.com ve\/veya \u00e7al\u0131\u015fanlar\u0131 bu t\u00fcr bir zarar olas\u0131l\u0131\u011f\u0131ndan haberdar edilmi\u015f olsalar dahi sorumlu olamazlar. Bu bilgiler do\u011frultusunda gelisencocugum.com bu sitenin i\u00e7eri\u011finde yer alan bilgilerden ve g\u00f6rsel malzemeden kaynaklanabilecek hatalardan, maddi veya manevi zararlardan hi\u00e7 bir \u015fekilde sorumlu de\u011fildir. Gelisencocugum.com \u2019un gerekli bilgi g\u00fcvenli\u011fi \u00f6nlemlerini almas\u0131na kar\u015f\u0131n, gelisencocugum.com sitesine ve sisteme yap\u0131lan sald\u0131r\u0131lar sonucunda gizli bilgilerin zarar g\u00f6rmesi veya \u00fc\u00e7\u00fcnc\u00fc ki\u015filerin eline ge\u00e7mesi durumunda, Gelisencocugum.com \u2019un herhangi bir sorumlulu\u011fu olmayacakt\u0131r.<\/p><p>Burada yer alan t\u00fcm bilgiler \u00f6nceden haber verilmeksizin de\u011fi\u015ftirilebilir. Gelisencocugum.com, diledi\u011fi zaman sitenin herhangi bir b\u00f6l\u00fcm\u00fcn\u00fc iptal edebilir, de\u011fi\u015ftirebilir ya da haber vermeksizin sitedeki baz\u0131 \u00f6zelliklere ve bilgilere veya sitenin baz\u0131 b\u00f6l\u00fcmlerine eri\u015fimi s\u0131n\u0131rland\u0131rabilir.<\/p><p>Gelisencocugum.com, web sitesinin vir\u00fcs korumas\u0131 \u00f6nlemlerini alm\u0131\u015f olmakla birlikte bu konuda bir garanti vermemektedir. Kullan\u0131c\u0131n\u0131n vir\u00fcslerden korunma konusunda gerekli \u00f6nlemleri almas\u0131 tavsiye edilir.<\/p><p>Gelisencocugum.com web sitesini kullanarak sunulan i\u00e7eri\u011fi ve \u00e7e\u015fitli hizmetleri kullanan ziyaret\u00e7i ve \u00fcyeler yaln\u0131zca hukuka uygun, \u015fahsi veya kurumsal ama\u00e7larla site \u00fczerinden i\u015flem yapabilirler. Kullan\u0131c\u0131lar\u0131n Gelisencocugum.com\u2019 da yapt\u0131\u011f\u0131 i\u015flemlerde hukuki ve cezai sorumluluk kendilerine aittir. Her kullan\u0131c\u0131 Gelisencocugum.com ve\/veya ba\u015fka bir \u00fc\u00e7\u00fcnc\u00fc \u015fahs\u0131n haklar\u0131na tecav\u00fcz te\u015fkil edecek nitelikteki herhangi bir i\u015f ve eylemde bulunmayaca\u011f\u0131n\u0131, yaz\u0131l\u0131, g\u00f6rsel ve i\u015fitsel bilgileri a\u00e7\u0131klamayaca\u011f\u0131n\u0131, Gelisencocugum.com&#8217; a a\u00e7\u0131klad\u0131\u011f\u0131 her t\u00fcrl\u00fc yaz\u0131l\u0131, g\u00f6rsel ve i\u015fitsel bilginin Gelisencocugum.com&#8217; a a\u00e7\u0131klad\u0131\u011f\u0131 s\u0131rada her t\u00fcrl\u00fc bi\u00e7imde kullan\u0131lmas\u0131, i\u015flenmesi, saklanmas\u0131, a\u00e7\u0131klanmas\u0131 ve \u00fc\u00e7\u00fcnc\u00fc ki\u015filere kar\u015f\u0131 if\u015fa edilmesi konusunda Gelisencocugum.com&#8217; un m\u00fcnhas\u0131r hak sahibi oldu\u011funu kabul, beyan ve taahh\u00fct eder.<\/p><p><strong>6. M\u00fccbir Sebepler<\/strong><\/p><p>Hukuken &#8216;m\u00fccbir sebep&#8217; say\u0131lan t\u00fcm hallerde, Gelisencocugum.com, i\u015fbu S\u00f6zle\u015fme ile belirlenen y\u00fck\u00fcml\u00fcl\u00fcklerinden herhangi birini ge\u00e7 veya eksik ifa etme veya ifa etmeme nedeniyle y\u00fck\u00fcml\u00fc de\u011fildir. Bu ve bunun gibi durumlar, Gelisencocugum.com i\u00e7in, gecikme, eksik ifa etme veya ifa etmeme veya temerr\u00fct addedilmeyecek veya bu durumlar i\u00e7in Gelisencocugum.com \u2019dan herhangi bir nam alt\u0131nda tazminat talep edilemeyecektir. &#8220;M\u00fccbir sebep&#8221; terimi, do\u011fal afet, isyan, sava\u015f, grev, ileti\u015fim sorunlar\u0131, altyap\u0131 ve internet ar\u0131zalar\u0131, elektrik kesintisi ve k\u00f6t\u00fc hava ko\u015fullar\u0131 da d\u00e2hil ve fakat bunlarla s\u0131n\u0131rl\u0131 olmamak kayd\u0131yla, ilgili taraf\u0131n makul kontrol\u00fc haricinde, \u00f6nceden \u00f6ng\u00f6r\u00fclemeyen ve gerekli \u00f6zeni g\u00f6stermesine ra\u011fmen \u00f6nleyemedi\u011fi, ka\u00e7\u0131n\u0131lamayacak olaylar olarak yorumlanacakt\u0131r.<\/p><p><strong>Web sitemiz kanal\u0131yla alaca\u011f\u0131n\u0131z hizmetler nedeniyle bir ihtilaf olmas\u0131 durumunda\u00a0<\/strong>\u0130\u015fbu Kullan\u0131c\u0131 S\u00f6zle\u015fmesi&#8217;nin uygulanmas\u0131nda, yorumlanmas\u0131nda ve h\u00fck\u00fcmleri d\u00e2hilinde do\u011fan hukuki ili\u015fkilerin y\u00f6netiminde T\u00fcrk Hukuku uygulanacakt\u0131r. \u0130\u015fbu Kullan\u0131c\u0131 S\u00f6zle\u015fmesi&#8217;nden do\u011fan veya do\u011fabilecek her t\u00fcrl\u00fc ihtilaf\u0131n hallinde, \u0130stanbul\/Kad\u0131k\u00f6y Mahkemeleri ve \u0130cra Daireleri yetkilidir.<\/p>\t\t\t\t\t<\/div>\n\t\t\t\t\t\t<\/div>\n\t\t\t\t<\/div>\n\t\t\t\t\t\t<\/div>\n\t\t\t\t\t<\/div>\n\t\t<\/div>\n\t\t\t\t\t\t\t\t<\/div>\n\t\t\t\t\t<\/div>\n\t\t<\/section>\n\t\t\t\t\t\t<\/div>\n\t\t\t\t\t<\/div>\n\t\t<\/div>\n\t\t\t\t<div class=\"elementor-column elementor-col-33 elementor-top-column elementor-element elementor-element-68935ef\" data-id=\"68935ef\" data-element_type=\"column\">\n\t\t\t<div class=\"elementor-column-wrap elementor-element-populated\">\n\t\t\t\t\t\t\t<div class=\"elementor-widget-wrap\">\n\t\t\t\t\t\t<div class=\"elementor-element elementor-element-123e002 elementor-widget elementor-widget-image\" data-id=\"123e002\" data-element_type=\"widget\" data-widget_type=\"image.default\">\n\t\t\t\t<div class=\"elementor-widget-container\">\n\t\t\t\t\t\t\t\t<div class=\"elementor-image\">\n\t\t\t\t\t\t\t\t\t\t\t\t<img width=\"400\" height=\"114\" src=\"https:\/\/i0.wp.com\/www.gelisencocugum.com\/TR\/wp-content\/uploads\/2020\/11\/logo2.png?fit=400%2C114&amp;ssl=1\" class=\"attachment-large size-large\" alt=\"\" loading=\"lazy\" srcset=\"https:\/\/i0.wp.com\/www.gelisencocugum.com\/TR\/wp-content\/uploads\/2020\/11\/logo2.png?w=400&amp;ssl=1 400w, https:\/\/i0.wp.com\/www.gelisencocugum.com\/TR\/wp-content\/uploads\/2020\/11\/logo2.png?resize=300%2C86&amp;ssl=1 300w\" sizes=\"(max-width: 400px) 100vw, 400px\" \/>\t\t\t\t\t\t\t\t\t\t\t\t\t\t<\/div>\n\t\t\t\t\t\t<\/div>\n\t\t\t\t<\/div>\n\t\t\t\t<div class=\"elementor-element elementor-element-28731d3 elementor-widget elementor-widget-spacer\" data-id=\"28731d3\" data-element_type=\"widget\" data-widget_type=\"spacer.default\">\n\t\t\t\t<div class=\"elementor-widget-container\">\n\t\t\t\t\t<div class=\"elementor-spacer\">\n\t\t\t<div class=\"elementor-spacer-inner\"><\/div>\n\t\t<\/div>\n\t\t\t\t<\/div>\n\t\t\t\t<\/div>\n\t\t\t\t\t\t<\/div>\n\t\t\t\t\t<\/div>\n\t\t<\/div>\n\t\t\t\t\t\t\t\t<\/div>\n\t\t\t\t\t<\/div>\n\t\t<\/section>\n\t\t\t\t\t\t<\/div>\n\t\t\t\t\t\t<\/div>\n\t\t\t\t\t<\/div>\n\t\t","protected":false},"excerpt":{"rendered":"<p>Gelisencocugum.com \u00a0KULLANICI S\u00d6ZLE\u015eMES\u0130 \u0130\u015fbu siteyi ziyaret eden veya bu sitede sunulan hizmetlerden yararlanmay\u0131 talep eden herkes i\u015fbu &#8220;Kullan\u0131m Ko\u015fullar\u0131 ve Hukuki \u015eartlar&#8221; da yer alan h\u00fck\u00fcm ve \u015fartlar\u0131n tamam\u0131n\u0131 aynen kabul eder. Gelisencocugum.com internet sitesini kullanan veya Gelisencocugum.com taraf\u0131ndan sunulan hizmetlerden yararlanmay\u0131 talep eden ki\u015filer, i\u015fbu \u201cKullan\u0131m Ko\u015fullar\u0131 ve Hukuki \u015eartlar\u201d da yer alan h\u00fck\u00fcm [&hellip;]<\/p>\n","protected":false},"author":1,"featured_media":0,"parent":0,"menu_order":0,"comment_status":"closed","ping_status":"closed","template":"elementor_header_footer","meta":{"spay_email":""},"_links":{"self":[{"href":"https:\/\/www.gelisencocugum.com\/TR\/wp-json\/wp\/v2\/pages\/467"}],"collection":[{"href":"https:\/\/www.gelisencocugum.com\/TR\/wp-json\/wp\/v2\/pages"}],"about":[{"href":"https:\/\/www.gelisencocugum.com\/TR\/wp-json\/wp\/v2\/types\/page"}],"author":[{"embeddable":true,"href":"https:\/\/www.gelisencocugum.com\/TR\/wp-json\/wp\/v2\/users\/1"}],"replies":[{"embeddable":true,"href":"https:\/\/www.gelisencocugum.com\/TR\/wp-json\/wp\/v2\/comments?post=467"}],"version-history":[{"count":3,"href":"https:\/\/www.gelisencocugum.com\/TR\/wp-json\/wp\/v2\/pages\/467\/revisions"}],"predecessor-version":[{"id":470,"href":"https:\/\/www.gelisencocugum.com\/TR\/wp-json\/wp\/v2\/pages\/467\/revisions\/470"}],"wp:attachment":[{"href":"https:\/\/www.gelisencocugum.com\/TR\/wp-json\/wp\/v2\/media?parent=467"}],"curies":[{"name":"wp","href":"https:\/\/api.w.org\/{rel}","templated":true}]}}