{"id":472,"date":"2020-11-22T12:52:35","date_gmt":"2020-11-22T12:52:35","guid":{"rendered":"https:\/\/www.gelisencocugum.com\/TR\/?page_id=472"},"modified":"2020-11-22T12:53:59","modified_gmt":"2020-11-22T12:53:59","slug":"mesafeli-satis-sozlesmesi","status":"publish","type":"page","link":"https:\/\/www.gelisencocugum.com\/TR\/mesafeli-satis-sozlesmesi\/","title":{"rendered":"Mesafeli Sat\u0131\u015f \u015e\u00f6zle\u015fmesi"},"content":{"rendered":"\t\t<div data-elementor-type=\"wp-page\" data-elementor-id=\"472\" class=\"elementor elementor-472\" data-elementor-settings=\"[]\">\n\t\t\t\t\t\t<div class=\"elementor-inner\">\n\t\t\t\t\t\t\t<div class=\"elementor-section-wrap\">\n\t\t\t\t\t\t\t<section data-particle_enable=\"false\" data-particle-mobile-disabled=\"false\" class=\"elementor-section elementor-top-section elementor-element elementor-element-df5b095 elementor-section-boxed elementor-section-height-default elementor-section-height-default\" data-id=\"df5b095\" data-element_type=\"section\">\n\t\t\t\t\t\t<div class=\"elementor-container elementor-column-gap-default\">\n\t\t\t\t\t\t\t<div class=\"elementor-row\">\n\t\t\t\t\t<div class=\"elementor-column elementor-col-66 elementor-top-column elementor-element elementor-element-c9d67fd\" data-id=\"c9d67fd\" data-element_type=\"column\">\n\t\t\t<div class=\"elementor-column-wrap elementor-element-populated\">\n\t\t\t\t\t\t\t<div class=\"elementor-widget-wrap\">\n\t\t\t\t\t\t<section data-particle_enable=\"false\" data-particle-mobile-disabled=\"false\" class=\"elementor-section elementor-inner-section elementor-element elementor-element-020d873 elementor-section-boxed elementor-section-height-default elementor-section-height-default\" data-id=\"020d873\" data-element_type=\"section\">\n\t\t\t\t\t\t<div class=\"elementor-container elementor-column-gap-default\">\n\t\t\t\t\t\t\t<div class=\"elementor-row\">\n\t\t\t\t\t<div class=\"elementor-column elementor-col-100 elementor-inner-column elementor-element elementor-element-337aab2\" data-id=\"337aab2\" data-element_type=\"column\">\n\t\t\t<div class=\"elementor-column-wrap elementor-element-populated\">\n\t\t\t\t\t\t\t<div class=\"elementor-widget-wrap\">\n\t\t\t\t\t\t<div class=\"elementor-element elementor-element-f53fdae elementor-widget elementor-widget-heading\" data-id=\"f53fdae\" data-element_type=\"widget\" data-widget_type=\"heading.default\">\n\t\t\t\t<div class=\"elementor-widget-container\">\n\t\t\t<h2 class=\"elementor-heading-title elementor-size-default\">GEL\u0130\u015eEN YAYINCILIK SANAY\u0130 VE T\u0130CARET L\u0130M\u0130TED \u015e\u0130RKET\u0130 <br><br>MESAFEL\u0130 SATI\u015e S\u00d6ZLE\u015eMES\u0130<\/h2>\t\t<\/div>\n\t\t\t\t<\/div>\n\t\t\t\t\t\t<\/div>\n\t\t\t\t\t<\/div>\n\t\t<\/div>\n\t\t\t\t\t\t\t\t<\/div>\n\t\t\t\t\t<\/div>\n\t\t<\/section>\n\t\t\t\t<section data-particle_enable=\"false\" data-particle-mobile-disabled=\"false\" class=\"elementor-section elementor-inner-section elementor-element elementor-element-f0759ab elementor-section-boxed elementor-section-height-default elementor-section-height-default\" data-id=\"f0759ab\" data-element_type=\"section\">\n\t\t\t\t\t\t<div class=\"elementor-container elementor-column-gap-default\">\n\t\t\t\t\t\t\t<div class=\"elementor-row\">\n\t\t\t\t\t<div class=\"elementor-column elementor-col-100 elementor-inner-column elementor-element elementor-element-15363a4\" data-id=\"15363a4\" data-element_type=\"column\">\n\t\t\t<div class=\"elementor-column-wrap elementor-element-populated\">\n\t\t\t\t\t\t\t<div class=\"elementor-widget-wrap\">\n\t\t\t\t\t\t<div class=\"elementor-element elementor-element-ea49e2b elementor-widget elementor-widget-text-editor\" data-id=\"ea49e2b\" data-element_type=\"widget\" data-widget_type=\"text-editor.default\">\n\t\t\t\t<div class=\"elementor-widget-container\">\n\t\t\t\t\t\t\t\t<div class=\"elementor-text-editor elementor-clearfix\">\n\t\t\t\t<p><strong>MADDE 1- TARAFLAR<\/strong><\/p><p>1.1- SATICI:<br \/>\u00dcnvan\u0131 : Geli\u015fen Yay\u0131nc\u0131l\u0131k Sanayi Ve Ticaret Limited \u015eirketi<br \/>Eticaret site adresi: www.gelisencocugum.com<br \/>Adresi : Levent Mah. S\u00fcl\u00fcn Sk. No. 22 Be\u015fikta\u015f \u0130STANBUL \/ T\u00dcRK\u0130YE<br \/>Telefon : +90 532 284 8874<\/p><p>1.2- ALICI:<br \/>Ad\u0131\/soyad\u0131\/\u00dcnvan\u0131: ,<br \/>Adresi : , ,<br \/>Telefon: 0, 0, 0<br \/>Email:<\/p><p><strong>MADDE 2- KONU<\/strong><br \/>\u0130\u015fbu s\u00f6zle\u015fmenin konusu, ALICI\u2019n\u0131n SATICI\u2019ya ait www.matematikhamleleri.com.tr internet sitesinden elektronik ortamda sipari\u015fini yapt\u0131\u011f\u0131 a\u015fa\u011f\u0131da nitelikleri ve sat\u0131\u015f fiyat\u0131 belirtilen \u00fcr\u00fcn\u00fcn sat\u0131\u015f\u0131 ve teslimi ile ilgili olarak 4077 say\u0131l\u0131 T\u00fcketicilerin Korunmas\u0131 Hakk\u0131ndaki Kanun ve Mesafeli S\u00f6zle\u015fmeleri Uygulama Esas ve Usulleri Hakk\u0131nda Y\u00f6netmelik h\u00fck\u00fcmleri gere\u011fince taraflar\u0131n hak ve y\u00fck\u00fcml\u00fcl\u00fcklerinin saptanmas\u0131d\u0131r.<\/p><p><strong>MADDE 3- S\u00d6ZLE\u015eME KONUSU \u00dcR\u00dcN<\/strong><br \/>\u00dcr\u00fcnlerin Cinsi ve T\u00fcr\u00fc, Miktar\u0131, Marka\/Modeli, Rengi a\u015fa\u011f\u0131da belirtildi\u011fi gibidir.<br \/>Adet:<br \/>\u00d6deme \u015eekli:<br \/>Teslimat Adresi : , ,<br \/>Teslim Edilecek Ki\u015fi :<br \/>Fatura Adresi : , ,<\/p><p><strong>MADDE 4- GENEL H\u00dcK\u00dcMLER<\/strong><br \/>4.1- ALICI, SATICI internet sitesinde s\u00f6zle\u015fme konusu \u00fcr\u00fcnlerin temel nitelikleri, sat\u0131\u015f fiyat\u0131 ve \u00f6deme \u015fekli ile teslimata ili\u015fkin \u00f6n bilgileri okuyup bilgi sahibi oldu\u011funu ve elektronik ortamda gerekli teyidi verdi\u011fini beyan eder.<br \/>4.2- S\u00f6zle\u015fme konusu \u00fcr\u00fcn, yasal 30 g\u00fcnl\u00fck s\u00fcreyi a\u015fmamak ko\u015fulu ile her bir \u00fcr\u00fcn i\u00e7in ALICI\u2019n\u0131n yerle\u015fim yerinin uzakl\u0131\u011f\u0131na ba\u011fl\u0131 olarak internet sitesinde \u00f6n bilgiler i\u00e7inde a\u00e7\u0131klanan s\u00fcre i\u00e7inde ALICI veya g\u00f6sterdi\u011fi adresteki ki\u015fi\/kurulu\u015fa teslim edilir.<br \/>4.3- S\u00f6zle\u015fme konusu \u00fcr\u00fcn, ALICI\u2019dan ba\u015fka bir ki\u015fi\/kurulu\u015fa teslim edilecek ise, teslim edilecek ki\u015fi\/kurulu\u015fun teslimat\u0131 kabul etmemesinden SATICI sorumlu tutulamaz.<br \/>4.4- SATICI, s\u00f6zle\u015fme konusu \u00fcr\u00fcn\u00fcn sa\u011flam, eksiksiz, sipari\u015fte belirtilen niteliklere uygun ve varsa garanti belgeleri ve kullan\u0131m k\u0131lavuzlar\u0131 ile teslim edilmesinden sorumludur.<br \/>4.5- S\u00f6zle\u015fme konusu \u00fcr\u00fcn\u00fcn teslimat\u0131 i\u00e7in \u00fcr\u00fcn(ler) bedelinin ALICI\u2019n\u0131n tercih etti\u011fi \u00f6deme \u015fekli ile \u00f6denmi\u015f olmas\u0131 \u015fartt\u0131r. Herhangi bir nedenle \u00fcr\u00fcn bedeli \u00f6denmez veya banka kay\u0131tlar\u0131nda iptal edilir ise, SATICI \u00fcr\u00fcn\u00fcn teslimi y\u00fck\u00fcml\u00fcl\u00fc\u011f\u00fcnden kurtulmu\u015f kabul edilir.<br \/>4.6- \u00dcr\u00fcn\u00fcn tesliminden sonra ALICI\u2019ya ait kredi kart\u0131n\u0131n ALICI\u2019n\u0131n kusurundan kaynaklanmayan bir \u015fekilde yetkisiz ki\u015filerce haks\u0131z veya hukuka ayk\u0131r\u0131 olarak kullan\u0131lmas\u0131 nedeni ile ilgili banka veya finans kurulu\u015fun \u00fcr\u00fcn bedelini SATICI\u2019ya \u00f6dememesi halinde, ALICI\u2019n\u0131n kendisine teslim edilmi\u015f olmas\u0131 kayd\u0131yla \u00fcr\u00fcn\u00fcn 3 g\u00fcn i\u00e7inde SATICI\u2019ya g\u00f6nderilmesi zorunludur. Bu takdirde nakliye giderleri ALICI\u2019ya aittir.<br \/>4.7- SATICI m\u00fccbir sebepler veya nakliyeyi engelleyen hava muhalefeti, ula\u015f\u0131m\u0131n kesilmesi gibi ola\u011fan\u00fcst\u00fc durumlar nedeni ile s\u00f6zle\u015fme konusu \u00fcr\u00fcn\u00fc s\u00fcresi i\u00e7inde teslim edemez ise, durumu ALICI\u2019ya bildirmekle y\u00fck\u00fcml\u00fcd\u00fcr. Bu takdirde ALICI sipari\u015fin iptal edilmesini, s\u00f6zle\u015fme konusu \u00fcr\u00fcn\u00fcn varsa emsali ile de\u011fi\u015ftirilmesini, ve\/veya teslimat s\u00fcresinin engelleyici durumun ortadan kalkmas\u0131na kadar ertelenmesi haklar\u0131ndan birini kullanabilir. ALICI\u2019n\u0131n sipari\u015fi iptal etmesi halinde \u00f6dedi\u011fi tutar 10 g\u00fcn i\u00e7inde kendisine nakten ve defaten \u00f6denir.<br \/>4.8- Garanti belgesi ile sat\u0131lan \u00fcr\u00fcnlerden olan veya olmayan \u00fcr\u00fcnlerin ar\u0131zal\u0131 veya bozuk olanlar, garanti \u015fartlar\u0131 i\u00e7inde gerekli onar\u0131m\u0131n yap\u0131lmas\u0131 i\u00e7in SATICI\u2019ya g\u00f6nderilebilir, bu takdirde kargo giderleri SATICI taraf\u0131ndan kar\u015f\u0131lanacakt\u0131r.<br \/>4.9- Tipografi hatalar ve yanl\u0131\u015f fiyat girilmesinden firmam\u0131z sorumlu tutulamaz.<\/p><p><strong>MADDE 5- CAYMA HAKKI<\/strong><br \/>ALICI, s\u00f6zle\u015fme konusu \u00fcr\u00fcn\u00fcn kendisine veya g\u00f6sterdi\u011fi adresteki ki\u015fi\/kurulu\u015fa tesliminden itibaren 7 g\u00fcn i\u00e7inde cayma hakk\u0131na sahiptir. Cayma hakk\u0131n\u0131n kullan\u0131lmas\u0131 i\u00e7in bu s\u00fcre i\u00e7inde SATICI\u2019ya faks, email veya telefon ile bildirimde bulunulmas\u0131 ve \u00fcr\u00fcn\u00fcn 6. madde h\u00fck\u00fcmleri \u00e7er\u00e7evesinde kullan\u0131lmam\u0131\u015f olmas\u0131 \u015fartt\u0131r. Bu hakk\u0131n kullan\u0131lmas\u0131 halinde, 3. ki\u015fiye veya ALICI\u2019ya teslim edilen \u00fcr\u00fcn\u00fcn SATICI\u2019ya g\u00f6nderildi\u011fine ili\u015fkin kargo teslim tutana\u011f\u0131 \u00f6rne\u011fi ile fatura asl\u0131n\u0131n iadesi zorunludur. Bu belgelerin ula\u015fmas\u0131n\u0131 takip eden 7 g\u00fcn i\u00e7inde \u00fcr\u00fcn bedeli ALICI\u2019ya iade edilir. Fatura asl\u0131 g\u00f6nderilmez ise KDV ve varsa sair yasal y\u00fck\u00fcml\u00fcl\u00fckler iade edilemez. Cayma hakk\u0131 nedeni ile iade edilen \u00fcr\u00fcn\u00fcn kargo bedeli ALICI taraf\u0131ndan kar\u015f\u0131lan\u0131r.<\/p><p><strong>MADDE 6- CAYMA HAKKI KULLANILAMAYACAK \u00dcR\u00dcNLER<\/strong><br \/>Niteli\u011fi itibariyle iade edilemeyecek \u00fcr\u00fcnler, tek kullan\u0131ml\u0131k \u00fcr\u00fcnler, kopyalanabilir kitap, yaz\u0131l\u0131m ve programlar, h\u0131zl\u0131 bozulan veya son kullan\u0131m tarihi ge\u00e7en \u00fcr\u00fcnler i\u00e7in cayma hakk\u0131 kullan\u0131lamaz. A\u015fa\u011f\u0131daki \u00fcr\u00fcnlerde cayma hakk\u0131n\u0131n kullan\u0131lmasi,\u00a0<strong>\u00fcr\u00fcn\u00fcn ambalaj\u0131n\u0131n a\u00e7\u0131lmam\u0131\u015f, bozulmam\u0131\u015f ve \u00fcr\u00fcn\u00fcn kullan\u0131lmam\u0131\u015f olmas\u0131 \u015fart\u0131na ba\u011fl\u0131d\u0131r<\/strong>.<br \/>-Her t\u00fcrl\u00fc kitap, yaz\u0131l\u0131m ve programlar<br \/>-DVD, VCD, CD ve kasetler<br \/>-Bilgisayar ve kirtasiye sarf malzemeleri (toner, kartus, serit v.b)<br \/>-H\u00fcr t\u00fcrl\u00fc kozmetik ve sa\u011fl\u0131k \u00fcr\u00fcnleri<\/p><p><strong>MADDE 7- YETK\u0130L\u0130 MAHKEME<\/strong><br \/>i\u015fbu s\u00f6zle\u015fmenin uygulanmas\u0131nda, Sanayi ve Ticaret Bakanl\u0131\u011f\u0131nca ilan edilen de\u011fere kadar T\u00fcketici Hakem Heyetleri ile ALICI\u2019n\u0131n veya SATICI\u2019n\u0131n yerle\u015fim yerindeki T\u00fcketici Mahkemeleri yetkilidir.<\/p><p>Sipari\u015fin ger\u00e7ekle\u015fmesi durumunda ALICI i\u015fbu s\u00f6zle\u015fmenin t\u00fcm ko\u015fullar\u0131n\u0131 kabul etmi\u015f say\u0131l\u0131r.<\/p><p>\u00a0<\/p>\t\t\t\t\t<\/div>\n\t\t\t\t\t\t<\/div>\n\t\t\t\t<\/div>\n\t\t\t\t\t\t<\/div>\n\t\t\t\t\t<\/div>\n\t\t<\/div>\n\t\t\t\t\t\t\t\t<\/div>\n\t\t\t\t\t<\/div>\n\t\t<\/section>\n\t\t\t\t\t\t<\/div>\n\t\t\t\t\t<\/div>\n\t\t<\/div>\n\t\t\t\t<div class=\"elementor-column elementor-col-33 elementor-top-column elementor-element elementor-element-68935ef\" data-id=\"68935ef\" data-element_type=\"column\">\n\t\t\t<div class=\"elementor-column-wrap elementor-element-populated\">\n\t\t\t\t\t\t\t<div class=\"elementor-widget-wrap\">\n\t\t\t\t\t\t<div class=\"elementor-element elementor-element-123e002 elementor-widget elementor-widget-image\" data-id=\"123e002\" data-element_type=\"widget\" data-widget_type=\"image.default\">\n\t\t\t\t<div class=\"elementor-widget-container\">\n\t\t\t\t\t\t\t\t<div class=\"elementor-image\">\n\t\t\t\t\t\t\t\t\t\t\t\t<img width=\"400\" height=\"114\" src=\"https:\/\/i0.wp.com\/www.gelisencocugum.com\/TR\/wp-content\/uploads\/2020\/11\/logo2.png?fit=400%2C114&amp;ssl=1\" class=\"attachment-large size-large\" alt=\"\" loading=\"lazy\" srcset=\"https:\/\/i0.wp.com\/www.gelisencocugum.com\/TR\/wp-content\/uploads\/2020\/11\/logo2.png?w=400&amp;ssl=1 400w, https:\/\/i0.wp.com\/www.gelisencocugum.com\/TR\/wp-content\/uploads\/2020\/11\/logo2.png?resize=300%2C86&amp;ssl=1 300w\" sizes=\"(max-width: 400px) 100vw, 400px\" \/>\t\t\t\t\t\t\t\t\t\t\t\t\t\t<\/div>\n\t\t\t\t\t\t<\/div>\n\t\t\t\t<\/div>\n\t\t\t\t<div class=\"elementor-element elementor-element-28731d3 elementor-widget elementor-widget-spacer\" data-id=\"28731d3\" data-element_type=\"widget\" data-widget_type=\"spacer.default\">\n\t\t\t\t<div class=\"elementor-widget-container\">\n\t\t\t\t\t<div class=\"elementor-spacer\">\n\t\t\t<div class=\"elementor-spacer-inner\"><\/div>\n\t\t<\/div>\n\t\t\t\t<\/div>\n\t\t\t\t<\/div>\n\t\t\t\t\t\t<\/div>\n\t\t\t\t\t<\/div>\n\t\t<\/div>\n\t\t\t\t\t\t\t\t<\/div>\n\t\t\t\t\t<\/div>\n\t\t<\/section>\n\t\t\t\t\t\t<\/div>\n\t\t\t\t\t\t<\/div>\n\t\t\t\t\t<\/div>\n\t\t","protected":false},"excerpt":{"rendered":"<p>GEL\u0130\u015eEN YAYINCILIK SANAY\u0130 VE T\u0130CARET L\u0130M\u0130TED \u015e\u0130RKET\u0130 MESAFEL\u0130 SATI\u015e S\u00d6ZLE\u015eMES\u0130 MADDE 1- TARAFLAR 1.1- SATICI:\u00dcnvan\u0131 : Geli\u015fen Yay\u0131nc\u0131l\u0131k Sanayi Ve Ticaret Limited \u015eirketiEticaret site adresi: www.gelisencocugum.comAdresi : Levent Mah. S\u00fcl\u00fcn Sk. No. 22 Be\u015fikta\u015f \u0130STANBUL \/ T\u00dcRK\u0130YETelefon : +90 532 284 8874 1.2- ALICI:Ad\u0131\/soyad\u0131\/\u00dcnvan\u0131: ,Adresi : , ,Telefon: 0, 0, 0Email: MADDE 2- KONU\u0130\u015fbu s\u00f6zle\u015fmenin [&hellip;]<\/p>\n","protected":false},"author":1,"featured_media":0,"parent":0,"menu_order":0,"comment_status":"closed","ping_status":"closed","template":"elementor_header_footer","meta":{"spay_email":""},"_links":{"self":[{"href":"https:\/\/www.gelisencocugum.com\/TR\/wp-json\/wp\/v2\/pages\/472"}],"collection":[{"href":"https:\/\/www.gelisencocugum.com\/TR\/wp-json\/wp\/v2\/pages"}],"about":[{"href":"https:\/\/www.gelisencocugum.com\/TR\/wp-json\/wp\/v2\/types\/page"}],"author":[{"embeddable":true,"href":"https:\/\/www.gelisencocugum.com\/TR\/wp-json\/wp\/v2\/users\/1"}],"replies":[{"embeddable":true,"href":"https:\/\/www.gelisencocugum.com\/TR\/wp-json\/wp\/v2\/comments?post=472"}],"version-history":[{"count":2,"href":"https:\/\/www.gelisencocugum.com\/TR\/wp-json\/wp\/v2\/pages\/472\/revisions"}],"predecessor-version":[{"id":474,"href":"https:\/\/www.gelisencocugum.com\/TR\/wp-json\/wp\/v2\/pages\/472\/revisions\/474"}],"wp:attachment":[{"href":"https:\/\/www.gelisencocugum.com\/TR\/wp-json\/wp\/v2\/media?parent=472"}],"curies":[{"name":"wp","href":"https:\/\/api.w.org\/{rel}","templated":true}]}}