{"id":476,"date":"2020-11-22T12:59:48","date_gmt":"2020-11-22T12:59:48","guid":{"rendered":"https:\/\/www.gelisencocugum.com\/TR\/?page_id=476"},"modified":"2020-11-22T13:01:56","modified_gmt":"2020-11-22T13:01:56","slug":"kvkk-bilgi-formu","status":"publish","type":"page","link":"https:\/\/www.gelisencocugum.com\/TR\/kvkk-bilgi-formu\/","title":{"rendered":"KVKK Bilgi Formu"},"content":{"rendered":"\t\t<div data-elementor-type=\"wp-page\" data-elementor-id=\"476\" class=\"elementor elementor-476\" data-elementor-settings=\"[]\">\n\t\t\t\t\t\t<div class=\"elementor-inner\">\n\t\t\t\t\t\t\t<div class=\"elementor-section-wrap\">\n\t\t\t\t\t\t\t<section data-particle_enable=\"false\" data-particle-mobile-disabled=\"false\" class=\"elementor-section elementor-top-section elementor-element elementor-element-df5b095 elementor-section-boxed elementor-section-height-default elementor-section-height-default\" data-id=\"df5b095\" data-element_type=\"section\">\n\t\t\t\t\t\t<div class=\"elementor-container elementor-column-gap-default\">\n\t\t\t\t\t\t\t<div class=\"elementor-row\">\n\t\t\t\t\t<div class=\"elementor-column elementor-col-66 elementor-top-column elementor-element elementor-element-c9d67fd\" data-id=\"c9d67fd\" data-element_type=\"column\">\n\t\t\t<div class=\"elementor-column-wrap elementor-element-populated\">\n\t\t\t\t\t\t\t<div class=\"elementor-widget-wrap\">\n\t\t\t\t\t\t<section data-particle_enable=\"false\" data-particle-mobile-disabled=\"false\" class=\"elementor-section elementor-inner-section elementor-element elementor-element-020d873 elementor-section-boxed elementor-section-height-default elementor-section-height-default\" data-id=\"020d873\" data-element_type=\"section\">\n\t\t\t\t\t\t<div class=\"elementor-container elementor-column-gap-default\">\n\t\t\t\t\t\t\t<div class=\"elementor-row\">\n\t\t\t\t\t<div class=\"elementor-column elementor-col-100 elementor-inner-column elementor-element elementor-element-337aab2\" data-id=\"337aab2\" data-element_type=\"column\">\n\t\t\t<div class=\"elementor-column-wrap elementor-element-populated\">\n\t\t\t\t\t\t\t<div class=\"elementor-widget-wrap\">\n\t\t\t\t\t\t<div class=\"elementor-element elementor-element-f53fdae elementor-widget elementor-widget-heading\" data-id=\"f53fdae\" data-element_type=\"widget\" data-widget_type=\"heading.default\">\n\t\t\t\t<div class=\"elementor-widget-container\">\n\t\t\t<h2 class=\"elementor-heading-title elementor-size-default\">GEL\u0130\u015eEN \u00c7OCU\u011eUM K\u0130\u015e\u0130SEL VER\u0130LER\u0130N KORUNMASI <br><br>KANUNU HAKKINDA B\u0130LG\u0130LEND\u0130RME<\/h2>\t\t<\/div>\n\t\t\t\t<\/div>\n\t\t\t\t\t\t<\/div>\n\t\t\t\t\t<\/div>\n\t\t<\/div>\n\t\t\t\t\t\t\t\t<\/div>\n\t\t\t\t\t<\/div>\n\t\t<\/section>\n\t\t\t\t<section data-particle_enable=\"false\" data-particle-mobile-disabled=\"false\" class=\"elementor-section elementor-inner-section elementor-element elementor-element-f0759ab elementor-section-boxed elementor-section-height-default elementor-section-height-default\" data-id=\"f0759ab\" data-element_type=\"section\">\n\t\t\t\t\t\t<div class=\"elementor-container elementor-column-gap-default\">\n\t\t\t\t\t\t\t<div class=\"elementor-row\">\n\t\t\t\t\t<div class=\"elementor-column elementor-col-100 elementor-inner-column elementor-element elementor-element-15363a4\" data-id=\"15363a4\" data-element_type=\"column\">\n\t\t\t<div class=\"elementor-column-wrap elementor-element-populated\">\n\t\t\t\t\t\t\t<div class=\"elementor-widget-wrap\">\n\t\t\t\t\t\t<div class=\"elementor-element elementor-element-ea49e2b elementor-widget elementor-widget-text-editor\" data-id=\"ea49e2b\" data-element_type=\"widget\" data-widget_type=\"text-editor.default\">\n\t\t\t\t<div class=\"elementor-widget-container\">\n\t\t\t\t\t\t\t\t<div class=\"elementor-text-editor elementor-clearfix\">\n\t\t\t\t<p>Geli\u015fen \u00c7ocu\u011fum ki\u015fisel verilerinizin hukuka uygun olarak toplanmas\u0131, saklanmas\u0131 ve payla\u015f\u0131lmas\u0131n\u0131 sa\u011flamak ve gizlili\u011finizi korumak amac\u0131yla m\u00fcmk\u00fcn olan en \u00fcst seviyede g\u00fcvenlik tedbirlerini almaktad\u0131r.<\/p><p>Amac\u0131m\u0131z; 6698 say\u0131l\u0131 \u201cKi\u015fisel Verilerin Korunmas\u0131 Kanunu\u2019nun 10. maddesi gere\u011fince ve sizlerin memnuniyeti do\u011frultusunda, ki\u015fisel verilerinizin al\u0131nma \u015fekilleri, i\u015flenme ama\u00e7lar\u0131, payla\u015f\u0131lan ki\u015filer, hukuki nedenleri ve haklar\u0131n\u0131z konular\u0131nda sizi en \u015feffaf \u015fekilde bilgilendirmektir.<\/p><ol><li>a) Veri Sorumlusu<\/li><\/ol><p>\u0130\u015fbu web sitesini kullanman\u0131z ile birlikte, 6698 say\u0131l\u0131 Ki\u015fisel Verilerin Korunmas\u0131 Kanunu (\u201c6698 say\u0131l\u0131 Kanun\u201d) uyar\u0131nca, ki\u015fisel verileriniz; veri sorumlusu olarak <strong>Geli\u015fen Yay\u0131nc\u0131l\u0131k Sanayi Ve Ticaret Limited \u015eirketi<\/strong>. (\u201c\u015e\u0130RKET\u201d) taraf\u0131ndan a\u015fa\u011f\u0131da a\u00e7\u0131klanan kapsamda toplanacak ve i\u015flenebilecektir.<\/p><ol><li>b) Ki\u015fisel Verilerin Hangi Ama\u00e7la \u0130\u015flenece\u011fi<\/li><\/ol><p>\u015e\u0130RKET taraf\u0131ndan, web sitesini kullananlardan, tan\u0131mlama bilgileri(ad, soyad, cep telefonu numaras\u0131, e-posta adresi, do\u011fum tarihi), kullan\u0131lan ayg\u0131t\u0131n i\u015fletim sistemi versiyonu bilgisi, kullan\u0131lan ayg\u0131ttan edinilen konum verileri, rehber verileri, \u00f6deme verileri, \u00fcyelik \u015fifresi, platform i\u00e7i etkile\u015fimler(kaydedilen \u201cfavori\u201d tarif ve men\u00fclerin listesi), ge\u00e7mi\u015f sipari\u015f verileri, Facebook Connect yap\u0131lm\u0131\u015f ise FB ID ve authkey gibi kategorilerde ki\u015fisel veri veya \u00f6zel nitelikli ki\u015fisel verileri toplanabilmektedir.<\/p><p>Toplanan ki\u015fisel verileriniz;<\/p><p>-Ki\u015fisel verilerinizi \u015e\u0130RKET\u2019e a\u00e7\u0131klaman\u0131za konu olan bu uygulama kapsam\u0131nda sunulan hizmet, \u00fcr\u00fcn ve avantajlar\u0131n ger\u00e7ekle\u015ftirilmesi ve bunlardan faydalanman\u0131za ili\u015fkin olarak \u015e\u0130RKET\u2019in tabi oldu\u011fu yasal y\u00fck\u00fcml\u00fcl\u00fcklerin ifa edilmesi ba\u015fta olmak \u00fczere;<\/p><p>\u2013 \u015e\u0130RKET ile i\u015f ili\u015fkisi i\u00e7erisinde olan \u00fc\u00e7\u00fcnc\u00fc ger\u00e7ek veya t\u00fczel ki\u015filer ile yap\u0131lan s\u00f6zle\u015fmeler veya y\u00fcr\u00fct\u00fclen faaliyetler \u00e7er\u00e7evesinde hukuki ve ticari y\u00fck\u00fcml\u00fcl\u00fcklerin ger\u00e7ekle\u015ftirilmesi i\u00e7in, \u015e\u0130RKET taraf\u0131ndan, i\u015f orta\u011f\u0131\/M\u00fc\u015fteri\/tedarik\u00e7i (yetkili veya \u00e7al\u0131\u015fanlar) s\u00f6zle\u015fmeden kaynaklanan y\u00fck\u00fcml\u00fcl\u00fcklerin ifas\u0131, hak tesisi, haklar\u0131n korunmas\u0131, ticari ve hukuki de\u011ferlendirme s\u00fcre\u00e7leri, hukuki ve ticari risk analizleri, hukuki uyum s\u00fcreci, mali i\u015fler y\u00fcr\u00fct\u00fclmesi<\/p><p>\u2013 \u015e\u0130RKET taraf\u0131ndan sunulan \u00fcr\u00fcnlerin, hizmetlerin ve sa\u011flanan avantajlar\u0131n uygulamay\u0131 indirenlerin be\u011feni, kullan\u0131m al\u0131\u015fkanl\u0131klar\u0131 ve ihtiya\u00e7lar\u0131na g\u00f6re \u00f6zelle\u015ftirilerek uygulamay\u0131 indirenlere \u00f6nerilmesi i\u00e7in gerekli \u00e7al\u0131\u015fmalar\u0131n yap\u0131lmas\u0131 amac\u0131 do\u011frultusunda; \u015e\u0130RKET taraf\u0131ndan y\u00fcr\u00fct\u00fclen birebir ve\/veya entegre pazarlama faaliyetleri, sat\u0131\u015f ve sat\u0131\u015f sonras\u0131 operasyonlar,<\/p><p>\u2013 \u015e\u0130RKET taraf\u0131ndan sunulan \u00fcr\u00fcnler, hizmetler ve avantajlardan uygulamay\u0131 indirenleri faydaland\u0131rmak i\u00e7in gerekli \u00e7al\u0131\u015fmalar\u0131n \u015e\u0130RKET i\u015f birimleri taraf\u0131ndan yerine getirilmesi amac\u0131 do\u011frultusunda; \u015e\u0130RKET taraf\u0131ndan y\u00fcr\u00fct\u00fclen m\u00fc\u015fteri memnuniyeti operasyonlar\u0131,<\/p><p>\u2013 \u015e\u0130RKET\u2019in ticari ve i\u015f stratejilerinin belirlenmesi ve uygulanmas\u0131 amac\u0131 do\u011frultusunda, \u015e\u0130RKET taraf\u0131ndan y\u00fcr\u00fct\u00fclen finans operasyonlar\u0131, ileti\u015fim, pazar ara\u015ft\u0131rmas\u0131 ve sosyal sorumluluk aktiviteleri, sat\u0131n alma operasyonlar\u0131 (talep, teklif, de\u011ferlendirme, sipari\u015f, b\u00fct\u00e7elendirme, s\u00f6zle\u015fme), \u015e\u0130RKET ticari ve i\u015f stratejilerinin belirlenmesi ve uygulanmas\u0131, \u015firket i\u00e7i sistem ve uygulama y\u00f6netimi operasyonlar\u0131, hukuki operasyonlar\u0131n y\u00f6netimi,<\/p><p>\u2013 Uygulama kapsam\u0131nda al\u0131nan yeni hizmet, \u00fcr\u00fcn ve avantaj tan\u0131t\u0131m\u0131, istatistik \u00e7al\u0131\u015fmalar\u0131<\/p><p>\u2013 Bilgi i\u015flem gereksinimleri, sistemsel yap\u0131s\u0131, al\u0131nan bilgi i\u015flem destek hizmetlerinin gereklili\u011fi, bu hizmet ve \u00fcr\u00fcnlere ili\u015fkin olarak sizlere gerekli bilgilerin aktar\u0131lmas\u0131 amac\u0131yla ileti\u015fim kurmak,<\/p><p>\u2013 Sipari\u015flerinizi almak, \u00f6deme i\u015flemlerinizi ger\u00e7ekle\u015ftirmek, 3. ki\u015filer ile lojistik i\u015f birli\u011fi sa\u011flay\u0131p \u00fcr\u00fcn g\u00f6nderimini sa\u011flamak, ilginizi \u00e7ekebilecek \u00fcr\u00fcn ve hizmetleri \u00f6nermek, online davran\u0131\u015fsal reklamc\u0131l\u0131k ve pazarlama, m\u00fc\u015fteri portf\u00f6y y\u00f6netimi, hizmet kalitesinin \u00f6l\u00e7\u00fclmesi ve geli\u015ftirilmesi, ileti\u015fim, optimizasyon, denetim, risk y\u00f6netimi ve kontrol, promosyon, analiz, ilgi alanlar\u0131 belirleme, skorlama, profilleme, pazarlama, sat\u0131\u015f, reklam, ileti\u015fim<\/p><p>\u2013 Resmi makamlardan veya sizlerden gelen talepleri incelemek, de\u011ferlendirmek ve yan\u0131tlamak,<\/p><p>ama\u00e7lar\u0131yla 6698 say\u0131l\u0131 Kanun\u2019un 5. ve 6. maddelerinde belirtilen ki\u015fisel veri i\u015fleme \u015fartlar\u0131 ve ama\u00e7lar\u0131 dahilinde i\u015flenecektir.<\/p><ol><li>c) \u0130\u015flenen Ki\u015fisel Verilerin Kimlere ve Hangi Ama\u00e7la Aktar\u0131labilece\u011fi<\/li><\/ol><p>Toplanan ki\u015fisel verileriniz; yukar\u0131da belirtilen ama\u00e7lar\u0131n ger\u00e7ekle\u015ftirilmesi ile s\u0131n\u0131rl\u0131 olmak \u00fczere;<\/p><p>\u2013 \u015e\u0130RKET\u2019in i\u015f ortaklar\u0131na, hissedarlar\u0131na, i\u015ftiraklerine, anla\u015fmal\u0131 \u00f6deme kurulu\u015flar\u0131na<\/p><p>\u2013 Vergi Usul Kanunu, Sosyal G\u00fcvenlik Kurumu mevzuat\u0131, Say\u0131\u015ftay, Su\u00e7 Gelirlerinin Aklanmas\u0131n\u0131n \u00d6nlenmesi Hakk\u0131nda Kanun, Karaparan\u0131n Aklanmas\u0131n\u0131n \u00d6nlenmesine Dair Kanun, T\u00fcrk Ticaret Kanunu, Bor\u00e7lar Kanunu ve di\u011fer mevzuat h\u00fck\u00fcmlerinin izin verdi\u011fi ki\u015fi veya kurulu\u015flara,<\/p><p>\u2013 Kanunen yetkili kamu kurum ve kurulu\u015flar\u0131, idari merciler ve yasal mercilere,<\/p><p>\u2013 Yurtd\u0131\u015f\u0131 \u015firketlerine ve i\u015ftiraklerine,<\/p><p>\u2013 \u00dcr\u00fcn\/hizmet kar\u015f\u0131la\u015ft\u0131rma, analiz, de\u011ferlendirme, reklam ve yukar\u0131da belirtilen ama\u00e7lar\u0131n ger\u00e7ekle\u015ftirilmesinde hizmet ald\u0131\u011f\u0131m\u0131z, i\u015fbirli\u011fi yapt\u0131\u011f\u0131m\u0131z ger\u00e7ek veya t\u00fczel ki\u015filere, program orta\u011f\u0131 kurum ve kurulu\u015flara, m\u00fc\u015fterilerimize g\u00f6nderdi\u011fimiz iletilerin g\u00f6nderilmesi konusunda anla\u015fmal\u0131 oldu\u011fumuz kurumlara, 6698 say\u0131l\u0131 Kanun\u2019un 8. ve 9. maddelerinde belirtilen ki\u015fisel veri i\u015fleme \u015fartlar\u0131 ve ama\u00e7lar\u0131 \u00e7er\u00e7evesinde aktar\u0131labilecektir.<\/p><p>\u00e7) Ki\u015fisel Veri Toplaman\u0131n Y\u00f6ntemi ve Hukuki Sebebi<\/p><p>Ki\u015fisel verileriniz \u015e\u0130RKET Genel M\u00fcd\u00fcrl\u00fck, anla\u015fmal\u0131 internet siteleri \u00fczerinden yap\u0131lm\u0131\u015f olan ba\u015fvurular, destek hizmeti verdi\u011fimiz \/ ald\u0131\u011f\u0131m\u0131z sair kurumlar ile her t\u00fcrl\u00fc mevzuat veya s\u00f6zle\u015fme dahilinde i\u015flem yap\u0131lan ger\u00e7ek ve \/ veya t\u00fczel ki\u015filer, internet sitemiz ve mobil uygulamam\u0131z, \u00e7a\u011fr\u0131 merkezlerimiz, sosyal medya hesaplar\u0131m\u0131z gibi mecralardan s\u00f6zl\u00fc, yaz\u0131l\u0131 veya elektronik ortamda veya ilerde kurulacak\/olu\u015fabilecek di\u011fer kanallar ba\u015fta olmak \u00fczere;<\/p><p>\u015e\u0130RKET taraf\u0131ndan yasal mevzuat \u00e7er\u00e7evesinde yukar\u0131da belirtilen ama\u00e7larla, s\u00f6zle\u015fmenin ifas\u0131 dahilinde toplanmaktad\u0131r.<\/p><ol start=\"11\"><li>d) Ki\u015fisel Veri Sahibinin 6698 say\u0131l\u0131 Kanun\u2019un 11. Maddesinde Say\u0131lan Haklar\u0131<\/li><\/ol><p>Ki\u015fisel veri sahipleri olarak, haklar\u0131n\u0131za ili\u015fkin taleplerinizi a\u015fa\u011f\u0131da d\u00fczenlenen y\u00f6ntemlerle iletmeniz durumunda \u015e\u0130RKET talebin niteli\u011fine g\u00f6re talebi en k\u0131sa s\u00fcrede ve en ge\u00e7 otuz g\u00fcn i\u00e7inde sonu\u00e7land\u0131racakt\u0131r. Verilecek cevapta on sayfaya kadar \u00fccret al\u0131nmayacakt\u0131r. On sayfan\u0131n \u00fczerindeki her sayfa i\u00e7in 1 T\u00fcrk Liras\u0131 i\u015flem \u00fccreti al\u0131nacakt\u0131r. Ba\u015fvuruya cevab\u0131n CD, flash bellek gibi bir kay\u0131t ortam\u0131nda verilmesi halinde \u015firketimiz taraf\u0131ndan talep edilebilecek \u00fccret, kay\u0131t ortam\u0131n\u0131n maliyetini ge\u00e7meyecektir.<\/p><p>Bu kapsamda ki\u015fisel veri sahipleri;<\/p><p>Ki\u015fisel veri i\u015flenip i\u015flenmedi\u011fini \u00f6\u011frenme,<br \/>Ki\u015fisel verileri i\u015flenmi\u015fse buna ili\u015fkin bilgi talep etme,<br \/>Ki\u015fisel verilerin i\u015flenme amac\u0131n\u0131 ve bunlar\u0131n amac\u0131na uygun kullan\u0131l\u0131p kullan\u0131lmad\u0131\u011f\u0131n\u0131 \u00f6\u011frenme,<br \/>Yurt i\u00e7inde veya yurt d\u0131\u015f\u0131nda ki\u015fisel verilerin aktar\u0131ld\u0131\u011f\u0131 \u00fc\u00e7\u00fcnc\u00fc ki\u015fileri bilme,<br \/>Ki\u015fisel verilerin eksik veya yanl\u0131\u015f i\u015flenmi\u015f olmas\u0131 h\u00e2linde bunlar\u0131n d\u00fczeltilmesini isteme ve bu kapsamda yap\u0131lan i\u015flemin ki\u015fisel verilerin aktar\u0131ld\u0131\u011f\u0131 \u00fc\u00e7\u00fcnc\u00fc ki\u015filere bildirilmesini isteme,<br \/>6698 say\u0131l\u0131 Kanun ve ilgili di\u011fer kanun h\u00fck\u00fcmlerine uygun olarak i\u015flenmi\u015f olmas\u0131na ra\u011fmen, i\u015flenmesini gerektiren sebeplerin ortadan kalkmas\u0131 halinde ki\u015fisel verilerin silinmesini veya yok edilmesini isteme ve bu kapsamda yap\u0131lan i\u015flemin ki\u015fisel verilerin aktar\u0131ld\u0131\u011f\u0131 \u00fc\u00e7\u00fcnc\u00fc ki\u015filere bildirilmesini isteme, \u0130\u015flenen verilerin m\u00fcnhas\u0131ran otomatik sistemler vas\u0131tas\u0131yla analiz edilmesi suretiyle ki\u015finin kendisi aleyhine bir sonucun ortaya \u00e7\u0131kmas\u0131na itiraz etme,<br \/>Ki\u015fisel verilerin kanuna ayk\u0131r\u0131 olarak i\u015flenmesi sebebiyle zarara u\u011framas\u0131 halinde zarar\u0131n giderilmesini talep etme haklar\u0131na sahiptir.<\/p><p><br \/>Yukar\u0131da belirtilen haklar\u0131n\u0131z\u0131 kullanma ile ilgili talebinizi, 6698 say\u0131l\u0131 Kanunu\u2019nun 13. maddesinin 1. f\u0131kras\u0131 ve 30356 say\u0131l\u0131 ve 10.03.2018 tarihli Veri Sorumlusuna Ba\u015fvuru Usul ve Esaslar\u0131 Hakk\u0131nda Tebli\u011f gere\u011fince T\u00fcrk\u00e7e ve yaz\u0131l\u0131 olarak veya elektronik posta adresi, g\u00fcvenli elektronik imza, mobil imza ya da \u015e\u0130RKET\u2019e daha \u00f6nce bildirilen ve sistemimizde kay\u0131tl\u0131 bulunan elektronik posta adresini kullanmak suretiyle iletebilirsiniz. Ba\u015fvurularda sadece ba\u015fvuru sahibi ki\u015fi hakk\u0131nda bilgi verilecek olup di\u011fer aile fertleri ve \u00fc\u00e7\u00fcnc\u00fc ki\u015filer hakk\u0131nda bilgi al\u0131nmas\u0131 m\u00fcmk\u00fcn olmayacakt\u0131r. \u015e\u0130RKET\u2019in cevap vermeden \u00f6nce kimli\u011finizi do\u011frulama hakk\u0131 sakl\u0131d\u0131r.<\/p><p>Ba\u015fvurunuzda;<\/p><p>Ad\u0131n\u0131z\u0131n, soyad\u0131n\u0131z\u0131n ve ba\u015fvuru yaz\u0131l\u0131 ise imzan\u0131z\u0131n,<\/p><p>T\u00fcrkiye Cumhuriyeti vatanda\u015flar\u0131 i\u00e7in T.C. kimlik numaran\u0131z\u0131n, yabanc\u0131 iseniz uyru\u011funuzun, pasaport numaran\u0131z\u0131n veya varsa kimlik numaran\u0131z\u0131n,<\/p><ol><li>c) Tebligata esas yerle\u015fim yeri veya i\u015f yeri adresinizin,<\/li><\/ol><p>\u00e7) Varsa bildirime esas elektronik posta adresi, telefon ve faks numaran\u0131z\u0131n,<\/p><ol><li>d) Talep konunuzun,<\/li><\/ol><p>bulunmas\u0131 zorunlu olup varsa konuya ili\u015fkin bilgi ve belgelerin de ba\u015fvuruya eklenmesi gerekmektedir.<\/p><p>Yaz\u0131l\u0131 olarak yapmak istedi\u011finiz ba\u015fvurular\u0131n\u0131z\u0131, gerekli belgeleri ekleyerek veri sorumlusu olarak \u015eirketimizin Levent Mah. S\u00fcl\u00fcn Sk. No. 22 Be\u015fikta\u015f \u0130STANBUL \/ T\u00dcRK\u0130YE adresine verebilirsiniz.<\/p><p>E-posta yoluyla yapmak istedi\u011finiz ba\u015fvurular\u0131n\u0131z\u0131\u00a0<strong>info@gelisenyayincilik.com<\/strong>\u00a0e-posta adresine yapabilirsiniz.<\/p><p>Talebinizin niteli\u011fine g\u00f6re kimlik tespitine olanak sa\u011flayacak bilgi ve belgelerin eksiksiz ve do\u011fru olarak taraf\u0131m\u0131za sa\u011flanmas\u0131 gerekmektedir. \u0130stenilen bilgi ve belgelerin gere\u011fi gibi sa\u011flanmamas\u0131 durumunda, \u015e\u0130RKET taraf\u0131ndan talebinize istinaden yap\u0131lacak ara\u015ft\u0131rmalar\u0131n tam ve nitelikli \u015fekilde y\u00fcr\u00fct\u00fclmesinde aksakl\u0131klar ya\u015fanabilecektir. Bu durumda, \u015e\u0130RKET kanuni haklar\u0131n\u0131 sakl\u0131 tuttu\u011funu beyan eder. Bu nedenle, ba\u015fvurunuzun talebinizin niteli\u011fine g\u00f6re eksiksiz ve istenilen bilgileri ve belgeleri i\u00e7erecek \u015fekilde g\u00f6nderilmesi gerekmektedir.<\/p><p>\u00a0<\/p>\t\t\t\t\t<\/div>\n\t\t\t\t\t\t<\/div>\n\t\t\t\t<\/div>\n\t\t\t\t\t\t<\/div>\n\t\t\t\t\t<\/div>\n\t\t<\/div>\n\t\t\t\t\t\t\t\t<\/div>\n\t\t\t\t\t<\/div>\n\t\t<\/section>\n\t\t\t\t\t\t<\/div>\n\t\t\t\t\t<\/div>\n\t\t<\/div>\n\t\t\t\t<div class=\"elementor-column elementor-col-33 elementor-top-column elementor-element elementor-element-68935ef\" data-id=\"68935ef\" data-element_type=\"column\">\n\t\t\t<div class=\"elementor-column-wrap elementor-element-populated\">\n\t\t\t\t\t\t\t<div class=\"elementor-widget-wrap\">\n\t\t\t\t\t\t<div class=\"elementor-element elementor-element-123e002 elementor-widget elementor-widget-image\" data-id=\"123e002\" data-element_type=\"widget\" data-widget_type=\"image.default\">\n\t\t\t\t<div class=\"elementor-widget-container\">\n\t\t\t\t\t\t\t\t<div class=\"elementor-image\">\n\t\t\t\t\t\t\t\t\t\t\t\t<img width=\"400\" height=\"114\" src=\"https:\/\/i0.wp.com\/www.gelisencocugum.com\/TR\/wp-content\/uploads\/2020\/11\/logo2.png?fit=400%2C114&amp;ssl=1\" class=\"attachment-large size-large\" alt=\"\" loading=\"lazy\" srcset=\"https:\/\/i0.wp.com\/www.gelisencocugum.com\/TR\/wp-content\/uploads\/2020\/11\/logo2.png?w=400&amp;ssl=1 400w, https:\/\/i0.wp.com\/www.gelisencocugum.com\/TR\/wp-content\/uploads\/2020\/11\/logo2.png?resize=300%2C86&amp;ssl=1 300w\" sizes=\"(max-width: 400px) 100vw, 400px\" \/>\t\t\t\t\t\t\t\t\t\t\t\t\t\t<\/div>\n\t\t\t\t\t\t<\/div>\n\t\t\t\t<\/div>\n\t\t\t\t<div class=\"elementor-element elementor-element-28731d3 elementor-widget elementor-widget-spacer\" data-id=\"28731d3\" data-element_type=\"widget\" data-widget_type=\"spacer.default\">\n\t\t\t\t<div class=\"elementor-widget-container\">\n\t\t\t\t\t<div class=\"elementor-spacer\">\n\t\t\t<div class=\"elementor-spacer-inner\"><\/div>\n\t\t<\/div>\n\t\t\t\t<\/div>\n\t\t\t\t<\/div>\n\t\t\t\t\t\t<\/div>\n\t\t\t\t\t<\/div>\n\t\t<\/div>\n\t\t\t\t\t\t\t\t<\/div>\n\t\t\t\t\t<\/div>\n\t\t<\/section>\n\t\t\t\t\t\t<\/div>\n\t\t\t\t\t\t<\/div>\n\t\t\t\t\t<\/div>\n\t\t","protected":false},"excerpt":{"rendered":"<p>GEL\u0130\u015eEN \u00c7OCU\u011eUM K\u0130\u015e\u0130SEL VER\u0130LER\u0130N KORUNMASI KANUNU HAKKINDA B\u0130LG\u0130LEND\u0130RME Geli\u015fen \u00c7ocu\u011fum ki\u015fisel verilerinizin hukuka uygun olarak toplanmas\u0131, saklanmas\u0131 ve payla\u015f\u0131lmas\u0131n\u0131 sa\u011flamak ve gizlili\u011finizi korumak amac\u0131yla m\u00fcmk\u00fcn olan en \u00fcst seviyede g\u00fcvenlik tedbirlerini almaktad\u0131r. Amac\u0131m\u0131z; 6698 say\u0131l\u0131 \u201cKi\u015fisel Verilerin Korunmas\u0131 Kanunu\u2019nun 10. maddesi gere\u011fince ve sizlerin memnuniyeti do\u011frultusunda, ki\u015fisel verilerinizin al\u0131nma \u015fekilleri, i\u015flenme ama\u00e7lar\u0131, payla\u015f\u0131lan ki\u015filer, hukuki [&hellip;]<\/p>\n","protected":false},"author":1,"featured_media":0,"parent":0,"menu_order":0,"comment_status":"closed","ping_status":"closed","template":"elementor_header_footer","meta":{"spay_email":""},"_links":{"self":[{"href":"https:\/\/www.gelisencocugum.com\/TR\/wp-json\/wp\/v2\/pages\/476"}],"collection":[{"href":"https:\/\/www.gelisencocugum.com\/TR\/wp-json\/wp\/v2\/pages"}],"about":[{"href":"https:\/\/www.gelisencocugum.com\/TR\/wp-json\/wp\/v2\/types\/page"}],"author":[{"embeddable":true,"href":"https:\/\/www.gelisencocugum.com\/TR\/wp-json\/wp\/v2\/users\/1"}],"replies":[{"embeddable":true,"href":"https:\/\/www.gelisencocugum.com\/TR\/wp-json\/wp\/v2\/comments?post=476"}],"version-history":[{"count":3,"href":"https:\/\/www.gelisencocugum.com\/TR\/wp-json\/wp\/v2\/pages\/476\/revisions"}],"predecessor-version":[{"id":479,"href":"https:\/\/www.gelisencocugum.com\/TR\/wp-json\/wp\/v2\/pages\/476\/revisions\/479"}],"wp:attachment":[{"href":"https:\/\/www.gelisencocugum.com\/TR\/wp-json\/wp\/v2\/media?parent=476"}],"curies":[{"name":"wp","href":"https:\/\/api.w.org\/{rel}","templated":true}]}}