{"id":714,"date":"2020-11-27T16:02:03","date_gmt":"2020-11-27T16:02:03","guid":{"rendered":"https:\/\/www.gelisencocugum.com\/TR\/?page_id=714"},"modified":"2020-11-28T12:28:19","modified_gmt":"2020-11-28T12:28:19","slug":"bireysel-danismanlik","status":"publish","type":"page","link":"https:\/\/www.gelisencocugum.com\/TR\/bireysel-danismanlik\/","title":{"rendered":"Bireysel Dan\u0131\u015fmanl\u0131k"},"content":{"rendered":"\t\t<div data-elementor-type=\"wp-page\" data-elementor-id=\"714\" class=\"elementor elementor-714\" data-elementor-settings=\"[]\">\n\t\t\t\t\t\t<div class=\"elementor-inner\">\n\t\t\t\t\t\t\t<div class=\"elementor-section-wrap\">\n\t\t\t\t\t\t\t<section data-particle_enable=\"false\" data-particle-mobile-disabled=\"false\" class=\"elementor-section elementor-top-section elementor-element elementor-element-1ac0bf8f elementor-section-boxed elementor-section-height-default elementor-section-height-default\" data-id=\"1ac0bf8f\" data-element_type=\"section\">\n\t\t\t\t\t\t<div class=\"elementor-container elementor-column-gap-default\">\n\t\t\t\t\t\t\t<div class=\"elementor-row\">\n\t\t\t\t\t<div class=\"elementor-column elementor-col-100 elementor-top-column elementor-element elementor-element-241e81ed\" data-id=\"241e81ed\" data-element_type=\"column\">\n\t\t\t<div class=\"elementor-column-wrap elementor-element-populated\">\n\t\t\t\t\t\t\t<div class=\"elementor-widget-wrap\">\n\t\t\t\t\t\t<section data-particle_enable=\"false\" data-particle-mobile-disabled=\"false\" class=\"elementor-section elementor-inner-section elementor-element elementor-element-2ae6d00b elementor-section-boxed elementor-section-height-default elementor-section-height-default\" data-id=\"2ae6d00b\" data-element_type=\"section\">\n\t\t\t\t\t\t<div class=\"elementor-container elementor-column-gap-default\">\n\t\t\t\t\t\t\t<div class=\"elementor-row\">\n\t\t\t\t\t<div class=\"elementor-column elementor-col-50 elementor-inner-column elementor-element elementor-element-48bd8c18\" data-id=\"48bd8c18\" data-element_type=\"column\">\n\t\t\t<div class=\"elementor-column-wrap elementor-element-populated\">\n\t\t\t\t\t\t\t<div class=\"elementor-widget-wrap\">\n\t\t\t\t\t\t<div class=\"elementor-element elementor-element-5a653694 elementor-widget elementor-widget-heading\" data-id=\"5a653694\" data-element_type=\"widget\" data-widget_type=\"heading.default\">\n\t\t\t\t<div class=\"elementor-widget-container\">\n\t\t\t<h4 class=\"elementor-heading-title elementor-size-default\">Aile Dan\u0131\u015fmanl\u0131\u011f\u0131 ; Aileye \u00f6zg\u00fcn ve de\u011fi\u015fik yap\u0131da yeni bir sorun \u00e7\u00f6zme s\u00fcrecini ifade etmek amac\u0131yla 1950\u2019 lerden itibaren kullan\u0131lmaya ba\u015flanm\u0131\u015f olup, sorun \u00e7\u00f6zme s\u00fcrecine t\u00fcm aileyi katmay\u0131 ama\u00e7layan bir yakla\u015f\u0131md\u0131r.<\/h4>\t\t<\/div>\n\t\t\t\t<\/div>\n\t\t\t\t\t\t<\/div>\n\t\t\t\t\t<\/div>\n\t\t<\/div>\n\t\t\t\t<div class=\"elementor-column elementor-col-50 elementor-inner-column elementor-element elementor-element-1dc4f49\" data-id=\"1dc4f49\" data-element_type=\"column\">\n\t\t\t<div class=\"elementor-column-wrap elementor-element-populated\">\n\t\t\t\t\t\t\t<div class=\"elementor-widget-wrap\">\n\t\t\t\t\t\t<div class=\"elementor-element elementor-element-5cd850ac elementor-widget elementor-widget-image\" data-id=\"5cd850ac\" data-element_type=\"widget\" data-widget_type=\"image.default\">\n\t\t\t\t<div class=\"elementor-widget-container\">\n\t\t\t\t\t\t\t\t<div class=\"elementor-image\">\n\t\t\t\t\t\t\t\t\t\t\t\t<img width=\"667\" height=\"294\" src=\"https:\/\/i0.wp.com\/www.gelisencocugum.com\/TR\/wp-content\/uploads\/2020\/11\/aile_danismanligi.png?fit=667%2C294&amp;ssl=1\" class=\"attachment-full size-full\" alt=\"\" loading=\"lazy\" srcset=\"https:\/\/i0.wp.com\/www.gelisencocugum.com\/TR\/wp-content\/uploads\/2020\/11\/aile_danismanligi.png?w=667&amp;ssl=1 667w, https:\/\/i0.wp.com\/www.gelisencocugum.com\/TR\/wp-content\/uploads\/2020\/11\/aile_danismanligi.png?resize=300%2C132&amp;ssl=1 300w, https:\/\/i0.wp.com\/www.gelisencocugum.com\/TR\/wp-content\/uploads\/2020\/11\/aile_danismanligi.png?resize=600%2C264&amp;ssl=1 600w\" sizes=\"(max-width: 640px) 100vw, 640px\" \/>\t\t\t\t\t\t\t\t\t\t\t\t\t\t<\/div>\n\t\t\t\t\t\t<\/div>\n\t\t\t\t<\/div>\n\t\t\t\t\t\t<\/div>\n\t\t\t\t\t<\/div>\n\t\t<\/div>\n\t\t\t\t\t\t\t\t<\/div>\n\t\t\t\t\t<\/div>\n\t\t<\/section>\n\t\t\t\t<section data-particle_enable=\"false\" data-particle-mobile-disabled=\"false\" class=\"elementor-section elementor-inner-section elementor-element elementor-element-2df35bed elementor-section-boxed elementor-section-height-default elementor-section-height-default\" data-id=\"2df35bed\" data-element_type=\"section\">\n\t\t\t\t\t\t<div class=\"elementor-container elementor-column-gap-default\">\n\t\t\t\t\t\t\t<div class=\"elementor-row\">\n\t\t\t\t\t<div class=\"elementor-column elementor-col-33 elementor-inner-column elementor-element elementor-element-6b927708\" data-id=\"6b927708\" data-element_type=\"column\">\n\t\t\t<div class=\"elementor-column-wrap elementor-element-populated\">\n\t\t\t\t\t\t\t<div class=\"elementor-widget-wrap\">\n\t\t\t\t\t\t<div class=\"elementor-element elementor-element-587bca elementor-widget elementor-widget-text-editor\" data-id=\"587bca\" data-element_type=\"widget\" data-widget_type=\"text-editor.default\">\n\t\t\t\t<div class=\"elementor-widget-container\">\n\t\t\t\t\t\t\t\t<div class=\"elementor-text-editor elementor-clearfix\">\n\t\t\t\t<p>Aile dan\u0131\u015fmanl\u0131\u011f\u0131, sorun \u00e7\u00f6zerken do\u011frudan aile \u00fcyeleri aras\u0131ndaki etkile\u015fimlerin incelenmesini ve bu etkile\u015fimlerin soruna katk\u0131s\u0131n\u0131n de\u011ferlendirilmesini \u00f6ng\u00f6rmektedir.<\/p><p>\u00a0<\/p><p>Aile dan\u0131\u015fmanl\u0131\u011f\u0131;<\/p><ul><li>\u00c7ocuklar\u0131n geli\u015fimsel takibi ile geli\u015fimsel s\u00fcrecini ve mevcut durumunu tespit edilmesi,<\/li><li>Ailelerin i\u015flevlerini yerine getirmedeki beceri d\u00fczeyleri sa\u011fl\u0131kl\u0131 aile olup olmad\u0131klar\u0131n\u0131 belirleme;<\/li><li>Duygular\u0131 payla\u015fma ve anlama, bireysel farkl\u0131l\u0131klar\u0131n kabul edilmesi, ilgi ve sevgi duygusunun iletilmesi,<\/li><li>Aile bireylerinin birlikte zaman ge\u00e7irmeye istekli olma, etkili ileti\u015fim \u00f6r\u00fcnt\u00fcleri, kriz durumlar\u0131yla ba\u015f edebilme yetisi, aile bireylerini destekleme\/cesaretlendirmeyi ama\u00e7lamaktad\u0131r.<\/li><li>Bireysel online dan\u0131\u015fmanl\u0131k hizmetimiz ;\u00c7ocuk Geli\u015fim ve E\u011fitim Uzmanlar\u0131 ve Psikologlar taraf\u0131ndan ihtiya\u00e7 analizine g\u00f6re planlanmaktad\u0131r.<\/li><\/ul>\t\t\t\t\t<\/div>\n\t\t\t\t\t\t<\/div>\n\t\t\t\t<\/div>\n\t\t\t\t<div class=\"elementor-element elementor-element-d9ff22c elementor-widget elementor-widget-menu-anchor\" data-id=\"d9ff22c\" data-element_type=\"widget\" data-widget_type=\"menu-anchor.default\">\n\t\t\t\t<div class=\"elementor-widget-container\">\n\t\t\t\t\t<div id=\"randevu\" class=\"elementor-menu-anchor\"><\/div>\n\t\t\t\t<\/div>\n\t\t\t\t<\/div>\n\t\t\t\t<div class=\"elementor-element elementor-element-5ff4657a elementor-widget elementor-widget-text-editor\" data-id=\"5ff4657a\" data-element_type=\"widget\" data-widget_type=\"text-editor.default\">\n\t\t\t\t<div class=\"elementor-widget-container\">\n\t\t\t\t\t\t\t\t<div class=\"elementor-text-editor elementor-clearfix\">\n\t\t\t\t<p>Geli\u015fen \u00c7ocu\u011fum<\/p>\t\t\t\t\t<\/div>\n\t\t\t\t\t\t<\/div>\n\t\t\t\t<\/div>\n\t\t\t\t\t\t<\/div>\n\t\t\t\t\t<\/div>\n\t\t<\/div>\n\t\t\t\t<div class=\"elementor-column elementor-col-33 elementor-inner-column elementor-element elementor-element-20fb8b9b\" data-id=\"20fb8b9b\" data-element_type=\"column\">\n\t\t\t<div class=\"elementor-column-wrap\">\n\t\t\t\t\t\t\t<div class=\"elementor-widget-wrap\">\n\t\t\t\t\t\t\t\t<\/div>\n\t\t\t\t\t<\/div>\n\t\t<\/div>\n\t\t\t\t<div class=\"elementor-column elementor-col-33 elementor-inner-column elementor-element elementor-element-79301034\" data-id=\"79301034\" data-element_type=\"column\">\n\t\t\t<div class=\"elementor-column-wrap elementor-element-populated\">\n\t\t\t\t\t\t\t<div class=\"elementor-widget-wrap\">\n\t\t\t\t\t\t<div class=\"elementor-element elementor-element-1c15cfd5 elementor-widget elementor-widget-text-editor\" data-id=\"1c15cfd5\" data-element_type=\"widget\" data-widget_type=\"text-editor.default\">\n\t\t\t\t<div class=\"elementor-widget-container\">\n\t\t\t\t\t\t\t\t<div class=\"elementor-text-editor elementor-clearfix\">\n\t\t\t\t<p>Makalelerimizi okuman\u0131z\u0131 \u00f6neririz&#8230;<\/p>\t\t\t\t\t<\/div>\n\t\t\t\t\t\t<\/div>\n\t\t\t\t<\/div>\n\t\t\t\t<div class=\"elementor-element elementor-element-3134ad9b elementor-grid-1 elementor-grid-tablet-2 elementor-grid-mobile-1 elementor-posts--thumbnail-top elementor-card-shadow-yes elementor-posts__hover-gradient elementor-widget elementor-widget-posts\" data-id=\"3134ad9b\" data-element_type=\"widget\" data-settings=\"{&quot;cards_columns&quot;:&quot;1&quot;,&quot;pagination_type&quot;:&quot;prev_next&quot;,&quot;cards_columns_tablet&quot;:&quot;2&quot;,&quot;cards_columns_mobile&quot;:&quot;1&quot;,&quot;cards_row_gap&quot;:{&quot;unit&quot;:&quot;px&quot;,&quot;size&quot;:35,&quot;sizes&quot;:[]},&quot;cards_row_gap_tablet&quot;:{&quot;unit&quot;:&quot;px&quot;,&quot;size&quot;:&quot;&quot;,&quot;sizes&quot;:[]},&quot;cards_row_gap_mobile&quot;:{&quot;unit&quot;:&quot;px&quot;,&quot;size&quot;:&quot;&quot;,&quot;sizes&quot;:[]}}\" data-widget_type=\"posts.cards\">\n\t\t\t\t<div class=\"elementor-widget-container\">\n\t\t\t\t\t<div class=\"elementor-posts-container elementor-posts elementor-posts--skin-cards elementor-grid\">\n\t\t\t\t<article class=\"elementor-post elementor-grid-item post-457 post type-post status-publish format-standard has-post-thumbnail hentry category-makaleler\">\n\t\t\t<div class=\"elementor-post__card\">\n\t\t\t\t<a class=\"elementor-post__thumbnail__link\" href=\"https:\/\/www.gelisencocugum.com\/TR\/2020\/11\/10\/kitap-okumanin-yasi-var-midir\/\" ><div class=\"elementor-post__thumbnail\"><img width=\"350\" height=\"467\" src=\"https:\/\/i2.wp.com\/www.gelisencocugum.com\/TR\/wp-content\/uploads\/2020\/11\/kitap_okumanin_yasi_varmi.jpg?fit=350%2C467&amp;ssl=1\" class=\"attachment-full size-full\" alt=\"Kitap Okuman\u0131n Ya\u015f\u0131 Var M\u0131d\u0131r?\" loading=\"lazy\" srcset=\"https:\/\/i2.wp.com\/www.gelisencocugum.com\/TR\/wp-content\/uploads\/2020\/11\/kitap_okumanin_yasi_varmi.jpg?w=350&amp;ssl=1 350w, https:\/\/i2.wp.com\/www.gelisencocugum.com\/TR\/wp-content\/uploads\/2020\/11\/kitap_okumanin_yasi_varmi.jpg?resize=225%2C300&amp;ssl=1 225w\" sizes=\"(max-width: 350px) 100vw, 350px\" \/><\/div><\/a>\n\t\t\t\t<div class=\"elementor-post__text\">\n\t\t\t\t<h3 class=\"elementor-post__title\">\n\t\t\t<a href=\"https:\/\/www.gelisencocugum.com\/TR\/2020\/11\/10\/kitap-okumanin-yasi-var-midir\/\" >\n\t\t\t\tKitap Okuman\u0131n Ya\u015f\u0131 Var M\u0131d\u0131r?\t\t\t<\/a>\n\t\t<\/h3>\n\t\t\t\t<div class=\"elementor-post__excerpt\">\n\t\t\t<p>Kitap Okuman\u0131n Ya\u015f\u0131 Var M\u0131d\u0131r? Bebe\u011fime Kitap Okunurken Nelere Dikkat Etmeliyim? Dil kazan\u0131m\u0131 \u00e7al\u0131\u015fmalar\u0131nda en yayg\u0131n olarak temsil edilen durumsal ba\u011flamlar aras\u0131nda kitap okuma gelmektedir.<\/p>\n\t\t<\/div>\n\t\t\t\t\t<a class=\"elementor-post__read-more\" href=\"https:\/\/www.gelisencocugum.com\/TR\/2020\/11\/10\/kitap-okumanin-yasi-var-midir\/\" >\n\t\t\t\tMakalenin devam\u0131 \u00bb\t\t\t<\/a>\n\t\t\t\t<\/div>\n\t\t\t\t\t<\/div>\n\t\t<\/article>\n\t\t\t\t<\/div>\n\n\n\t\t\n\t\t\t\t<div class=\"e-load-more-anchor\" data-page=\"1\" data-max-page=\"7\" data-next-page=\"https:\/\/www.gelisencocugum.com\/TR\/wp-json\/wp\/v2\/pages\/714\/page\/2\/\"><\/div>\n\t\t\t\t<nav class=\"elementor-pagination\" role=\"navigation\" aria-label=\"Pagination\">\n\t\t\t<span class=\"page-numbers prev\">&laquo; Geri<\/span>\n<a class=\"page-numbers next\" href=\"https:\/\/www.gelisencocugum.com\/TR\/wp-json\/wp\/v2\/pages\/714\/page\/2\/\">\u0130leri &raquo;<\/a>\t\t<\/nav>\n\t\t\t\t<\/div>\n\t\t\t\t<\/div>\n\t\t\t\t\t\t<\/div>\n\t\t\t\t\t<\/div>\n\t\t<\/div>\n\t\t\t\t\t\t\t\t<\/div>\n\t\t\t\t\t<\/div>\n\t\t<\/section>\n\t\t\t\t\t\t<\/div>\n\t\t\t\t\t<\/div>\n\t\t<\/div>\n\t\t\t\t\t\t\t\t<\/div>\n\t\t\t\t\t<\/div>\n\t\t<\/section>\n\t\t\t\t<section data-particle_enable=\"false\" data-particle-mobile-disabled=\"false\" class=\"elementor-section elementor-top-section elementor-element elementor-element-2e8b0075 elementor-section-content-middle elementor-section-full_width elementor-section-height-default elementor-section-height-default\" data-id=\"2e8b0075\" data-element_type=\"section\" data-settings=\"{&quot;background_background&quot;:&quot;classic&quot;}\" randevu=\"\">\n\t\t\t\t\t\t<div class=\"elementor-container elementor-column-gap-no\">\n\t\t\t\t\t\t\t<div class=\"elementor-row\">\n\t\t\t\t\t<div class=\"elementor-column elementor-col-50 elementor-top-column elementor-element elementor-element-1f12a4ed\" data-id=\"1f12a4ed\" data-element_type=\"column\">\n\t\t\t<div class=\"elementor-column-wrap elementor-element-populated\">\n\t\t\t\t\t\t\t<div class=\"elementor-widget-wrap\">\n\t\t\t\t\t\t<div class=\"elementor-element elementor-element-382188ef elementor-widget elementor-widget-image\" data-id=\"382188ef\" data-element_type=\"widget\" data-widget_type=\"image.default\">\n\t\t\t\t<div class=\"elementor-widget-container\">\n\t\t\t\t\t\t\t\t<div class=\"elementor-image\">\n\t\t\t\t\t\t\t\t\t\t\t\t<img width=\"260\" height=\"260\" src=\"https:\/\/i1.wp.com\/www.gelisencocugum.com\/TR\/wp-content\/uploads\/2020\/11\/online_danisma_banner.png?fit=260%2C260&amp;ssl=1\" class=\"attachment-large size-large\" alt=\"\" loading=\"lazy\" srcset=\"https:\/\/i1.wp.com\/www.gelisencocugum.com\/TR\/wp-content\/uploads\/2020\/11\/online_danisma_banner.png?w=260&amp;ssl=1 260w, https:\/\/i1.wp.com\/www.gelisencocugum.com\/TR\/wp-content\/uploads\/2020\/11\/online_danisma_banner.png?resize=150%2C150&amp;ssl=1 150w, https:\/\/i1.wp.com\/www.gelisencocugum.com\/TR\/wp-content\/uploads\/2020\/11\/online_danisma_banner.png?resize=80%2C80&amp;ssl=1 80w, https:\/\/i1.wp.com\/www.gelisencocugum.com\/TR\/wp-content\/uploads\/2020\/11\/online_danisma_banner.png?resize=100%2C100&amp;ssl=1 100w\" sizes=\"(max-width: 260px) 100vw, 260px\" \/>\t\t\t\t\t\t\t\t\t\t\t\t\t\t<\/div>\n\t\t\t\t\t\t<\/div>\n\t\t\t\t<\/div>\n\t\t\t\t<div class=\"elementor-element elementor-element-2c655c7 elementor-widget elementor-widget-heading\" data-id=\"2c655c7\" data-element_type=\"widget\" data-widget_type=\"heading.default\">\n\t\t\t\t<div class=\"elementor-widget-container\">\n\t\t\t<h2 class=\"elementor-heading-title elementor-size-default\">Online Dan\u0131\u015fmanl\u0131k Hizmeti<\/h2>\t\t<\/div>\n\t\t\t\t<\/div>\n\t\t\t\t<div class=\"elementor-element elementor-element-1631f0d8 elementor-widget elementor-widget-text-editor\" data-id=\"1631f0d8\" data-element_type=\"widget\" data-widget_type=\"text-editor.default\">\n\t\t\t\t<div class=\"elementor-widget-container\">\n\t\t\t\t\t\t\t\t<div class=\"elementor-text-editor elementor-clearfix\">\n\t\t\t\t<p>45 Dakika Online Dan\u0131\u015fmanl\u0131k Seans bedeli 150 TL dir.<\/p>\t\t\t\t\t<\/div>\n\t\t\t\t\t\t<\/div>\n\t\t\t\t<\/div>\n\t\t\t\t\t\t<\/div>\n\t\t\t\t\t<\/div>\n\t\t<\/div>\n\t\t\t\t<div class=\"elementor-column elementor-col-50 elementor-top-column elementor-element elementor-element-3d537a6\" data-id=\"3d537a6\" data-element_type=\"column\" data-settings=\"{&quot;background_background&quot;:&quot;classic&quot;}\">\n\t\t\t<div class=\"elementor-column-wrap elementor-element-populated\">\n\t\t\t\t\t\t\t<div class=\"elementor-widget-wrap\">\n\t\t\t\t\t\t<div class=\"elementor-element elementor-element-3298f68 elementor-headline--style-highlight elementor-widget elementor-widget-animated-headline\" data-id=\"3298f68\" data-element_type=\"widget\" data-settings=\"{&quot;highlighted_text&quot;:&quot;Randevu Al&quot;,&quot;headline_style&quot;:&quot;highlight&quot;,&quot;marker&quot;:&quot;circle&quot;,&quot;loop&quot;:&quot;yes&quot;,&quot;highlight_animation_duration&quot;:1200,&quot;highlight_iteration_delay&quot;:8000}\" data-widget_type=\"animated-headline.default\">\n\t\t\t\t<div class=\"elementor-widget-container\">\n\t\t\t\t\t<h3 class=\"elementor-headline\">\n\t\t\t\t<span class=\"elementor-headline-dynamic-wrapper elementor-headline-text-wrapper\">\n\t\t\t\t\t<span class=\"elementor-headline-dynamic-text elementor-headline-text-active\">Randevu Al<\/span>\n\t\t\t\t<\/span>\n\t\t\t\t<\/h3>\n\t\t\t\t<\/div>\n\t\t\t\t<\/div>\n\t\t\t\t<div class=\"elementor-element elementor-element-dddfda0 elementor-widget elementor-widget-wp-widget-booked_calendar\" data-id=\"dddfda0\" data-element_type=\"widget\" data-widget_type=\"wp-widget-booked_calendar.default\">\n\t\t\t\t<div class=\"elementor-widget-container\">\n\t\t\t<div class=\"booked-calendar-shortcode-wrap\"><div class=\"booked-calendar-wrap small\"><table class=\"booked-calendar\" data-calendar-id=\"70\" data-calendar-date=\"2026-04-01\">\n\t\t<thead>\n\n\t\t\t\n\t\t\t<tr>\n\t\t\t\t<th colspan=\"7\">\n\t\t\t\t\t\t\t\t\t\t<span class=\"calendarSavingState\">\n\t\t\t\t\t\t<i class=\"booked-icon booked-icon-spinner-clock booked-icon-spin\"><\/i>\n\t\t\t\t\t<\/span>\n\t\t\t\t\t<span class=\"monthName\">\n\t\t\t\t\t\tNisan 2026\t\t\t\t\t\t\t\t\t\t\t<\/span>\n\t\t\t\t\t<a href=\"#\" data-goto=\"2026-05-01\" class=\"page-right\"><i class=\"booked-icon booked-icon-arrow-right\"><\/i><\/a>\t\t\t\t<\/th>\n\t\t\t<\/tr>\n\t\t\t<tr class=\"days\">\n\t\t\t\t\t\t\t\t<th>Pts<\/th>\n\t\t\t\t<th>Sal<\/th>\n\t\t\t\t<th>\u00c7ar<\/th>\n\t\t\t\t<th>Per<\/th>\n\t\t\t\t<th>Cum<\/th>\n\t\t\t\t<th>Cts<\/th>\t\t\t\t<th>Paz<\/th>\t\t\t<\/tr>\n\t\t<\/thead>\n\t\t<tbody><tr class=\"week\"><td data-date=\"2026-03-30\" class=\"prev-month prev-date\"><span class=\"date\"><span class=\"number\">30<\/span><\/span><\/td><td data-date=\"2026-03-31\" class=\"prev-month prev-date\"><span class=\"date\"><span class=\"number\">31<\/span><\/span><\/td><td data-date=\"2026-04-1\" class=\"prev-date\"><span class=\"date\"><span class=\"number\">1<\/span><\/span><\/td><td data-date=\"2026-04-2\" class=\"prev-date\"><span class=\"date\"><span class=\"number\">2<\/span><\/span><\/td><td data-date=\"2026-04-3\" class=\"prev-date\"><span class=\"date\"><span class=\"number\">3<\/span><\/span><\/td><td data-date=\"2026-04-4\" class=\"prev-date\"><span class=\"date\"><span class=\"number\">4<\/span><\/span><\/td><td data-date=\"2026-04-5\" class=\"prev-date\"><span class=\"date\"><span class=\"number\">5<\/span><\/span><\/td><\/tr><tr class=\"week\"><td data-date=\"2026-04-6\" class=\"prev-date\"><span class=\"date\"><span class=\"number\">6<\/span><\/span><\/td><td data-date=\"2026-04-7\" class=\"prev-date\"><span class=\"date\"><span class=\"number\">7<\/span><\/span><\/td><td data-date=\"2026-04-8\" class=\"prev-date\"><span class=\"date\"><span class=\"number\">8<\/span><\/span><\/td><td data-date=\"2026-04-9\" class=\"prev-date\"><span class=\"date\"><span class=\"number\">9<\/span><\/span><\/td><td data-date=\"2026-04-10\" class=\"prev-date\"><span class=\"date\"><span class=\"number\">10<\/span><\/span><\/td><td data-date=\"2026-04-11\" class=\"prev-date\"><span class=\"date\"><span class=\"number\">11<\/span><\/span><\/td><td data-date=\"2026-04-12\" class=\"prev-date\"><span class=\"date\"><span class=\"number\">12<\/span><\/span><\/td><\/tr><tr class=\"week\"><td data-date=\"2026-04-13\" class=\"prev-date\"><span class=\"date\"><span class=\"number\">13<\/span><\/span><\/td><td data-date=\"2026-04-14\" class=\"prev-date\"><span class=\"date\"><span class=\"number\">14<\/span><\/span><\/td><td data-date=\"2026-04-15\" class=\"prev-date\"><span class=\"date\"><span class=\"number\">15<\/span><\/span><\/td><td data-date=\"2026-04-16\" class=\"prev-date\"><span class=\"date\"><span class=\"number\">16<\/span><\/span><\/td><td data-date=\"2026-04-17\" class=\"prev-date\"><span class=\"date\"><span class=\"number\">17<\/span><\/span><\/td><td data-date=\"2026-04-18\" class=\"today\"><span class=\"date tooltipster\" title=\"5 Available\"><span class=\"number\">18<\/span><\/span><\/td><td data-date=\"2026-04-19\" class=\"prev-date\"><span class=\"date\"><span class=\"number\">19<\/span><\/span><\/td><\/tr><tr class=\"week\"><td data-date=\"2026-04-20\" class=\"\"><span class=\"date tooltipster\" title=\"10 Available\"><span class=\"number\">20<\/span><\/span><\/td><td data-date=\"2026-04-21\" class=\"\"><span class=\"date tooltipster\" title=\"10 Available\"><span class=\"number\">21<\/span><\/span><\/td><td data-date=\"2026-04-22\" class=\"\"><span class=\"date tooltipster\" title=\"10 Available\"><span class=\"number\">22<\/span><\/span><\/td><td data-date=\"2026-04-23\" class=\"\"><span class=\"date tooltipster\" title=\"10 Available\"><span class=\"number\">23<\/span><\/span><\/td><td data-date=\"2026-04-24\" class=\"\"><span class=\"date tooltipster\" title=\"10 Available\"><span class=\"number\">24<\/span><\/span><\/td><td data-date=\"2026-04-25\" class=\"\"><span class=\"date tooltipster\" title=\"5 Available\"><span class=\"number\">25<\/span><\/span><\/td><td data-date=\"2026-04-26\" class=\"prev-date\"><span class=\"date\"><span class=\"number\">26<\/span><\/span><\/td><\/tr><tr class=\"week\"><td data-date=\"2026-04-27\" class=\"\"><span class=\"date tooltipster\" title=\"10 Available\"><span class=\"number\">27<\/span><\/span><\/td><td data-date=\"2026-04-28\" class=\"\"><span class=\"date tooltipster\" title=\"10 Available\"><span class=\"number\">28<\/span><\/span><\/td><td data-date=\"2026-04-29\" class=\"\"><span class=\"date tooltipster\" title=\"10 Available\"><span class=\"number\">29<\/span><\/span><\/td><td data-date=\"2026-04-30\" class=\"\"><span class=\"date tooltipster\" title=\"10 Available\"><span class=\"number\">30<\/span><\/span><\/td><td data-date=\"2026-05-1\" class=\"next-month\"><span class=\"date tooltipster\" title=\"10 Available\"><span class=\"number\">1<\/span><\/span><\/td><td data-date=\"2026-05-2\" class=\"next-month\"><span class=\"date tooltipster\" title=\"5 Available\"><span class=\"number\">2<\/span><\/span><\/td><td data-date=\"2026-05-3\" class=\"next-month prev-date\"><span class=\"date\"><span class=\"number\">3<\/span><\/span><\/td><\/tr>\t\t<\/tbody>\n\t<\/table><\/div><\/div>\t\t<\/div>\n\t\t\t\t<\/div>\n\t\t\t\t<div class=\"elementor-element elementor-element-8f8eef7 elementor-widget elementor-widget-text-editor\" data-id=\"8f8eef7\" data-element_type=\"widget\" data-widget_type=\"text-editor.default\">\n\t\t\t\t<div class=\"elementor-widget-container\">\n\t\t\t\t\t\t\t\t<div class=\"elementor-text-editor elementor-clearfix\">\n\t\t\t\t<ul><li><a href=\"https:\/\/zoom.us\/\" target=\"_blank\" rel=\"noopener\">ZOOM Program\u0131<\/a> \u00fczerinden g\u00f6r\u00fc\u015fmeler online olarak yap\u0131lacakt\u0131r.<\/li><li>Zoom linki g\u00f6r\u00fc\u015fmeden 60 dakika \u00f6nce dan\u0131\u015fana iletilecektir.<\/li><li>G\u00f6r\u00fc\u015fmeden en ge\u00e7 10 daki\u015fka \u00f6nce haz\u0131r bulunmal\u0131s\u0131n\u0131z.<\/li><li>Randevu, g\u00f6r\u00fc\u015fmeye 24 saat kala iptal edilemez.<\/li><\/ul>\t\t\t\t\t<\/div>\n\t\t\t\t\t\t<\/div>\n\t\t\t\t<\/div>\n\t\t\t\t\t\t<\/div>\n\t\t\t\t\t<\/div>\n\t\t<\/div>\n\t\t\t\t\t\t\t\t<\/div>\n\t\t\t\t\t<\/div>\n\t\t<\/section>\n\t\t\t\t\t\t<\/div>\n\t\t\t\t\t\t<\/div>\n\t\t\t\t\t<\/div>\n\t\t","protected":false},"excerpt":{"rendered":"<p>Aile Dan\u0131\u015fmanl\u0131\u011f\u0131 ; Aileye \u00f6zg\u00fcn ve de\u011fi\u015fik yap\u0131da yeni bir sorun \u00e7\u00f6zme s\u00fcrecini ifade etmek amac\u0131yla 1950\u2019 lerden itibaren kullan\u0131lmaya ba\u015flanm\u0131\u015f olup, sorun \u00e7\u00f6zme s\u00fcrecine t\u00fcm aileyi katmay\u0131 ama\u00e7layan bir yakla\u015f\u0131md\u0131r. Aile dan\u0131\u015fmanl\u0131\u011f\u0131, sorun \u00e7\u00f6zerken do\u011frudan aile \u00fcyeleri aras\u0131ndaki etkile\u015fimlerin incelenmesini ve bu etkile\u015fimlerin soruna katk\u0131s\u0131n\u0131n de\u011ferlendirilmesini \u00f6ng\u00f6rmektedir. \u00a0 Aile dan\u0131\u015fmanl\u0131\u011f\u0131; \u00c7ocuklar\u0131n geli\u015fimsel takibi ile [&hellip;]<\/p>\n","protected":false},"author":1,"featured_media":0,"parent":0,"menu_order":0,"comment_status":"closed","ping_status":"closed","template":"elementor_header_footer","meta":{"spay_email":""},"_links":{"self":[{"href":"https:\/\/www.gelisencocugum.com\/TR\/wp-json\/wp\/v2\/pages\/714"}],"collection":[{"href":"https:\/\/www.gelisencocugum.com\/TR\/wp-json\/wp\/v2\/pages"}],"about":[{"href":"https:\/\/www.gelisencocugum.com\/TR\/wp-json\/wp\/v2\/types\/page"}],"author":[{"embeddable":true,"href":"https:\/\/www.gelisencocugum.com\/TR\/wp-json\/wp\/v2\/users\/1"}],"replies":[{"embeddable":true,"href":"https:\/\/www.gelisencocugum.com\/TR\/wp-json\/wp\/v2\/comments?post=714"}],"version-history":[{"count":49,"href":"https:\/\/www.gelisencocugum.com\/TR\/wp-json\/wp\/v2\/pages\/714\/revisions"}],"predecessor-version":[{"id":803,"href":"https:\/\/www.gelisencocugum.com\/TR\/wp-json\/wp\/v2\/pages\/714\/revisions\/803"}],"wp:attachment":[{"href":"https:\/\/www.gelisencocugum.com\/TR\/wp-json\/wp\/v2\/media?parent=714"}],"curies":[{"name":"wp","href":"https:\/\/api.w.org\/{rel}","templated":true}]}}