{"id":758,"date":"2020-11-28T08:04:10","date_gmt":"2020-11-28T08:04:10","guid":{"rendered":"https:\/\/www.gelisencocugum.com\/TR\/?page_id=758"},"modified":"2020-11-28T08:15:48","modified_gmt":"2020-11-28T08:15:48","slug":"kurumsal-danismanlik","status":"publish","type":"page","link":"https:\/\/www.gelisencocugum.com\/TR\/kurumsal-danismanlik\/","title":{"rendered":"Kurumsal Dan\u0131\u015fmanl\u0131k"},"content":{"rendered":"\t\t<div data-elementor-type=\"wp-page\" data-elementor-id=\"758\" class=\"elementor elementor-758\" data-elementor-settings=\"[]\">\n\t\t\t\t\t\t<div class=\"elementor-inner\">\n\t\t\t\t\t\t\t<div class=\"elementor-section-wrap\">\n\t\t\t\t\t\t\t<section data-particle_enable=\"false\" data-particle-mobile-disabled=\"false\" class=\"elementor-section elementor-top-section elementor-element elementor-element-1ac0bf8f elementor-section-boxed elementor-section-height-default elementor-section-height-default\" data-id=\"1ac0bf8f\" data-element_type=\"section\">\n\t\t\t\t\t\t<div class=\"elementor-container elementor-column-gap-default\">\n\t\t\t\t\t\t\t<div class=\"elementor-row\">\n\t\t\t\t\t<div class=\"elementor-column elementor-col-100 elementor-top-column elementor-element elementor-element-241e81ed\" data-id=\"241e81ed\" data-element_type=\"column\">\n\t\t\t<div class=\"elementor-column-wrap elementor-element-populated\">\n\t\t\t\t\t\t\t<div class=\"elementor-widget-wrap\">\n\t\t\t\t\t\t<section data-particle_enable=\"false\" data-particle-mobile-disabled=\"false\" class=\"elementor-section elementor-inner-section elementor-element elementor-element-2ae6d00b elementor-section-boxed elementor-section-height-default elementor-section-height-default\" data-id=\"2ae6d00b\" data-element_type=\"section\">\n\t\t\t\t\t\t<div class=\"elementor-container elementor-column-gap-default\">\n\t\t\t\t\t\t\t<div class=\"elementor-row\">\n\t\t\t\t\t<div class=\"elementor-column elementor-col-100 elementor-inner-column elementor-element elementor-element-1dc4f49\" data-id=\"1dc4f49\" data-element_type=\"column\">\n\t\t\t<div class=\"elementor-column-wrap elementor-element-populated\">\n\t\t\t\t\t\t\t<div class=\"elementor-widget-wrap\">\n\t\t\t\t\t\t<div class=\"elementor-element elementor-element-5cd850ac elementor-widget elementor-widget-image\" data-id=\"5cd850ac\" data-element_type=\"widget\" data-widget_type=\"image.default\">\n\t\t\t\t<div class=\"elementor-widget-container\">\n\t\t\t\t\t\t\t\t<div class=\"elementor-image\">\n\t\t\t\t\t\t\t\t\t\t\t\t<img width=\"998\" height=\"561\" src=\"https:\/\/i1.wp.com\/www.gelisencocugum.com\/TR\/wp-content\/uploads\/2020\/11\/kurumsal_danismanlik.png?fit=998%2C561&amp;ssl=1\" class=\"attachment-full size-full\" alt=\"\" loading=\"lazy\" srcset=\"https:\/\/i1.wp.com\/www.gelisencocugum.com\/TR\/wp-content\/uploads\/2020\/11\/kurumsal_danismanlik.png?w=998&amp;ssl=1 998w, https:\/\/i1.wp.com\/www.gelisencocugum.com\/TR\/wp-content\/uploads\/2020\/11\/kurumsal_danismanlik.png?resize=300%2C169&amp;ssl=1 300w, https:\/\/i1.wp.com\/www.gelisencocugum.com\/TR\/wp-content\/uploads\/2020\/11\/kurumsal_danismanlik.png?resize=768%2C432&amp;ssl=1 768w, https:\/\/i1.wp.com\/www.gelisencocugum.com\/TR\/wp-content\/uploads\/2020\/11\/kurumsal_danismanlik.png?resize=600%2C337&amp;ssl=1 600w\" sizes=\"(max-width: 640px) 100vw, 640px\" \/>\t\t\t\t\t\t\t\t\t\t\t\t\t\t<\/div>\n\t\t\t\t\t\t<\/div>\n\t\t\t\t<\/div>\n\t\t\t\t\t\t<\/div>\n\t\t\t\t\t<\/div>\n\t\t<\/div>\n\t\t\t\t\t\t\t\t<\/div>\n\t\t\t\t\t<\/div>\n\t\t<\/section>\n\t\t\t\t<section data-particle_enable=\"false\" data-particle-mobile-disabled=\"false\" class=\"elementor-section elementor-inner-section elementor-element elementor-element-3892e16 elementor-section-boxed elementor-section-height-default elementor-section-height-default\" data-id=\"3892e16\" data-element_type=\"section\">\n\t\t\t\t\t\t<div class=\"elementor-container elementor-column-gap-default\">\n\t\t\t\t\t\t\t<div class=\"elementor-row\">\n\t\t\t\t\t<div class=\"elementor-column elementor-col-50 elementor-inner-column elementor-element elementor-element-de1c775\" data-id=\"de1c775\" data-element_type=\"column\">\n\t\t\t<div class=\"elementor-column-wrap elementor-element-populated\">\n\t\t\t\t\t\t\t<div class=\"elementor-widget-wrap\">\n\t\t\t\t\t\t<div class=\"elementor-element elementor-element-5a653694 elementor-widget elementor-widget-heading\" data-id=\"5a653694\" data-element_type=\"widget\" data-widget_type=\"heading.default\">\n\t\t\t\t<div class=\"elementor-widget-container\">\n\t\t\t<h4 class=\"elementor-heading-title elementor-size-default\">Geli\u015fen \u00c7ocu\u011fum Kadrosunda yer alan tecr\u00fcbeli uzmanlar\u0131m\u0131z ile ; \u015eirketlere ve  Okul \u00d6ncesi E\u011fitim Kurumlar\u0131na  a\u015fa\u011f\u0131daki iki alanda dan\u0131\u015fmanl\u0131k hizmeti verilmektedir. <\/h4>\t\t<\/div>\n\t\t\t\t<\/div>\n\t\t\t\t\t\t<\/div>\n\t\t\t\t\t<\/div>\n\t\t<\/div>\n\t\t\t\t<div class=\"elementor-column elementor-col-50 elementor-inner-column elementor-element elementor-element-a35a208\" data-id=\"a35a208\" data-element_type=\"column\">\n\t\t\t<div class=\"elementor-column-wrap\">\n\t\t\t\t\t\t\t<div class=\"elementor-widget-wrap\">\n\t\t\t\t\t\t\t\t<\/div>\n\t\t\t\t\t<\/div>\n\t\t<\/div>\n\t\t\t\t\t\t\t\t<\/div>\n\t\t\t\t\t<\/div>\n\t\t<\/section>\n\t\t\t\t<section data-particle_enable=\"false\" data-particle-mobile-disabled=\"false\" class=\"elementor-section elementor-inner-section elementor-element elementor-element-2df35bed elementor-section-boxed elementor-section-height-default elementor-section-height-default\" data-id=\"2df35bed\" data-element_type=\"section\">\n\t\t\t\t\t\t<div class=\"elementor-container elementor-column-gap-default\">\n\t\t\t\t\t\t\t<div class=\"elementor-row\">\n\t\t\t\t\t<div class=\"elementor-column elementor-col-100 elementor-inner-column elementor-element elementor-element-6b927708\" data-id=\"6b927708\" data-element_type=\"column\">\n\t\t\t<div class=\"elementor-column-wrap elementor-element-populated\">\n\t\t\t\t\t\t\t<div class=\"elementor-widget-wrap\">\n\t\t\t\t\t\t<div class=\"elementor-element elementor-element-587bca elementor-widget elementor-widget-text-editor\" data-id=\"587bca\" data-element_type=\"widget\" data-widget_type=\"text-editor.default\">\n\t\t\t\t<div class=\"elementor-widget-container\">\n\t\t\t\t\t\t\t\t<div class=\"elementor-text-editor elementor-clearfix\">\n\t\t\t\t<p><strong>E\u011fitim Dan\u0131\u015fmanl\u0131\u011f\u0131 ;<\/strong><\/p>\t\t\t\t\t<\/div>\n\t\t\t\t\t\t<\/div>\n\t\t\t\t<\/div>\n\t\t\t\t<div class=\"elementor-element elementor-element-8a653d4 elementor-widget elementor-widget-text-editor\" data-id=\"8a653d4\" data-element_type=\"widget\" data-widget_type=\"text-editor.default\">\n\t\t\t\t<div class=\"elementor-widget-container\">\n\t\t\t\t\t\t\t\t<div class=\"elementor-text-editor elementor-clearfix\">\n\t\t\t\t<ul><li>\u00c7ocuklar\u0131n geli\u015fim s\u00fcrecini desteklemek ve zenginle\u015ftirici ya\u015fant\u0131lar sunarak her \u00e7ocu\u011fun bireysel \u00f6zelliklerine uygun b\u00fct\u00fcnc\u00fcl bir geli\u015fim ortam\u0131 olu\u015fturmak,<\/li><li>\u0130lgili ya\u015f grubunun t\u00fcm\u00fcn\u00fc, \u00f6zellikle de risk alt\u0131ndaki \u00e7ocuklar\u0131n geli\u015fimsel problemlerinin erken tan\u0131lanmas\u0131 (geli\u015fim testleri, aile g\u00f6r\u00fc\u015fmeleri ) ve riskleri azalt\u0131c\u0131 destekleyici e\u011fitim ortamlar\u0131 sunmak,<\/li><\/ul><ul><li>Zenginle\u015ftirilmi\u015f e\u011fitim programlar\u0131 ile \u00e7ocuklar\u0131n sahip olduklar\u0131 haz\u0131r bulunu\u015fluk d\u00fczeyini en \u00fcst d\u00fczeyde ger\u00e7ekle\u015ftirmelerini sa\u011flamay\u0131 ama\u00e7lamaktad\u0131r.<\/li><\/ul><ul><li>Okul \u00f6ncesi fiziki ortam ve e\u011fitim materyal se\u00e7imleri.<\/li><\/ul>\t\t\t\t\t<\/div>\n\t\t\t\t\t\t<\/div>\n\t\t\t\t<\/div>\n\t\t\t\t<div class=\"elementor-element elementor-element-98f8683 elementor-widget elementor-widget-text-editor\" data-id=\"98f8683\" data-element_type=\"widget\" data-widget_type=\"text-editor.default\">\n\t\t\t\t<div class=\"elementor-widget-container\">\n\t\t\t\t\t\t\t\t<div class=\"elementor-text-editor elementor-clearfix\">\n\t\t\t\t<p><strong>\u015eirketlere Proje Dan\u0131\u015fmanl\u0131\u011f\u0131 ;<\/strong><\/p>\t\t\t\t\t<\/div>\n\t\t\t\t\t\t<\/div>\n\t\t\t\t<\/div>\n\t\t\t\t<div class=\"elementor-element elementor-element-1bdbad1 elementor-widget elementor-widget-text-editor\" data-id=\"1bdbad1\" data-element_type=\"widget\" data-widget_type=\"text-editor.default\">\n\t\t\t\t<div class=\"elementor-widget-container\">\n\t\t\t\t\t\t\t\t<div class=\"elementor-text-editor elementor-clearfix\">\n\t\t\t\t<ul><li>Okul \u00f6ncesi ikame \u00fcr\u00fcn\u00fc sunan firmalar ile ortak proje \u00e7al\u0131\u015fmalar\u0131 ,<\/li><\/ul>\t\t\t\t\t<\/div>\n\t\t\t\t\t\t<\/div>\n\t\t\t\t<\/div>\n\t\t\t\t\t\t<\/div>\n\t\t\t\t\t<\/div>\n\t\t<\/div>\n\t\t\t\t\t\t\t\t<\/div>\n\t\t\t\t\t<\/div>\n\t\t<\/section>\n\t\t\t\t\t\t<\/div>\n\t\t\t\t\t<\/div>\n\t\t<\/div>\n\t\t\t\t\t\t\t\t<\/div>\n\t\t\t\t\t<\/div>\n\t\t<\/section>\n\t\t\t\t<section data-particle_enable=\"false\" data-particle-mobile-disabled=\"false\" class=\"elementor-section elementor-top-section elementor-element elementor-element-42ef4283 elementor-section-height-min-height elementor-section-boxed elementor-section-height-default elementor-section-items-middle\" data-id=\"42ef4283\" data-element_type=\"section\" data-settings=\"{&quot;background_background&quot;:&quot;classic&quot;}\">\n\t\t\t\t\t\t\t<div class=\"elementor-background-overlay\"><\/div>\n\t\t\t\t\t\t\t<div class=\"elementor-container elementor-column-gap-default\">\n\t\t\t\t\t\t\t<div class=\"elementor-row\">\n\t\t\t\t\t<div class=\"elementor-column elementor-col-50 elementor-top-column elementor-element elementor-element-17168545\" data-id=\"17168545\" data-element_type=\"column\">\n\t\t\t<div class=\"elementor-column-wrap elementor-element-populated\">\n\t\t\t\t\t\t\t<div class=\"elementor-widget-wrap\">\n\t\t\t\t\t\t<div class=\"elementor-element elementor-element-2be0cfda elementor-widget elementor-widget-heading\" data-id=\"2be0cfda\" data-element_type=\"widget\" data-widget_type=\"heading.default\">\n\t\t\t\t<div class=\"elementor-widget-container\">\n\t\t\t<h1 class=\"elementor-heading-title elementor-size-default\">Size nas\u0131l <b>yard\u0131mc\u0131 olabiliriz?<\/b><\/h1>\t\t<\/div>\n\t\t\t\t<\/div>\n\t\t\t\t<div class=\"elementor-element elementor-element-73a43156 elementor-widget elementor-widget-text-editor\" data-id=\"73a43156\" data-element_type=\"widget\" data-widget_type=\"text-editor.default\">\n\t\t\t\t<div class=\"elementor-widget-container\">\n\t\t\t\t\t\t\t\t<div class=\"elementor-text-editor elementor-clearfix\">\n\t\t\t\t<p>L\u00fctfen, daha fazla bilgi i\u00e7in bizimle ileti\u015fime ge\u00e7in<\/p>\t\t\t\t\t<\/div>\n\t\t\t\t\t\t<\/div>\n\t\t\t\t<\/div>\n\t\t\t\t\t\t<\/div>\n\t\t\t\t\t<\/div>\n\t\t<\/div>\n\t\t\t\t<div class=\"elementor-column elementor-col-50 elementor-top-column elementor-element elementor-element-17417e68\" data-id=\"17417e68\" data-element_type=\"column\">\n\t\t\t<div class=\"elementor-column-wrap elementor-element-populated\">\n\t\t\t\t\t\t\t<div class=\"elementor-widget-wrap\">\n\t\t\t\t\t\t<div class=\"elementor-element elementor-element-bc42118 elementor-button-align-start elementor-widget elementor-widget-form\" data-id=\"bc42118\" data-element_type=\"widget\" data-settings=\"{&quot;button_width&quot;:&quot;33&quot;,&quot;step_next_label&quot;:&quot;Next&quot;,&quot;step_previous_label&quot;:&quot;Previous&quot;,&quot;step_type&quot;:&quot;progress_bar&quot;}\" data-widget_type=\"form.default\">\n\t\t\t\t<div class=\"elementor-widget-container\">\n\t\t\t\t\t<form class=\"elementor-form\" method=\"post\" name=\"\u0130leti\u015fim Formu\">\n\t\t\t<input type=\"hidden\" name=\"post_id\" value=\"758\"\/>\n\t\t\t<input type=\"hidden\" name=\"form_id\" value=\"bc42118\"\/>\n\t\t\t<input type=\"hidden\" name=\"referer_title\" value=\"\" \/>\n\n\t\t\t\n\t\t\t<div class=\"elementor-form-fields-wrapper elementor-labels-\">\n\t\t\t\t\t\t\t\t<div class=\"elementor-field-type-text elementor-field-group elementor-column elementor-field-group-name elementor-col-100\">\n\t\t\t\t\t\t\t\t\t\t\t\t<label for=\"form-field-name\" class=\"elementor-field-label elementor-screen-only\">\n\t\t\t\t\t\t\t\tAd Soyad\t\t\t\t\t\t\t<\/label>\n\t\t\t\t\t\t\t\t\t\t\t\t\t\t<input size=\"1\" type=\"text\" name=\"form_fields[name]\" id=\"form-field-name\" class=\"elementor-field elementor-size-sm  elementor-field-textual\" placeholder=\"Ad Soyad\">\n\t\t\t\t\t\t\t\t\t\t\t<\/div>\n\t\t\t\t\t\t\t\t<div class=\"elementor-field-type-email elementor-field-group elementor-column elementor-field-group-email elementor-col-100 elementor-field-required\">\n\t\t\t\t\t\t\t\t\t\t\t\t<label for=\"form-field-email\" class=\"elementor-field-label elementor-screen-only\">\n\t\t\t\t\t\t\t\tE-Posta\t\t\t\t\t\t\t<\/label>\n\t\t\t\t\t\t\t\t\t\t\t\t\t\t<input size=\"1\" type=\"email\" name=\"form_fields[email]\" id=\"form-field-email\" class=\"elementor-field elementor-size-sm  elementor-field-textual\" placeholder=\"E-Posta\" required=\"required\" aria-required=\"true\">\n\t\t\t\t\t\t\t\t\t\t\t<\/div>\n\t\t\t\t\t\t\t\t<div class=\"elementor-field-type-tel elementor-field-group elementor-column elementor-field-group-field_telefon elementor-col-100 elementor-field-required\">\n\t\t\t\t\t\t\t\t\t\t\t\t<label for=\"form-field-field_telefon\" class=\"elementor-field-label elementor-screen-only\">\n\t\t\t\t\t\t\t\tTelefon\t\t\t\t\t\t\t<\/label>\n\t\t\t\t\t\t\t\t<input size=\"1\" type=\"tel\" name=\"form_fields[field_telefon]\" id=\"form-field-field_telefon\" class=\"elementor-field elementor-size-sm  elementor-field-textual\" placeholder=\"Telefon\" required=\"required\" aria-required=\"true\" pattern=\"[0-9()#&amp;+*-=.]+\" title=\"Only numbers and phone characters (#, -, *, etc) are accepted.\">\n\n\t\t\t\t\t\t<\/div>\n\t\t\t\t\t\t\t\t<div class=\"elementor-field-type-select elementor-field-group elementor-column elementor-field-group-field_konu elementor-col-100 elementor-field-required\">\n\t\t\t\t\t\t\t\t\t\t\t\t<label for=\"form-field-field_konu\" class=\"elementor-field-label elementor-screen-only\">\n\t\t\t\t\t\t\t\tKonu\t\t\t\t\t\t\t<\/label>\n\t\t\t\t\t\t\t\t<div class=\"elementor-field elementor-select-wrapper \">\n\t\t\t<select name=\"form_fields[field_konu]\" id=\"form-field-field_konu\" class=\"elementor-field-textual elementor-size-sm\" required=\"required\" aria-required=\"true\">\n\t\t\t\t\t\t\t\t\t<option value=\"Se\u00e7iniz\">Se\u00e7iniz<\/option>\n\t\t\t\t\t\t\t\t\t<option value=\"Bilgi Edinme\">Bilgi Edinme<\/option>\n\t\t\t\t\t\t\t\t\t<option value=\"Sipari\u015f Talebi\">Sipari\u015f Talebi<\/option>\n\t\t\t\t\t\t\t\t\t<option value=\"Sipari\u015f \u0130ptali\">Sipari\u015f \u0130ptali<\/option>\n\t\t\t\t\t\t\t\t\t<option value=\"\u00d6neri ve Tavsiye\">\u00d6neri ve Tavsiye<\/option>\n\t\t\t\t\t\t\t\t\t<option value=\"\u015eikayet\">\u015eikayet<\/option>\n\t\t\t\t\t\t\t\t\t<option value=\"\"><\/option>\n\t\t\t\t\t\t\t\t\t<option value=\"\"><\/option>\n\t\t\t\t\t\t\t<\/select>\n\t\t<\/div>\n\t\t\t\t\t\t<\/div>\n\t\t\t\t\t\t\t\t<div class=\"elementor-field-type-textarea elementor-field-group elementor-column elementor-field-group-message elementor-col-100\">\n\t\t\t\t\t\t\t\t\t\t\t\t<label for=\"form-field-message\" class=\"elementor-field-label elementor-screen-only\">\n\t\t\t\t\t\t\t\tMesaj\u0131n\u0131z\t\t\t\t\t\t\t<\/label>\n\t\t\t\t\t\t<textarea class=\"elementor-field-textual elementor-field  elementor-size-sm\" name=\"form_fields[message]\" id=\"form-field-message\" rows=\"4\" placeholder=\"Mesaj\u0131n\u0131z\"><\/textarea>\t\t\t\t<\/div>\n\t\t\t\t\t\t\t\t<div class=\"elementor-field-group elementor-column elementor-field-type-submit elementor-col-33 e-form__buttons\">\n\t\t\t\t\t<button type=\"submit\" class=\"elementor-button elementor-size-sm\">\n\t\t\t\t\t\t<span >\n\t\t\t\t\t\t\t\t\t\t\t\t\t\t\t<span class=\" elementor-button-icon\">\n\t\t\t\t\t\t\t\t\t\t\t\t\t\t\t\t\t\t\t\t\t\t\t\t\t\t<\/span>\n\t\t\t\t\t\t\t\t\t\t\t\t\t\t\t\t\t\t\t\t\t\t<span class=\"elementor-button-text\">Mesaj\u0131 \u0130let<\/span>\n\t\t\t\t\t\t\t\t\t\t\t\t\t<\/span>\n\t\t\t\t\t<\/button>\n\t\t\t\t<\/div>\n\t\t\t<\/div>\n\t\t<\/form>\n\t\t\t\t<\/div>\n\t\t\t\t<\/div>\n\t\t\t\t\t\t<\/div>\n\t\t\t\t\t<\/div>\n\t\t<\/div>\n\t\t\t\t\t\t\t\t<\/div>\n\t\t\t\t\t<\/div>\n\t\t<\/section>\n\t\t\t\t\t\t<\/div>\n\t\t\t\t\t\t<\/div>\n\t\t\t\t\t<\/div>\n\t\t","protected":false},"excerpt":{"rendered":"<p>Geli\u015fen \u00c7ocu\u011fum Kadrosunda yer alan tecr\u00fcbeli uzmanlar\u0131m\u0131z ile ; \u015eirketlere ve Okul \u00d6ncesi E\u011fitim Kurumlar\u0131na a\u015fa\u011f\u0131daki iki alanda dan\u0131\u015fmanl\u0131k hizmeti verilmektedir. E\u011fitim Dan\u0131\u015fmanl\u0131\u011f\u0131 ; \u00c7ocuklar\u0131n geli\u015fim s\u00fcrecini desteklemek ve zenginle\u015ftirici ya\u015fant\u0131lar sunarak her \u00e7ocu\u011fun bireysel \u00f6zelliklerine uygun b\u00fct\u00fcnc\u00fcl bir geli\u015fim ortam\u0131 olu\u015fturmak, \u0130lgili ya\u015f grubunun t\u00fcm\u00fcn\u00fc, \u00f6zellikle de risk alt\u0131ndaki \u00e7ocuklar\u0131n geli\u015fimsel problemlerinin erken tan\u0131lanmas\u0131 [&hellip;]<\/p>\n","protected":false},"author":1,"featured_media":0,"parent":0,"menu_order":0,"comment_status":"closed","ping_status":"closed","template":"elementor_header_footer","meta":{"spay_email":""},"_links":{"self":[{"href":"https:\/\/www.gelisencocugum.com\/TR\/wp-json\/wp\/v2\/pages\/758"}],"collection":[{"href":"https:\/\/www.gelisencocugum.com\/TR\/wp-json\/wp\/v2\/pages"}],"about":[{"href":"https:\/\/www.gelisencocugum.com\/TR\/wp-json\/wp\/v2\/types\/page"}],"author":[{"embeddable":true,"href":"https:\/\/www.gelisencocugum.com\/TR\/wp-json\/wp\/v2\/users\/1"}],"replies":[{"embeddable":true,"href":"https:\/\/www.gelisencocugum.com\/TR\/wp-json\/wp\/v2\/comments?post=758"}],"version-history":[{"count":13,"href":"https:\/\/www.gelisencocugum.com\/TR\/wp-json\/wp\/v2\/pages\/758\/revisions"}],"predecessor-version":[{"id":772,"href":"https:\/\/www.gelisencocugum.com\/TR\/wp-json\/wp\/v2\/pages\/758\/revisions\/772"}],"wp:attachment":[{"href":"https:\/\/www.gelisencocugum.com\/TR\/wp-json\/wp\/v2\/media?parent=758"}],"curies":[{"name":"wp","href":"https:\/\/api.w.org\/{rel}","templated":true}]}}