{"id":506,"date":"2020-11-22T20:12:32","date_gmt":"2020-11-22T20:12:32","guid":{"rendered":"https:\/\/www.gelisencocugum.com\/TR\/?post_type=product&#038;p=506"},"modified":"2025-12-02T10:49:07","modified_gmt":"2025-12-02T10:49:07","slug":"siginak-stem-hikayeleri","status":"publish","type":"product","link":"https:\/\/www.gelisencocugum.com\/TR\/urun\/siginak-stem-hikayeleri\/","title":{"rendered":"S\u0131\u011f\u0131nak &#8211; Stem Hikayeleri"},"content":{"rendered":"<table>\n<tbody>\n<tr>\n<td class=\"no-border\">\n<div id=\"productDescriptionContent\">\n<p><span style=\"color: #333399\">Ge\u00e7mi\u015ften g\u00fcn\u00fcm\u00fcze t\u00fcm \u00e7al\u0131\u015fma ve bilim alanlar\u0131na bak\u0131ld\u0131\u011f\u0131nda disiplinleraras\u0131 i\u015fbirli\u011fi \u00e7er\u00e7evesinde \u00e7al\u0131\u015fman\u0131n \u00e7ok \u00f6nemli oldu\u011fu g\u00f6r\u00fcl\u00fcr. Son y\u0131llarda olduk\u00e7a \u00fczerinde durulan STEM e\u011fitimi de disiplinleraras\u0131 \u00e7al\u0131\u015fma bak\u0131\u015f a\u00e7\u0131s\u0131 i\u00e7in kilit bir e\u011fitim modeli olarak yorumlanabilir.<\/span><\/p>\n<p><span style=\"color: #333399\"><strong>STEM Hik\u00e2yeleri<\/strong>, problem durumunu farkl\u0131 disiplinleri bir araya getirerek Bilimi Seven Bayku\u015f, Teknoloji Dehas\u0131 Tilki, M\u00fchendislik Ustas\u0131 Kunduz ve Matematik Merakl\u0131s\u0131 Karga\u2019n\u0131n bilgi ve becerileriyle \u00e7\u00f6z\u00fcm\u00fcn\u00fc anlatmaktad\u0131r.<\/span><\/p>\n<\/div>\n<\/td>\n<\/tr>\n<\/tbody>\n<\/table>\n<div id=\"ctl00_ContentPlaceHolder1_ProductControl1_MainControl1_TabControl1_ProductDescription1_CustomContentBottom\">\n<table class=\"data-list tech-spec\" style=\"height: 173px\" width=\"525\">\n<tbody>\n<tr>\n<th style=\"text-align: left\"><span style=\"color: #333399\">Bas\u0131m Dili<\/span><\/th>\n<td style=\"text-align: left\"><span style=\"color: #333399\">T\u00fcrk\u00e7e<\/span><\/td>\n<\/tr>\n<tr>\n<th style=\"text-align: left\"><span style=\"color: #333399\">Boyut<\/span><\/th>\n<td><span style=\"color: #333399\">Normal Boy<\/span><\/td>\n<\/tr>\n<tr>\n<th style=\"text-align: left\"><span style=\"color: #333399\">Cilt Durumu<\/span><\/th>\n<td><span style=\"color: #333399\">Ciltsiz<\/span><\/td>\n<\/tr>\n<tr>\n<th style=\"text-align: left\"><span style=\"color: #333399\">Sayfa Say\u0131s\u0131<\/span><\/th>\n<td><span style=\"color: #333399\">32<\/span><\/td>\n<\/tr>\n<tr>\n<th style=\"text-align: left\"><span style=\"color: #333399\">Yay\u0131n Tarihi<\/span><\/th>\n<td><span style=\"color: #333399\">2019<\/span><\/td>\n<\/tr>\n<tr>\n<th style=\"text-align: left\"><span style=\"color: #333399\">Yazarlar<\/span><\/th>\n<td><span style=\"color: #333399\">Emin Demir, S\u0131rma Seda Bapo\u011flu D\u00fcmenci<\/span><\/td>\n<\/tr>\n<\/tbody>\n<\/table>\n<\/div>\n","protected":false},"excerpt":{"rendered":"<p>Ge\u00e7mi\u015ften g\u00fcn\u00fcm\u00fcze t\u00fcm \u00e7al\u0131\u015fma ve bilim alanlar\u0131na bak\u0131ld\u0131\u011f\u0131nda disiplinleraras\u0131 i\u015fbirli\u011fi \u00e7er\u00e7evesinde \u00e7al\u0131\u015fman\u0131n \u00e7ok \u00f6nemli oldu\u011fu g\u00f6r\u00fcl\u00fcr. Son y\u0131llarda olduk\u00e7a \u00fczerinde durulan STEM e\u011fitimi de disiplinleraras\u0131 \u00e7al\u0131\u015fma bak\u0131\u015f a\u00e7\u0131s\u0131 i\u00e7in kilit bir e\u011fitim modeli olarak yorumlanabilir. STEM Hik\u00e2yeleri, problem durumunu farkl\u0131 disiplinleri bir araya getirerek Bilimi Seven Bayku\u015f, Teknoloji Dehas\u0131 Tilki, M\u00fchendislik Ustas\u0131 Kunduz ve Matematik [&hellip;]<\/p>\n","protected":false},"featured_media":507,"comment_status":"open","ping_status":"closed","template":"","meta":{"spay_email":""},"_links":{"self":[{"href":"https:\/\/www.gelisencocugum.com\/TR\/wp-json\/wp\/v2\/product\/506"}],"collection":[{"href":"https:\/\/www.gelisencocugum.com\/TR\/wp-json\/wp\/v2\/product"}],"about":[{"href":"https:\/\/www.gelisencocugum.com\/TR\/wp-json\/wp\/v2\/types\/product"}],"replies":[{"embeddable":true,"href":"https:\/\/www.gelisencocugum.com\/TR\/wp-json\/wp\/v2\/comments?post=506"}],"wp:featuredmedia":[{"embeddable":true,"href":"https:\/\/www.gelisencocugum.com\/TR\/wp-json\/wp\/v2\/media\/507"}],"wp:attachment":[{"href":"https:\/\/www.gelisencocugum.com\/TR\/wp-json\/wp\/v2\/media?parent=506"}],"curies":[{"name":"wp","href":"https:\/\/api.w.org\/{rel}","templated":true}]}}