{"id":703,"date":"2021-01-27T07:00:55","date_gmt":"2021-01-27T07:00:55","guid":{"rendered":"https:\/\/www.gelisencocugum.com\/TR\/?post_type=product&#038;p=703"},"modified":"2025-12-02T10:50:09","modified_gmt":"2025-12-02T10:50:09","slug":"stem-temelli-etkinlikler","status":"publish","type":"product","link":"https:\/\/www.gelisencocugum.com\/TR\/urun\/stem-temelli-etkinlikler\/","title":{"rendered":"Stem Temelli Etkinlikler"},"content":{"rendered":"<p><span style=\"color: #333399\"><strong>B<\/strong>ilim, <strong>T<\/strong>eknoloji, <strong>M<\/strong>\u00fchendislik ve birde <strong>M<\/strong>atematik. D\u00f6rt farkl\u0131 disiplinin bir araya gelmesi, problemlerin \u00e7\u00f6z\u00fcmlenmesinde kolayl\u0131k sa\u011fl\u0131yor.<\/span><\/p>\n<p><span style=\"color: #333399\">Ama; okul \u00f6ncesi d\u00f6neminden itibaren s\u0131n\u0131rl\u0131 bilgi d\u00fczeyine sahip olan \u00e7ocuklar, bu problemleri nas\u0131l \u00e7\u00f6zecek?<\/span><\/p>\n<p><span style=\"color: #333399\">\u0130\u015fte &#8220;<strong>Geli\u015fimin Desteklenmesinde\u00a0 Stem Temelli Etkinlikler<\/strong>&#8221; kitab\u0131, bu ama\u00e7la, alanda uzman akademisyenler taraf\u0131ndan haz\u0131rland\u0131.<\/span><\/p>\n<p><span style=\"color: #333399\">Ayr\u0131ca alanda faal olarak hizmet verenlerin g\u00f6r\u00fc\u015fleri ve tecr\u00fcbeleri, kitab\u0131n haz\u0131rlanmas\u0131na \u0131\u015f\u0131k tuttu.\u00a0<\/span><\/p>\n<table style=\"height: 225px\" width=\"592\">\n<tbody>\n<tr>\n<td width=\"102\"><span style=\"color: #333399\">Bas\u0131m Dili<\/span><\/td>\n<td width=\"378\"><span style=\"color: #333399\">T\u00fcrk\u00e7e<\/span><\/td>\n<\/tr>\n<tr>\n<td width=\"102\"><span style=\"color: #333399\">Boyut<\/span><\/td>\n<td width=\"378\"><span style=\"color: #333399\">Normal Boy<\/span><\/td>\n<\/tr>\n<tr>\n<td width=\"102\"><span style=\"color: #333399\">Cilt Durumu<\/span><\/td>\n<td width=\"378\"><span style=\"color: #333399\">Ciltsiz<\/span><\/td>\n<\/tr>\n<tr>\n<td width=\"102\"><span style=\"color: #333399\">Sayfa Say\u0131s\u0131<\/span><\/td>\n<td width=\"378\"><span style=\"color: #333399\">32<\/span><\/td>\n<\/tr>\n<tr>\n<td width=\"102\"><span style=\"color: #333399\">Yay\u0131n Tarihi<\/span><\/td>\n<td width=\"378\"><span style=\"color: #333399\">2021<\/span><\/td>\n<\/tr>\n<tr>\n<td width=\"102\"><span style=\"color: #333399\">Yazarlar<\/span><\/td>\n<td width=\"378\"><span style=\"color: #333399\">S. Seda Bapo\u011flu D\u00fcmenci, Emin Demir, M\u00fcdriye Y\u0131ld\u0131z B\u0131\u00e7ak\u00e7\u0131<\/span><\/td>\n<\/tr>\n<\/tbody>\n<\/table>\n","protected":false},"excerpt":{"rendered":"<p>Bilim, Teknoloji, M\u00fchendislik ve birde Matematik. D\u00f6rt farkl\u0131 disiplinin bir araya gelmesi, problemlerin \u00e7\u00f6z\u00fcmlenmesinde kolayl\u0131k sa\u011fl\u0131yor. Ama; okul \u00f6ncesi d\u00f6neminden itibaren s\u0131n\u0131rl\u0131 bilgi d\u00fczeyine sahip olan \u00e7ocuklar, bu problemleri nas\u0131l \u00e7\u00f6zecek? \u0130\u015fte &#8220;Geli\u015fimin Desteklenmesinde\u00a0 Stem Temelli Etkinlikler&#8221; kitab\u0131, bu ama\u00e7la, alanda uzman akademisyenler taraf\u0131ndan haz\u0131rland\u0131. Ayr\u0131ca alanda faal olarak hizmet verenlerin g\u00f6r\u00fc\u015fleri ve tecr\u00fcbeleri, kitab\u0131n [&hellip;]<\/p>\n","protected":false},"featured_media":856,"comment_status":"open","ping_status":"closed","template":"","meta":{"spay_email":""},"_links":{"self":[{"href":"https:\/\/www.gelisencocugum.com\/TR\/wp-json\/wp\/v2\/product\/703"}],"collection":[{"href":"https:\/\/www.gelisencocugum.com\/TR\/wp-json\/wp\/v2\/product"}],"about":[{"href":"https:\/\/www.gelisencocugum.com\/TR\/wp-json\/wp\/v2\/types\/product"}],"replies":[{"embeddable":true,"href":"https:\/\/www.gelisencocugum.com\/TR\/wp-json\/wp\/v2\/comments?post=703"}],"wp:featuredmedia":[{"embeddable":true,"href":"https:\/\/www.gelisencocugum.com\/TR\/wp-json\/wp\/v2\/media\/856"}],"wp:attachment":[{"href":"https:\/\/www.gelisencocugum.com\/TR\/wp-json\/wp\/v2\/media?parent=703"}],"curies":[{"name":"wp","href":"https:\/\/api.w.org\/{rel}","templated":true}]}}