{"id":857,"date":"2021-01-28T20:44:19","date_gmt":"2021-01-28T20:44:19","guid":{"rendered":"https:\/\/www.gelisencocugum.com\/TR\/?post_type=product&#038;p=857"},"modified":"2025-12-02T10:49:40","modified_gmt":"2025-12-02T10:49:40","slug":"stem-2li-set","status":"publish","type":"product","link":"https:\/\/www.gelisencocugum.com\/TR\/urun\/stem-2li-set\/","title":{"rendered":"Stem 2&#8217;li Set"},"content":{"rendered":"<p><span style=\"color: #333399\"><strong>B<\/strong>ilim, <strong>T<\/strong>eknoloji, <strong>M<\/strong>\u00fchendislik ve birde <strong>M<\/strong>atematik. D\u00f6rt farkl\u0131 disiplinin bir araya gelmesi, problemlerin \u00e7\u00f6z\u00fcmlenmesinde kolayl\u0131k sa\u011fl\u0131yor.<\/span><\/p>\n<p><span style=\"color: #333399\">Ama; okul \u00f6ncesi d\u00f6neminden itibaren s\u0131n\u0131rl\u0131 bilgi d\u00fczeyine sahip olan \u00e7ocuklar, bu problemleri nas\u0131l \u00e7\u00f6zecek?<\/span><\/p>\n<p><span style=\"color: #333399\">\u0130\u015fte &#8220;<strong>Geli\u015fimin Desteklenmesinde\u00a0 Stem Temelli Etkinlikler<\/strong>&#8221; kitab\u0131, bu ama\u00e7la, alanda uzman akademisyenler taraf\u0131ndan haz\u0131rland\u0131.<\/span><\/p>\n<p><span style=\"color: #333399\">Ayr\u0131ca alanda faal olarak hizmet verenlerin g\u00f6r\u00fc\u015fleri ve tecr\u00fcbeleri, kitab\u0131n haz\u0131rlanmas\u0131na \u0131\u015f\u0131k tuttu.\u00a0<\/span><\/p>\n<p><span style=\"color: #333399\">Etkinlik kitab\u0131n\u0131 destekleyen, <strong>&#8220;Stem Hikayeleri-S\u0131\u011f\u0131nak&#8221;<\/strong> kitab\u0131 ile birlikte 2&#8217;li set halinde indirimli olarak sat\u0131n alabilirsiniz.<\/span><\/p>\n<p>&nbsp;<\/p>\n","protected":false},"excerpt":{"rendered":"<p>Bilim, Teknoloji, M\u00fchendislik ve birde Matematik. D\u00f6rt farkl\u0131 disiplinin bir araya gelmesi, problemlerin \u00e7\u00f6z\u00fcmlenmesinde kolayl\u0131k sa\u011fl\u0131yor. Ama; okul \u00f6ncesi d\u00f6neminden itibaren s\u0131n\u0131rl\u0131 bilgi d\u00fczeyine sahip olan \u00e7ocuklar, bu problemleri nas\u0131l \u00e7\u00f6zecek? \u0130\u015fte &#8220;Geli\u015fimin Desteklenmesinde\u00a0 Stem Temelli Etkinlikler&#8221; kitab\u0131, bu ama\u00e7la, alanda uzman akademisyenler taraf\u0131ndan haz\u0131rland\u0131. Ayr\u0131ca alanda faal olarak hizmet verenlerin g\u00f6r\u00fc\u015fleri ve tecr\u00fcbeleri, kitab\u0131n [&hellip;]<\/p>\n","protected":false},"featured_media":859,"comment_status":"open","ping_status":"closed","template":"","meta":{"spay_email":""},"_links":{"self":[{"href":"https:\/\/www.gelisencocugum.com\/TR\/wp-json\/wp\/v2\/product\/857"}],"collection":[{"href":"https:\/\/www.gelisencocugum.com\/TR\/wp-json\/wp\/v2\/product"}],"about":[{"href":"https:\/\/www.gelisencocugum.com\/TR\/wp-json\/wp\/v2\/types\/product"}],"replies":[{"embeddable":true,"href":"https:\/\/www.gelisencocugum.com\/TR\/wp-json\/wp\/v2\/comments?post=857"}],"wp:featuredmedia":[{"embeddable":true,"href":"https:\/\/www.gelisencocugum.com\/TR\/wp-json\/wp\/v2\/media\/859"}],"wp:attachment":[{"href":"https:\/\/www.gelisencocugum.com\/TR\/wp-json\/wp\/v2\/media?parent=857"}],"curies":[{"name":"wp","href":"https:\/\/api.w.org\/{rel}","templated":true}]}}